

{"id":29138,"date":"2024-06-04T18:27:37","date_gmt":"2024-06-04T16:27:37","guid":{"rendered":"https:\/\/druckereisaas.ch\/?page_id=29138"},"modified":"2025-05-30T06:26:36","modified_gmt":"2025-05-30T04:26:36","slug":"allgemeine-geschaeftsbedingungen","status":"publish","type":"page","link":"https:\/\/druckereisaas.ch\/fr\/allgemeine-geschaeftsbedingungen\/","title":{"rendered":"Allgemeine Gesch\u00e4ftsbedingungen"},"content":{"rendered":"<p><strong><a href=\"#impressum\">-&gt; Impressum<\/a><\/strong><\/p>\n\n\n\n<p><strong><a href=\"https:\/\/druckereisaas.ch\/fr\/datenschutz\/\" data-type=\"page\" data-id=\"30726\">-&gt; Datenschutz<\/a><\/strong><\/p>\n\n\n\n<div style=\"height:50px\" aria-hidden=\"true\" class=\"wp-block-spacer\"><\/div>\n\n\n\n<h4 class=\"wp-block-heading\"><strong>Allgemeine Gesch\u00e4ftsbedingungen (AGB) und Kundeninformationen in der Fassung vom 03.05.2021<\/strong><\/h4>\n\n\n\n<p><strong>A. Allgemeine Gesch\u00e4ftsbedingungen<\/strong><\/p>\n\n\n\n<p><strong>1. Allgemeines &#8211; Geltung der Bedingungen<\/strong><\/p>\n\n\n\n<p>Wir schliessen Vertr\u00e4ge ausschliesslich unter Einbeziehung der vorliegenden allgemeinen Gesch\u00e4ftsbedingungen (AGB) ab. Diese gelten auch f\u00fcr alle k\u00fcnftigen Gesch\u00e4ftsbeziehungen, auch wenn sie nicht nochmals ausdr\u00fccklich vereinbart werden. Entgegenstehende oder von unseren AGB abweichende Bedingungen des Kunden erkennen wir nicht an, es sei denn, sie wurden von My Print Group GmbH vor Vertragsschluss ausdr\u00fccklich anerkannt. Sie gelten dann nur f\u00fcr den jeweiligen Vertrag, f\u00fcr den sie vereinbart wurden. Unsere AGB gelten auch dann, wenn wir in Kenntnis entgegenstehender oder von unseren AGB abweichenden Bedingungen des Kunden die Lieferung an den Kunden vorbehaltlos ausf\u00fchren.<\/p>\n\n\n\n<p><strong>2. Kommunikation mit dem Kunden<\/strong><\/p>\n\n\n\n<p>Der Kunde hat sp\u00e4testens bei der Erteilung des Auftrages eine Adresse f\u00fcr elektronische Post (E-Mail-Adresse) anzugeben, deren technische Funktionsf\u00e4higkeit er vom Zeitpunkt der Auftragserteilung bis zum endg\u00fcltigen Abschluss des Auftrages gew\u00e4hrleistet. Insbesondere hat der Kunde durch seine Spameinstellung zu gew\u00e4hrleisten, dass ihn E-Mails von My Print Group GmbH erreichen. Diese E-Mail-Adresse gilt bis auf Widerruf oder \u00c4nderungsmitteilung durch den Kunden. Es werden keine anderen Kommunikationsmittel verwendet, ausser die Firma My Print Group GmbH macht dies in eigener Initiative.<\/p>\n\n\n\n<p>Mitteilungen von My Print Group GmbH, die per E-Mail an die E-Mail-Adresse des Kunden gesendet werden, gelten nach ihrer Absendung als beim Kunden zugesendet. F\u00fcr \u00dcbertragungs-Fehler steht My Print Group GmbH nur ein, wenn deren Ursache in der eigenen Sache begr\u00fcndet ist. Dem Kunden bleibt der Nachweis gestattet, dass eine an ihn abgesendete Mitteilung aus Gr\u00fcnden, die ausserhalb seines ermessen liegen, bei ihm nicht eingegangen ist.<\/p>\n\n\n\n<p><strong>3. Angebot und Vertragsschluss<\/strong><\/p>\n\n\n\n<p>Mit dem Absenden einer Bestellung geht der Kunde mit der Firma My Print Group GmbH ein Vertragsabschluss ein. Mit Zugang der Auftragsbest\u00e4tigung der My Print Group GmbH per E-Mail beim Kunden kommt ein rechtsverbindlicher Kaufvertrag zustande. Wird vom Kunden eine abweichende Lieferanschrift angegeben, so kommt der Vertrag gleichwohl mit dem Kunden zustande. In allen anderen F\u00e4llen ist die abweichende Lieferanschrift f\u00fcr das Zustandekommen des Vertrages unbeachtlich.<\/p>\n\n\n\n<p>My Print Group GmbH beh\u00e4lt sich das Recht vor, Auftr\u00e4ge abzulehnen und bereits geschlossene Vertr\u00e4ge ausserordentlich und fristlos zu k\u00fcndigen, sofern sich aus den \u00fcbermittelten Druckdaten rechts- oder sittenwidrige Inhalte gem\u00e4ss schweizerischem Recht ergeben.<\/p>\n\n\n\n<p>W\u00fcnscht der Kunde die Bestellung zu Stornieren, wird dem Kunden ein Gutschein im Wert der Bestellung ausgestellt. Falls der Kunde das Geld zur\u00fcck fordert, fallen Bearbeitungsgeb\u00fchren von CHF 20.- an.<\/p>\n\n\n\n<p>Die My Print Group GmbH ist nicht verpflichtet, Auftr\u00e4ge des Kunden in der Schweiz zu produzieren.<\/p>\n\n\n\n<p><strong>4. Preise und Rechnungslegung<\/strong><\/p>\n\n\n\n<p>Die in der Auftragsbest\u00e4tigung angegebenen Preise sind exklusive Verpackung, Fracht, Porto und die gesetzliche Umsatzsteuer.<\/p>\n\n\n\n<p>Die genannten Preise gelten unter dem Vorbehalt. Kosten, die durch nachtr\u00e4gliche vom Kunden veranlasste \u00c4nderungen bedingt sind, werden zus\u00e4tzlich berechnet.<\/p>\n\n\n\n<p>Die Kosten f\u00fcr den Versand beinhalten die einmalige Versendung an die vom Kunden angegebene Lieferadresse.<\/p>\n\n\n\n<p>My Print Group GmbH versendet Rechnungen ausschliesslich per E-Mail. Diese Rechnungen berechtigen uneingeschr\u00e4nkt zum Vorsteuerabzug, sofern sie unver\u00e4ndert ausgedruckt und in den Gesch\u00e4ftsb\u00fcchern aufbewahrt werden. Mit seinem Auftrag erkl\u00e4rt der Kunde sein Einverst\u00e4ndnis mit dieser Form der \u00dcbermittlung der Rechnung.<\/p>\n\n\n\n<p>MwSt und eventuelle Geb\u00fchren gehen zu Lasten des Kunden.<\/p>\n\n\n\n<p><strong>5. Liefer- und Leistungszeit<\/strong><\/p>\n\n\n\n<p>Angegebene Lieferzeiten gelten nur f\u00fcr Lieferungen innerhalb der Schweiz. Alle angegebenen Liefertermine sind keine Fixtermine. Ein Fixtermin muss von My Print Group GmbH ausdr\u00fccklich als solcher bezeichnet und best\u00e4tigt worden sein. Die Lieferzeit beginnt nach Eingang der vom Kunden unterzeichneten Auftragsbest\u00e4tigung. Die Firma My Print Group GmbH muss bei erhalt der Auftragsbest\u00e4tigung im Besitz s\u00e4mtlicher Produktions- und Druckdaten sein. Nur dies erm\u00f6glicht einen reibungslosen Ablauf. Hat der Kunde als Zahlungsart \u201eVorkasse\u201c gew\u00e4hlt, so wird der Auftrag erst nach Zahlungseingang bearbeitet. Der Beginn der Lieferzeit verschiebt sich entsprechend. Die Lieferzeit ist in Werktagen angegeben. Werktage sind Montag bis Freitag, ausgenommen gesetzliche Feiertage. Sofern My Print Group GmbH keine andere Vereinbarung eingegangen ist, besteht f\u00fcr die My Print Group GmbH vor Eingang der Zahlung jedoch in keinem Falle eine Lieferverpflichtung.<\/p>\n\n\n\n<p>Zustellungen f\u00fcr Samstag sind nur durch Mond Express Zustellung m\u00f6glich. Diese Kosten werden separat verrechnet. Diese Zusatzleistung ist nicht im Preis der VIP Lieferung inbegriffen.<\/p>\n\n\n\n<p>Die Einhaltung der Lieferzeit setzt die rechtzeitige und ordnungsgem\u00e4sse Erf\u00fcllung der Pflichten des Kunden voraus.<\/p>\n\n\n\n<p>Wird der vereinbarte Liefertermin durch die My Print Group GmbH nicht eingehalten, so hat der Kunde zun\u00e4chst schriftlich eine angemessene Nachfrist zu setzen. Nach erfolglosem Ablauf der Nachfrist kann der Kunde vom Vertrag zur\u00fccktreten.<\/p>\n\n\n\n<p>Die My Print Group GmbH haftet in keinem Falle f\u00fcr allf\u00e4llige Versp\u00e4tungssch\u00e4den oder f\u00fcr ein allf\u00e4lliges Erf\u00fcllungsinteresse des Kunden, es sei denn, die My Print Group GmbH habe den Schaden vors\u00e4tzlich oder grobfahrl\u00e4ssig herbeigef\u00fchrt.<\/p>\n\n\n\n<p>Liefer- und Leistungsverz\u00f6gerungen aufgrund h\u00f6herer Gewalt und aufgrund von Ereignissen, die der My Print Group GmbH die Lieferung wesentlich erschweren oder unm\u00f6glich machen (insbesondere Streik, Aussperrung, beh\u00f6rdliche Anordnungen und andere unvorhergesehene Hindernisse) und die ausserhalb des Willens der My Print Group GmbH liegen sowie nachweislich auf die Fertigstellung oder Ablieferung der Ware von erheblichen Einfluss sind, hat die My Print Group GmbH auch bei verbindlich vereinbarten Lieferterminen nicht zu vertreten. Sie berechtigen die My Print Group GmbH, die Lieferung bzw. Leistung, um die Dauer der Behinderung zuz\u00fcglich einer angemessenen Anlaufzeit hinauszuschieben oder wegen des noch nicht erf\u00fcllten Teils ganz oder teilweise vom Vertrag zur\u00fcckzutreten. Wird durch die oben genannten Umst\u00e4nde die Leistung unm\u00f6glich, so wird die My Print Group GmbH von der Leistungspflicht frei.<\/p>\n\n\n\n<p><strong>6. Druckdaten, Pr\u00fcfungspflicht<\/strong><\/p>\n\n\n\n<p>Die My Print Group GmbH f\u00fchrt alle Druckauftr\u00e4ge ausschliesslich auf Grundlage der vom Kunden \u00fcbermittelten Druckdaten aus. Diese Daten sind ausschliesslich in den Formaten und mit den Spezifikationen zu \u00fcbermitteln, die in den Kundeninformationen genannt sind. Bei abweichenden Datenformaten oder anderen Spezifikationen ist ein fehlerfreier Druck nicht gew\u00e4hrleistet.<\/p>\n\n\n\n<p>Der Kunde ist verpflichtet, die von ihm \u00fcbermittelten Druckdaten vor \u00dcbermittlung an My Print Group GmbH sorgf\u00e4ltig zu pr\u00fcfen, ob diese f\u00fcr den auszuf\u00fchrenden Druckauftrag geeignet sind. Eine \u00dcberpr\u00fcfung der Druckdaten durch die My Print Group GmbH erfolgt nicht. Die Gefahr etwaiger Fehler der Druckerzeugnisse infolge fehlerhafter Druckdaten tr\u00e4gt allein der Kunde.<\/p>\n\n\n\n<p>Auf ausdr\u00fccklichen Wunsch des Kunden werden, soweit technisch m\u00f6glich, auch andere als die in den Kundeninformationen angegebenen Formate verarbeitet. Sofern durch die Konvertierung der Daten in Formate, die von My Print Group GmbH verarbeitet werden k\u00f6nnen, Fehler entstehen, gehen diese nicht zu Lasten von My Print Group GmbH. Der Kunde erkl\u00e4rt, dass er das Risiko der Konvertierung selbst tr\u00e4gt.<\/p>\n\n\n\n<p>Werden Druckdaten nicht im CMYK-Modus \u00fcbermittelt, so kann die My Print Group GmbH die Daten konvertieren. Bei Konvertierung von RGB-Daten oder ICC Farbprofilen kommt es naturgem\u00e4ss zu Farbabweichungen vom Original. Die Haftung f\u00fcr derartige Farbabweichungen liegt ausschliesslich beim Kunden. Mit \u00dcbermittlung der Druckdaten in einem anderen als dem angegebenen CMYK-Modus erkl\u00e4rt der Kunde ausdr\u00fccklich, dass die Konvertierung auf sein Risiko erfolgt.<\/p>\n\n\n\n<p><strong>7. Beanstandungen<\/strong><\/p>\n\n\n\n<p>Die Ware ist sofort nach deren Erhalt zu pr\u00fcfen. Offensichtliche M\u00e4ngel an der gelieferten Ware sind innerhalb von f\u00fcnf Werktagen nach Erhalt bei der My Print Group GmbH schriftlich anzuzeigen. Zur Wahrung der Frist kommt es auf die rechtzeitige Absendung der Anzeige an.<\/p>\n\n\n\n<p>Beanstandungen, die lediglich darauf beruhen, dass der Kunde die Hinweise zu den Voraussetzungen f\u00fcr die Druckdaten nicht beachtet hat, k\u00f6nnen nicht erhoben werden. Dies gilt insbesondere f\u00fcr Drucksachen, die auf RGB Farben beruhen, bei denen die Aufl\u00f6sung zu niedrig ist oder bei denen Schriften verwendet wurden, die nicht eingebettet sind. Geringf\u00fcgige Farbabweichungen sind kein Mangel. Dies gilt auch bei Farbabweichungen zu einem fr\u00fcheren Auftrag, der bei My Print Group GmbH gedruckt wurde. F\u00fcr mutwillige Besch\u00e4digungen oder Besch\u00e4digung durch falsche Handhabung des Produkts, \u00fcbernimmt My Print Group GmbH keine Haftbarkeit.<\/p>\n\n\n\n<p>Versatz der Stanzlinie: Es kann im Produktionsprozess zu Verschiebungen der Stanzlinie kommen und einen Versatz im Endprodukt erfolgen. Dies kann aus verschiedenen Gr\u00fcnden vorkommen und ist von Fall zu Fall zu beurteilen, ob eine Beanstandung angebracht ist, Die Toleranz liegt bei 2mm Abweichung.<br>Besonders bei runden Formen mit schmaler Umrandung ist ein Versatz hinzunehmen.<\/p>\n\n\n\n<p>Handels\u00fcbliche Minder- oder Mehrlieferungen bis 10 % der bestellten Auflage sind vom Kunden hinzunehmen, berechnet wird die gelieferte Menge.<\/p>\n\n\n\n<p><strong>8. Gew\u00e4hrleistung<br><\/strong><br>Ist die gelieferte Ware mangelhaft oder fehlen ihr zugesicherte Eigenschaften, so hat die My Print Group GmbH nach ihrer Wahl unter Ausschluss weiterer Gew\u00e4hrleistungsanspr\u00fcche des Kunden Ersatz zu liefern oder nachzubessern. L\u00e4sst die My Print Group GmbH eine ihr gesetzte Nachfrist verstreichen, ohne Ersatz geleistet oder den Mangel behoben zu haben, oder schl\u00e4gt die Nachbesserung fehl, so kann der Kunde unter Ausschluss aller anderen Anspr\u00fcche vom Vertrag zur\u00fccktreten oder eine entsprechende Minderung des Kaufpreises verlangen. Die My Print Group GmbH haftet f\u00fcr Ersatzlieferungen und Nachbesserung Arbeiten im gleichen Umfang wie f\u00fcr die urspr\u00fcngliche Ware.<\/p>\n\n\n\n<p>Hat ein Teil der Lieferung M\u00e4ngel, so berechtigt dies nicht zur Beanstandung der gesamten Ware, es sei denn, es liegt ein derartig schwerwiegender Mangel vor, der eine Annahme der gesamten Ware unzumutbar macht. Die Unzumutbarkeit ist durch den Kunden nachzuweisen.<\/p>\n\n\n\n<p>Die Frist f\u00fcr s\u00e4mtliche M\u00e4ngelanspr\u00fcche betr\u00e4gt 3Monate nach Lieferdatum.<\/p>\n\n\n\n<p><strong>9. Haftung<\/strong><\/p>\n\n\n\n<p>My Print Group GmbH haftet nur f\u00fcr Sch\u00e4den, die am Liefergegenstand (direkte Sch\u00e4den) entstanden sind. Die My Print Group GmbH haftet jedoch nicht f\u00fcr Sch\u00e4den, die nicht am Liefergegenstand selbst entstanden sind (indirekte Sch\u00e4den) insbesondere nicht, f\u00fcr den entgangenen Gewinn oder sonstige Verm\u00f6genssch\u00e4den des Kunden. In jedem Fall trifft die My Print Group GmbH nur eine Haftung f\u00fcr Sch\u00e4den, die auf vors\u00e4tzliches oder grobfahrl\u00e4ssiges Verhalten zur\u00fcckzuf\u00fchren sind.<\/p>\n\n\n\n<p>Soweit die Haftung der My Print Group GmbH ausgeschlossen ist, gilt dies auch f\u00fcr die pers\u00f6nliche Haftung der Angestellten.<\/p>\n\n\n\n<p><strong>10. Eigentum, Archivierung, Urheberrecht<\/strong><\/p>\n\n\n\n<p>Die von der My Print Group GmbH zur Herstellung hergestellten und eingesetzten Drucktr\u00e4ger bleiben in deren Eigentum.<\/p>\n\n\n\n<p>Digitale Daten und andere zur Wiederverwendung ben\u00f6tigten Gegenst\u00e4nde sowie Halb- und Fertigerzeugnisse werden weder \u00fcber den Liefertermin hinaus bei der My Print Group GmbH aufbewahrt noch an den Kunden \u00fcbersandt.<\/p>\n\n\n\n<p>Die Erzeugnisse von My Print Group GmbH werden ausschliesslich auf Grund der inhaltlichen Vorgaben des Kunden in den \u00fcbermittelten Druckdaten erstellt. My Print Group GmbH hat auf den Inhalt der Druckerzeugnisse keinen Einfluss. Der Kunde versichert, dass er s\u00e4mtliche Rechte zur Nutzung, Weitergabe und Ver\u00f6ffentlichung der \u00fcbertragenen Daten, insbesondere im Hinblick auf Text- und Bildmaterial besitzt. Der Kunde haftet alleine daf\u00fcr, dass er keine Schutzrechte Dritter verletzt und die Inhalte seiner Drucksachen nicht gegen geltendes Recht der Schweiz verstossen. Der Kunde stellt die My Print Group GmbH, soweit diese wegen der Verletzung der Rechte Dritter, insbesondere wegen Urheberrechtsverletzungen, durch die Verwendung der vom Kunden \u00fcberlassenen Daten in Anspruch genommen wird, schadlos.<\/p>\n\n\n\n<p><strong>11. Eigentumsvorbehalt<\/strong><br>Die My Print Group GmbH beh\u00e4lt sich das Eigentum an den gelieferten Sachen bis zur vollst\u00e4ndigen Bezahlung der aus dem betreffenden Vertrag bestehenden Forderungen vor.<\/p>\n\n\n\n<p>Bei Zahlungsverzug des Kunden, ist die My Print Group GmbH berechtigt, die Kaufsache zur\u00fcckzunehmen. Der Kunde ist zur Herausgabe verpflichtet. In der Zur\u00fccknahme liegt kein R\u00fccktritt vom Vertrag, es sei denn, dies hat die My Print Group GmbH ausdr\u00fccklich erkl\u00e4rt.<\/p>\n\n\n\n<p><strong>12. Zahlungsf\u00e4lligkeit, Aufrechnung, Zur\u00fcckbehaltungsrecht<\/strong><\/p>\n\n\n\n<p>Sofern sich aus der Auftragsbest\u00e4tigung nichts anderes ergibt, ist der Bruttoendpreis sofort nach Vertragsschluss (Erhalt der Auftragsbest\u00e4tigung) zur Zahlung f\u00e4llig.<\/p>\n\n\n\n<p>Die Kosten des Zahlungsverkehrs tr\u00e4gt der Kunde.<\/p>\n\n\n\n<p><strong>13. Anwendbares Recht, Gerichtsstand, Teilnichtigkeit<\/strong><\/p>\n\n\n\n<p>F\u00fcr diese Gesch\u00e4ftsbedingungen und die gesamten Rechtsbeziehungen zwischen dem Verk\u00e4ufer und dem K\u00e4ufer gilt das schweizerische Recht.<\/p>\n\n\n\n<p>Gerichtsstand f\u00fcr alle sich aus dem Vertragsverh\u00e4ltnis ergebenden Streitigkeiten ist das am Gesch\u00e4ftssitz der My Print Group GmbH zust\u00e4ndige Gericht, sofern nicht Art. 22 des schweizerischen Gerichtsstands Gesetz betreffend Konsumentenvertr\u00e4ge zur Anwendung kommt. Die My Print Group GmbH ist jedoch berechtigt, den Besteller an jedem anderen gesetzlichen Gerichtsstand zu einzuklagen.<\/p>\n\n\n\n<p>Sollte eine Bestimmung in diesen Gesch\u00e4ftsbedingungen oder eine Bestimmung im Rahmen sonstiger Vereinbarungen unwirksam sein oder werden, so wird hiervon die Wirksamkeit aller sonstigen Bestimmungen oder Vereinbarungen nicht ber\u00fchrt.<\/p>\n\n\n\n<p><strong>14. Kundeninformationen<\/strong><\/p>\n\n\n\n<p>Mit diesen Kundeninformationen erf\u00fcllen wir unsere gesetzlichen Informationspflichten. Sie finden hier Informationen \u00fcber das Zustandekommen des Vertrages und seiner Durchf\u00fchrung.<\/p>\n\n\n\n<p>Diese Kundeninformationen stellen keine Vertragsbedingungen dar. Diese sind in unseren Allgemeinen Gesch\u00e4ftsbedingungen enthalten. S\u00e4mtliche Kundeninformationen und AGB\u2019s erhalten Sie nach Ihrer Bestellung als Anhang im PDF-Format mit der Auftragsbest\u00e4tigung noch einmal per Mail.<\/p>\n\n\n\n<p><strong>15. Informationen zum Anbieter<\/strong><\/p>\n\n\n\n<p>My Print Group GmbH<br>Oberwilerstrasse 3<br>8442 Hettlingen<\/p>\n\n\n\n<p>UID: CHE-497.490.874<\/p>\n\n\n\n<p>Kommunikationsdaten:<br>Tel: +41 27 957 45 52<br>E-Mail: <a href=\"mailto:info@myprintgroup.ch\">info@druckereisaas.ch<\/a><br>Internet: <a href=\"http:\/\/www.mysticker.ch\" rel=\"noopener\">www.druckereisaas.ch<\/a><\/p>\n\n\n\n<p>MWST-Nr.: CHE-497.490.874 MWST<\/p>\n\n\n\n<p><strong>16. Vertragssprache<\/strong><br>Vertragssprache ist deutsch.<\/p>\n\n\n\n<p><strong>17. Produktbeschreibung<\/strong><br>Eine Produktbeschreibung k\u00f6nnen sie sich jeweils beim ausgew\u00e4hlten Artikel ansehen.<\/p>\n\n\n\n<p><strong>18. Vertragsschluss<\/strong><br>Sie k\u00f6nnen sich individuell ein Produkt zusammenstellen. Haben Sie ein Produkt zusammengestellt, so gelangen Sie \u00fcber die Schaltfl\u00e4che \u201ezum Warenkorb\u201c zum Bestellvorgang. Sollten Sie feststellen, dass Daten falsch erfasst sind, haben Sie die M\u00f6glichkeit, diese vor dem Abschliessen der Bestellung \u00fcber die Schaltfl\u00e4che \u201eBestellung \u00e4ndern\u201c zu korrigieren. Durch Anklicken der Schaltfl\u00e4che &#8222;Bestellung abschliessen&#8220; geben Sie eine verbindliche Bestellung ab. Der Eingang der Bestellung wird Ihnen unmittelbar nach dem Absenden der Bestellung best\u00e4tigt. Der Vertrags-Schluss erfolgt mit Annahme der Bestellung durch uns und Versand einer Best\u00e4tigung per Email.<\/p>\n\n\n\n<p><strong>19. Informationen zur Zug\u00e4nglichkeit der Vertragsbestimmungen<\/strong><br>Wir speichern zum Zwecke der Vertragsabwicklung Ihre Bestelldaten und Personendaten. Informationen \u00fcber alle Umst\u00e4nde im Zusammenhang mit dem Zustandekommen des Vertrages und seiner Durchf\u00fchrung, \u00fcber Ihre von uns gespeicherten Bestelldaten und unsere Allgemeinen Gesch\u00e4ftsbedingungen (AGB) erhalten Sie mit der Auftragsbest\u00e4tigung noch einmal per E-Mail. Sie k\u00f6nnen sich diese E-Mail auf Ihrem Computer abspeichern, um die Daten jederzeit zug\u00e4nglich zu haben. Ihre Bestelldaten und Ihre Personendaten k\u00f6nnen Sie \u00fcberdies in unserem Kundenbereich jederzeit einsehen.<\/p>\n\n\n\n<p><strong>20. Informationen zu Ihren Daten<\/strong><br>Wir verwenden die von ihnen zum Zwecke der Bestellung der Waren angegebenen pers\u00f6nlichen Daten (wie z.B. Name, Anschrift, Zahlungsdaten) ausschliesslich zur Erf\u00fcllung und Abwicklung des Vertrages. Um den Versand an Sie zu gew\u00e4hrleisten, erhalten die entsprechenden Transportunternehmen die Daten von Ihnen welche zur Lieferung der Waren notwendig sind. Falls Sie zuk\u00fcnftig nicht \u00fcber neue Produkte und sonstige Neuheiten unseres Angebotes informiert werden m\u00f6chten, k\u00f6nnen Sie dies w\u00e4hrend der Registrierung oder bei der \u00c4nderung Ihres Kundenprofils festlegen. Weiterhin haben Sie die M\u00f6glichkeit, die \u00fcber Sie gespeicherten Daten bei uns abzufragen, diese zu \u00e4ndern oder l\u00f6schen zu lassen. Es fallen hierf\u00fcr keine weiteren Kosten an, als diejenigen, die Sie bei Ihrem Provider f\u00fcr das Absenden der E-Mail aufwenden m\u00fcssen.<\/p>\n\n\n\n<p>Sollten Sie Fragen zum Datenschutz haben, wenden Sie sich bitte an die untenstehende Adresse.<\/p>\n\n\n\n<p>My Print Group GmbH<br>Oberwilerstrasse3<br>8442 Hettlingen \/ Schweiz<\/p>\n\n\n\n<p>Tel: +41 52 503 46 56<br>E-Mail: <a href=\"mailto:info@mysticker.ch\">info@myprintgroup.ch<\/a><\/p>\n\n\n\n<p><strong>21. Zahlung, Erf\u00fcllung, Lieferung<\/strong><br>Die Einzelheiten hinsichtlich der Zahlung, Lieferung und Erf\u00fcllung k\u00f6nnen Sie selbst, durch Wahl der Zahlungsart und Versandart bestimmen. Sie k\u00f6nnen bequem bei uns per Kreditkarte, Vorkasse und PayPal bezahlen. Die im Angebot bzw. in der Auftragsbest\u00e4tigung genannten Termine f\u00fcr die Lieferung entsprechen dem jeweiligen Planungsstand. Sie sind als voraussichtlicher Liefertermin unverbindlich zu verstehen.<\/p>\n\n\n\n<p><strong>21.1 Zahlung auf Rechnung innert 30 Tage in Zusammenarbeit mit Swissbilling<\/strong><br>Swissbilling SA ist der Dienstleister, der Ihnen erlaubt, Ihre Bestellung auf Rechnung einfach und sicher zu bezahlen. Der maximale Bestellungswert f\u00fcr Ihre erste Bestellung via Swissbilling betr\u00e4gt f\u00fcr Neukunden CHF 500.00. Die Zahlungsfrist betr\u00e4gt 30 Tage. Aus Sicherheitsgr\u00fcnden m\u00fcssen die Rechnungsadresse und die Lieferungsadresse \u00fcbereinstimmen. Bevor die Transaktion bewilligt wird, behaltet sich Swissbilling das Recht vor, eine Bonit\u00e4tspr\u00fcfung bei der Firma CRIF AG in Z\u00fcrich (Tel.: 044 913 50 50, <a href=\"http:\/\/www.crif.ch\/\" rel=\"noopener\">www.crif.ch<\/a>) durchzuf\u00fchren. Es gelten zus\u00e4tzlich die AGB&#8217;s von Swissbilling SA, diese finden sie unter <a href=\"http:\/\/www.swissbilling.ch\/swb-AGB\/\" rel=\"noopener\">www.swissbilling.ch\/swb-AGB\/<\/a>.<\/p>\n\n\n\n<p><strong>22. Geltende Gew\u00e4hrleistungs- und&nbsp;<\/strong><strong>Garantie Bedingungen<\/strong><br>Einzelheiten zur Gew\u00e4hrleistung finden Sie in unseren Allgemeinen Gesch\u00e4ftsbedingungen unter Punkt 8. Gew\u00e4hrleistung. \u00dcber die gesetzlichen Gew\u00e4hrleistungsbestimmungen hinaus werden keine Garantien hinsichtlich der gelieferten Waren oder Dienstleistungen \u00fcbernommen.<\/p>\n\n\n\n<p><strong>23. Rabattsystem \u2013 Allgemeine Gesch\u00e4ftsbedingungen<\/strong><\/p>\n\n\n\n<ol start=\"1\" class=\"wp-block-list\">\n<li><strong>G\u00fcltigkeit des Rabattsystems<\/strong><br>Das Rabattsystem von DruckereiSaas.ch ist ausschlie\u00dflich f\u00fcr registrierte Kunden mit einem aktiven Kundenkonto g\u00fcltig. Bestellungen ohne Kundenkonto (z.\u202fB. als Gast) werden nicht ber\u00fccksichtigt.<\/li>\n\n\n\n<li><strong>Anwendbarkeit<\/strong><br>Rabatte gelten nur auf ausgew\u00e4hlte, entsprechend gekennzeichnete Produkte und werden direkt bei der Bestellung abgezogen. Eine Barauszahlung des Rabatts ist ausgeschlossen.<\/li>\n\n\n\n<li><strong>Dauer der Rabattberechtigung<\/strong><br>Die Rabattberechtigung bleibt so lange bestehen, wie das Kundenkonto aktiv gef\u00fchrt wird. Ein Ablaufdatum f\u00fcr gew\u00e4hrte Rabatte besteht nicht.<\/li>\n\n\n\n<li><strong>Nicht-Kumulierung<\/strong><br>Rabatte sind nicht mit anderen Aktionen oder Gutscheinen kumulierbar. Es gilt jeweils der h\u00f6here Rabatt.<\/li>\n\n\n\n<li><strong>\u00c4nderungsvorbehalt<\/strong><br>DruckereiSaas.ch (vertreten durch My Print Group GmbH) beh\u00e4lt sich das Recht vor, das Rabattsystem jederzeit anzupassen oder einzustellen.<\/li>\n<\/ol>\n\n\n\n<div style=\"height:50px\" aria-hidden=\"true\" class=\"wp-block-spacer\"><\/div>\n\n\n\n<p><\/p>\n\n\n\n<h4 class=\"wp-block-heading\" id=\"impressum\"><strong>Impressum<\/strong><\/h4>\n\n\n\n<p>druckereisaas.ch<\/p>\n\n\n\n<p>My Print Group GmbH<br>Oberwilerstrasse 3<br>8442 Hettlingen \/ Schweiz<\/p>\n\n\n\n<p>Tel.&nbsp; +41 52 503 46 56<br><a href=\"mailto:info@mysticker.ch\">info@myprintgroup.ch<\/a><\/p>\n\n\n\n<p>MWST-Nummer: CHE-497.490.874 MWST<\/p>\n\n\n\n<p>Unternehmensnummer: CHE-497.490.874<\/p>\n\n\n\n<p>Gesch\u00e4ftsf\u00fchrung: David Peverelli<\/p>\n\n\n\n<div style=\"height:30px\" aria-hidden=\"true\" class=\"wp-block-spacer\"><\/div>\n\n\n\n<p><\/p>\n\n\n\n<p><\/p>","protected":false},"excerpt":{"rendered":"<p>-&gt; Impressum -&gt; Datenschutz Allgemeine Gesch\u00e4ftsbedingungen (AGB) und Kundeninformationen in der Fassung vom 03.05.2021 A. Allgemeine Gesch\u00e4ftsbedingungen 1. Allgemeines &#8211; Geltung der Bedingungen Wir schliessen Vertr\u00e4ge ausschliesslich unter Einbeziehung der vorliegenden allgemeinen Gesch\u00e4ftsbedingungen (AGB) ab. Diese gelten auch f\u00fcr alle k\u00fcnftigen Gesch\u00e4ftsbeziehungen, auch wenn sie nicht nochmals ausdr\u00fccklich vereinbart werden. Entgegenstehende oder von unseren AGB &#8230; <a title=\"Allgemeine Gesch\u00e4ftsbedingungen\" class=\"read-more\" href=\"https:\/\/druckereisaas.ch\/fr\/allgemeine-geschaeftsbedingungen\/\" aria-label=\"En savoir plus sur Allgemeine Gesch\u00e4ftsbedingungen\">Lire la suite<\/a><\/p>","protected":false},"author":8,"featured_media":0,"parent":0,"menu_order":0,"comment_status":"closed","ping_status":"closed","template":"","meta":{"_acf_changed":false,"_uag_custom_page_level_css":"","footnotes":""},"class_list":["post-29138","page","type-page","status-publish"],"acf":[],"uagb_featured_image_src":{"full":false,"thumbnail":false,"medium":false,"medium_large":false,"large":false,"1536x1536":false,"2048x2048":false,"trp-custom-language-flag":false,"woocommerce_thumbnail":false,"woocommerce_single":false,"woocommerce_gallery_thumbnail":false},"uagb_author_info":{"display_name":"ad-min-mys","author_link":"https:\/\/druckereisaas.ch\/fr\/author\/ad-min-mys\/"},"uagb_comment_info":0,"uagb_excerpt":"-&gt; Impressum -&gt; Datenschutz Allgemeine Gesch\u00e4ftsbedingungen (AGB) und Kundeninformationen in der Fassung vom 03.05.2021 A. Allgemeine Gesch\u00e4ftsbedingungen 1. Allgemeines &#8211; Geltung der Bedingungen Wir schliessen Vertr\u00e4ge ausschliesslich unter Einbeziehung der vorliegenden allgemeinen Gesch\u00e4ftsbedingungen (AGB) ab. Diese gelten auch f\u00fcr alle k\u00fcnftigen Gesch\u00e4ftsbeziehungen, auch wenn sie nicht nochmals ausdr\u00fccklich vereinbart werden. Entgegenstehende oder von unseren AGB\u2026","_links":{"self":[{"href":"https:\/\/druckereisaas.ch\/fr\/wp-json\/wp\/v2\/pages\/29138","targetHints":{"allow":["GET"]}}],"collection":[{"href":"https:\/\/druckereisaas.ch\/fr\/wp-json\/wp\/v2\/pages"}],"about":[{"href":"https:\/\/druckereisaas.ch\/fr\/wp-json\/wp\/v2\/types\/page"}],"author":[{"embeddable":true,"href":"https:\/\/druckereisaas.ch\/fr\/wp-json\/wp\/v2\/users\/8"}],"replies":[{"embeddable":true,"href":"https:\/\/druckereisaas.ch\/fr\/wp-json\/wp\/v2\/comments?post=29138"}],"version-history":[{"count":8,"href":"https:\/\/druckereisaas.ch\/fr\/wp-json\/wp\/v2\/pages\/29138\/revisions"}],"predecessor-version":[{"id":31516,"href":"https:\/\/druckereisaas.ch\/fr\/wp-json\/wp\/v2\/pages\/29138\/revisions\/31516"}],"wp:attachment":[{"href":"https:\/\/druckereisaas.ch\/fr\/wp-json\/wp\/v2\/media?parent=29138"}],"curies":[{"name":"wp","href":"https:\/\/api.w.org\/{rel}","templated":true}]}}