

{"id":29334,"date":"2024-06-07T08:36:06","date_gmt":"2024-06-07T06:36:06","guid":{"rendered":"https:\/\/druckereisaas.ch\/?page_id=29334"},"modified":"2025-01-23T09:25:34","modified_gmt":"2025-01-23T08:25:34","slug":"rabatte","status":"publish","type":"page","link":"https:\/\/druckereisaas.ch\/fr\/rabatte\/","title":{"rendered":"Rabatte"},"content":{"rendered":"<h3 class=\"wp-block-heading\">Rabatte bei DruckereiSaas.ch \u2013 Mehr einkaufen, mehr sparen!<\/h3>\n\n\n\n<p>Du fragst Dich: <strong>Ist am Preis noch was zu machen?<\/strong> Die Antwort lautet: Ja! Obwohl <strong>DruckereiSaas.ch<\/strong> bereits ein unschlagbares Preis-Leistungs-Verh\u00e4ltnis bietet, m\u00f6chten wir Dir noch mehr bieten.<\/p>\n\n\n\n<h3 class=\"wp-block-heading\">Deine Treue wird belohnt<\/h3>\n\n\n\n<p>Wir wissen, wie wichtig es ist, dass unsere Kunden sich gesch\u00e4tzt f\u00fchlen. Deshalb haben wir ein Treuerabatt-System entwickelt:<\/p>\n\n\n\n<p>Je mehr Du bei uns einkaufst, desto mehr profitierst Du von zus\u00e4tzlichen Rabatten.<\/p>\n\n\n\n<div style=\"height:30px\" aria-hidden=\"true\" class=\"wp-block-spacer\"><\/div>\n\n\n<table class=\"customer-discounts-table\"><thead><tr><th style=\"text-align: left;\">Produktkategorie<\/th><th>Bronze<span style=\"display:block; font-size: 0.8em;\">ab Fr. 1,000.- Umsatz<\/span><\/th><th>Silber<span style=\"display:block; font-size: 0.8em;\">ab Fr. 2,000.- Umsatz<\/span><\/th><th>Gold<span style=\"display:block; font-size: 0.8em;\">ab Fr. 5,000.- Umsatz<\/span><\/th><\/tr><\/thead><tbody><tr><td>Blachen<\/td><td style=\"text-align: center;\">5%<\/td><td style=\"text-align: center;\">10%<\/td><td style=\"text-align: center;\">15%<\/td><\/tr><tr><td>Drucksachen<\/td><td style=\"text-align: center;\">5%<\/td><td style=\"text-align: center;\">10%<\/td><td style=\"text-align: center;\">15%<\/td><\/tr><tr><td>Labels<\/td><td style=\"text-align: center;\">0%<\/td><td style=\"text-align: center;\">0%<\/td><td style=\"text-align: center;\">0%<\/td><\/tr><tr><td>Rollups<\/td><td style=\"text-align: center;\">0%<\/td><td style=\"text-align: center;\">0%<\/td><td style=\"text-align: center;\">0%<\/td><\/tr><tr><td>Sticker<\/td><td style=\"text-align: center;\">5%<\/td><td style=\"text-align: center;\">10%<\/td><td style=\"text-align: center;\">15%<\/td><\/tr><tr><td>Textildruck &amp; Stickerei<\/td><td style=\"text-align: center;\">5%<\/td><td style=\"text-align: center;\">10%<\/td><td style=\"text-align: center;\">15%<\/td><\/tr><tr><td>Zubeh\u00f6r<\/td><td style=\"text-align: center;\">0%<\/td><td style=\"text-align: center;\">0%<\/td><td style=\"text-align: center;\">0%<\/td><\/tr><\/tbody><\/table>\n\n\n\n<div style=\"height:30px\" aria-hidden=\"true\" class=\"wp-block-spacer\"><\/div>\n\n\n\n<p>Auf welcher Stufe bist Du aktuell? Das siehst Du direkt unter <a href=\"https:\/\/druckereisaas.ch\/fr\/mein-konto\/\" data-type=\"page\" data-id=\"28868\">&#8222;Mein Konto&#8220;<\/a>. Wichtig, damit Du von den Rabatten profitieren kannst, musst Du einen Konto haben.<\/p>","protected":false},"excerpt":{"rendered":"<p>Rabatte bei DruckereiSaas.ch \u2013 Mehr einkaufen, mehr sparen! Du fragst Dich: Ist am Preis noch was zu machen? Die Antwort lautet: Ja! Obwohl DruckereiSaas.ch bereits ein unschlagbares Preis-Leistungs-Verh\u00e4ltnis bietet, m\u00f6chten wir Dir noch mehr bieten. Deine Treue wird belohnt Wir wissen, wie wichtig es ist, dass unsere Kunden sich gesch\u00e4tzt f\u00fchlen. Deshalb haben wir ein &#8230; <a title=\"Rabatte\" class=\"read-more\" href=\"https:\/\/druckereisaas.ch\/fr\/rabatte\/\" aria-label=\"En savoir plus sur Rabatte\">Lire la suite<\/a><\/p>","protected":false},"author":8,"featured_media":0,"parent":0,"menu_order":0,"comment_status":"closed","ping_status":"closed","template":"","meta":{"_acf_changed":false,"_uag_custom_page_level_css":"","footnotes":""},"class_list":["post-29334","page","type-page","status-publish"],"acf":[],"uagb_featured_image_src":{"full":false,"thumbnail":false,"medium":false,"medium_large":false,"large":false,"1536x1536":false,"2048x2048":false,"trp-custom-language-flag":false,"woocommerce_thumbnail":false,"woocommerce_single":false,"woocommerce_gallery_thumbnail":false},"uagb_author_info":{"display_name":"ad-min-mys","author_link":"https:\/\/druckereisaas.ch\/fr\/author\/ad-min-mys\/"},"uagb_comment_info":0,"uagb_excerpt":"Rabatte bei DruckereiSaas.ch \u2013 Mehr einkaufen, mehr sparen! Du fragst Dich: Ist am Preis noch was zu machen? Die Antwort lautet: Ja! Obwohl DruckereiSaas.ch bereits ein unschlagbares Preis-Leistungs-Verh\u00e4ltnis bietet, m\u00f6chten wir Dir noch mehr bieten. Deine Treue wird belohnt Wir wissen, wie wichtig es ist, dass unsere Kunden sich gesch\u00e4tzt f\u00fchlen. Deshalb haben wir ein\u2026","_links":{"self":[{"href":"https:\/\/druckereisaas.ch\/fr\/wp-json\/wp\/v2\/pages\/29334","targetHints":{"allow":["GET"]}}],"collection":[{"href":"https:\/\/druckereisaas.ch\/fr\/wp-json\/wp\/v2\/pages"}],"about":[{"href":"https:\/\/druckereisaas.ch\/fr\/wp-json\/wp\/v2\/types\/page"}],"author":[{"embeddable":true,"href":"https:\/\/druckereisaas.ch\/fr\/wp-json\/wp\/v2\/users\/8"}],"replies":[{"embeddable":true,"href":"https:\/\/druckereisaas.ch\/fr\/wp-json\/wp\/v2\/comments?post=29334"}],"version-history":[{"count":13,"href":"https:\/\/druckereisaas.ch\/fr\/wp-json\/wp\/v2\/pages\/29334\/revisions"}],"predecessor-version":[{"id":31034,"href":"https:\/\/druckereisaas.ch\/fr\/wp-json\/wp\/v2\/pages\/29334\/revisions\/31034"}],"wp:attachment":[{"href":"https:\/\/druckereisaas.ch\/fr\/wp-json\/wp\/v2\/media?parent=29334"}],"curies":[{"name":"wp","href":"https:\/\/api.w.org\/{rel}","templated":true}]}}