

{"id":30313,"date":"2024-12-16T17:31:40","date_gmt":"2024-12-16T16:31:40","guid":{"rendered":"https:\/\/druckereisaas.ch\/?page_id=30313"},"modified":"2025-04-26T14:16:26","modified_gmt":"2025-04-26T12:16:26","slug":"sticker","status":"publish","type":"page","link":"https:\/\/druckereisaas.ch\/fr\/sticker\/","title":{"rendered":"Sticker"},"content":{"rendered":"<div style=\"height:80px\" aria-hidden=\"true\" class=\"wp-block-spacer\"><\/div>\n\n\n\n<div class=\"wp-block-uagb-container uagb-block-020f549d alignfull uagb-is-root-container\"><div class=\"uagb-container-inner-blocks-wrap\">\n<div class=\"wp-block-uagb-container landing-product uagb-block-fff9a225\">\n<h3 class=\"wp-block-heading\"><a href=\"https:\/\/druckereisaas.ch\/fr\/sticker-gestalten\/\" data-type=\"page\" data-id=\"29473\">Basic Sticker<\/a><\/h3>\n\n\n\n<p>Die Klassiker \u2013 perfekt f\u00fcr jede Gelegenheit!<\/p>\n\n\n\n<div class=\"wp-block-uagb-image uagb-block-0b2fb648 wp-block-uagb-image--layout-default wp-block-uagb-image--effect-static wp-block-uagb-image--align-none\"><figure class=\"wp-block-uagb-image__figure\"><a class=\"\" href=\"https:\/\/druckereisaas.ch\/fr\/sticker-gestalten\/\" target=\"\" rel=\"noopener\"><img decoding=\"async\" srcset=\"https:\/\/druckereisaas.ch\/wp-content\/uploads\/2024\/12\/Basic-Sticker.png ,https:\/\/druckereisaas.ch\/wp-content\/uploads\/2024\/12\/Basic-Sticker.png 780w, https:\/\/druckereisaas.ch\/wp-content\/uploads\/2024\/12\/Basic-Sticker.png 360w\" sizes=\"auto, (max-width: 480px) 150px\" src=\"https:\/\/druckereisaas.ch\/wp-content\/uploads\/2024\/12\/Basic-Sticker.png\" alt=\"\" class=\"uag-image-30564\" width=\"200\" height=\"200\" title=\"\" loading=\"lazy\" role=\"img\"\/><\/a><\/figure><\/div>\n<\/div>\n\n\n\n<div class=\"wp-block-uagb-container landing-product uagb-block-9d828557\">\n<h3 class=\"wp-block-heading\"><a href=\"https:\/\/druckereisaas.ch\/fr\/eigene-form-sticker\/\" data-type=\"page\" data-id=\"29604\">Eigene Form <\/a><\/h3>\n\n\n\n<p>Der pers\u00f6nliche Cut \u2013 einzigartig f\u00fcr Dich!<\/p>\n\n\n\n<div class=\"wp-block-uagb-image uagb-block-3449b767 wp-block-uagb-image--layout-default wp-block-uagb-image--effect-static wp-block-uagb-image--align-none\"><figure class=\"wp-block-uagb-image__figure\"><a class=\"\" href=\"https:\/\/druckereisaas.ch\/fr\/eigene-form-sticker\/\" target=\"\" rel=\"noopener\"><img decoding=\"async\" srcset=\"https:\/\/druckereisaas.ch\/wp-content\/uploads\/2024\/11\/Eigene-FormCutPlott.png ,https:\/\/druckereisaas.ch\/wp-content\/uploads\/2024\/11\/Eigene-FormCutPlott.png 780w, https:\/\/druckereisaas.ch\/wp-content\/uploads\/2024\/11\/Eigene-FormCutPlott.png 360w\" sizes=\"auto, (max-width: 480px) 150px\" src=\"https:\/\/druckereisaas.ch\/wp-content\/uploads\/2024\/11\/Eigene-FormCutPlott.png\" alt=\"\" class=\"uag-image-30284\" width=\"200\" height=\"200\" title=\"\" loading=\"lazy\" role=\"img\"\/><\/a><\/figure><\/div>\n<\/div>\n\n\n\n<div class=\"wp-block-uagb-container landing-product uagb-block-aaf9e6f4\">\n<h3 class=\"wp-block-heading\"><a href=\"https:\/\/druckereisaas.ch\/fr\/monstergrip-sticker\/\" data-type=\"page\" data-id=\"29607\">Monster-Grip<\/a><\/h3>\n\n\n\n<p>Der Kraftvolle \u2013 haftet in jeder Situation.<\/p>\n\n\n\n<div class=\"wp-block-uagb-image uagb-block-60b0be16 wp-block-uagb-image--layout-default wp-block-uagb-image--effect-static wp-block-uagb-image--align-none\"><figure class=\"wp-block-uagb-image__figure\"><a class=\"\" href=\"https:\/\/druckereisaas.ch\/fr\/monstergrip-sticker\/\" target=\"\" rel=\"noopener\"><img decoding=\"async\" srcset=\"https:\/\/druckereisaas.ch\/wp-content\/uploads\/2024\/10\/Monstergrip-200x200-1.png ,https:\/\/druckereisaas.ch\/wp-content\/uploads\/2024\/10\/Monstergrip-200x200-1.png 780w, https:\/\/druckereisaas.ch\/wp-content\/uploads\/2024\/10\/Monstergrip-200x200-1.png 360w\" sizes=\"auto, (max-width: 480px) 150px\" src=\"https:\/\/druckereisaas.ch\/wp-content\/uploads\/2024\/10\/Monstergrip-200x200-1.png\" alt=\"\" class=\"uag-image-30040\" width=\"200\" height=\"200\" title=\"\" loading=\"lazy\" role=\"img\"\/><\/a><\/figure><\/div>\n<\/div>\n\n\n\n<div class=\"wp-block-uagb-container landing-product uagb-block-465796c3\">\n<h3 class=\"wp-block-heading\"><a href=\"https:\/\/druckereisaas.ch\/fr\/papier-sticker\/\" data-type=\"page\" data-id=\"29610\">Papier<\/a><\/h3>\n\n\n\n<p>Umweltfreundlich &amp; ideal f\u00fcr Flaschen!<\/p>\n\n\n\n<div class=\"wp-block-uagb-image uagb-block-1e4349ae wp-block-uagb-image--layout-default wp-block-uagb-image--effect-static wp-block-uagb-image--align-none\"><figure class=\"wp-block-uagb-image__figure\"><a class=\"\" href=\"https:\/\/druckereisaas.ch\/fr\/papier-sticker\/\" target=\"\" rel=\"noopener\"><img decoding=\"async\" srcset=\"https:\/\/druckereisaas.ch\/wp-content\/uploads\/2024\/10\/Papier-200x200-1.png ,https:\/\/druckereisaas.ch\/wp-content\/uploads\/2024\/10\/Papier-200x200-1.png 780w, https:\/\/druckereisaas.ch\/wp-content\/uploads\/2024\/10\/Papier-200x200-1.png 360w\" sizes=\"auto, (max-width: 480px) 150px\" src=\"https:\/\/druckereisaas.ch\/wp-content\/uploads\/2024\/10\/Papier-200x200-1.png\" alt=\"\" class=\"uag-image-30037\" width=\"200\" height=\"200\" title=\"\" loading=\"lazy\" role=\"img\"\/><\/a><\/figure><\/div>\n<\/div>\n\n\n\n<div class=\"wp-block-uagb-container landing-product uagb-block-0e0ef038\">\n<h3 class=\"wp-block-heading\"><a href=\"https:\/\/druckereisaas.ch\/fr\/hologramm-sticker\/\" data-type=\"page\" data-id=\"29613\">Hologramm<\/a><\/h3>\n\n\n\n<p>Der Strahlende \u2013 immer im Rampenlicht!<\/p>\n\n\n\n<div class=\"wp-block-uagb-image uagb-block-370f8d19 wp-block-uagb-image--layout-default wp-block-uagb-image--effect-static wp-block-uagb-image--align-none\"><figure class=\"wp-block-uagb-image__figure\"><a class=\"\" href=\"https:\/\/druckereisaas.ch\/fr\/hologramm-sticker\/\" target=\"\" rel=\"noopener\"><img decoding=\"async\" srcset=\"https:\/\/druckereisaas.ch\/wp-content\/uploads\/2024\/10\/Hologramm-200x200-1.png ,https:\/\/druckereisaas.ch\/wp-content\/uploads\/2024\/10\/Hologramm-200x200-1.png 780w, https:\/\/druckereisaas.ch\/wp-content\/uploads\/2024\/10\/Hologramm-200x200-1.png 360w\" sizes=\"auto, (max-width: 480px) 150px\" src=\"https:\/\/druckereisaas.ch\/wp-content\/uploads\/2024\/10\/Hologramm-200x200-1.png\" alt=\"\" class=\"uag-image-30042\" width=\"200\" height=\"200\" title=\"\" loading=\"lazy\" role=\"img\"\/><\/a><\/figure><\/div>\n<\/div>\n<\/div><\/div>\n\n\n\n<div class=\"wp-block-uagb-container uagb-block-14d54dff alignfull uagb-is-root-container\"><div class=\"uagb-container-inner-blocks-wrap\">\n<div class=\"wp-block-uagb-container landing-product uagb-block-8ecf4ff7\">\n<h3 class=\"wp-block-heading\"><a href=\"https:\/\/druckereisaas.ch\/fr\/outdoor-sticker\/\" data-type=\"page\" data-id=\"29640\">In- &amp; Outdoor<\/a><\/h3>\n\n\n\n<p>Gross &amp; massgeschneidert \u2013 f\u00fcr drinnen und draussen!<\/p>\n\n\n\n<div class=\"wp-block-uagb-image uagb-block-818bf3d6 wp-block-uagb-image--layout-default wp-block-uagb-image--effect-static wp-block-uagb-image--align-none\"><figure class=\"wp-block-uagb-image__figure\"><a class=\"\" href=\"https:\/\/druckereisaas.ch\/fr\/outdoor-sticker\/\" target=\"\" rel=\"noopener\"><img decoding=\"async\" srcset=\"https:\/\/druckereisaas.ch\/wp-content\/uploads\/2024\/10\/In-Outdoor-Sticker-200x200-1.png ,https:\/\/druckereisaas.ch\/wp-content\/uploads\/2024\/10\/In-Outdoor-Sticker-200x200-1.png 780w, https:\/\/druckereisaas.ch\/wp-content\/uploads\/2024\/10\/In-Outdoor-Sticker-200x200-1.png 360w\" sizes=\"auto, (max-width: 480px) 150px\" src=\"https:\/\/druckereisaas.ch\/wp-content\/uploads\/2024\/10\/In-Outdoor-Sticker-200x200-1.png\" alt=\"\" class=\"uag-image-30029\" width=\"200\" height=\"200\" title=\"\" loading=\"lazy\" role=\"img\"\/><\/a><\/figure><\/div>\n<\/div>\n\n\n\n<div class=\"wp-block-uagb-container landing-product uagb-block-49339055\">\n<h3 class=\"wp-block-heading\"><a href=\"https:\/\/druckereisaas.ch\/fr\/lochfolie\/\" data-type=\"page\" data-id=\"29643\">Lochfolie<\/a><\/h3>\n\n\n\n<p>Die Lochfolie \u2013 f\u00fcr Durchsicht und starke Wirkung.<\/p>\n\n\n\n<div class=\"wp-block-uagb-image uagb-block-e71ad0e8 wp-block-uagb-image--layout-default wp-block-uagb-image--effect-static wp-block-uagb-image--align-none\"><figure class=\"wp-block-uagb-image__figure\"><a class=\"\" href=\"https:\/\/druckereisaas.ch\/fr\/lochfolie\/\" target=\"\" rel=\"noopener\"><img decoding=\"async\" srcset=\"https:\/\/druckereisaas.ch\/wp-content\/uploads\/2024\/10\/Window.png ,https:\/\/druckereisaas.ch\/wp-content\/uploads\/2024\/10\/Window.png 780w, https:\/\/druckereisaas.ch\/wp-content\/uploads\/2024\/10\/Window.png 360w\" sizes=\"auto, (max-width: 480px) 150px\" src=\"https:\/\/druckereisaas.ch\/wp-content\/uploads\/2024\/10\/Window.png\" alt=\"\" class=\"uag-image-30165\" width=\"200\" height=\"200\" title=\"\" loading=\"lazy\" role=\"img\"\/><\/a><\/figure><\/div>\n<\/div>\n\n\n\n<div class=\"wp-block-uagb-container landing-product uagb-block-04e7ec46\">\n<h3 class=\"wp-block-heading\"><a href=\"https:\/\/druckereisaas.ch\/fr\/luftkanal\/\" data-type=\"page\" data-id=\"29646\">Luftkanal<\/a><\/h3>\n\n\n\n<p>Luftkanal-Sticker \u2013 Blasenfreie Verklebung garantiert.<\/p>\n\n\n\n<div class=\"wp-block-uagb-image uagb-block-ea21edfb wp-block-uagb-image--layout-default wp-block-uagb-image--effect-static wp-block-uagb-image--align-none\"><figure class=\"wp-block-uagb-image__figure\"><a class=\"\" href=\"https:\/\/druckereisaas.ch\/fr\/luftkanal\/\" target=\"\" rel=\"noopener\"><img decoding=\"async\" srcset=\"https:\/\/druckereisaas.ch\/wp-content\/uploads\/2024\/10\/Air-free.png ,https:\/\/druckereisaas.ch\/wp-content\/uploads\/2024\/10\/Air-free.png 780w, https:\/\/druckereisaas.ch\/wp-content\/uploads\/2024\/10\/Air-free.png 360w\" sizes=\"auto, (max-width: 480px) 150px\" src=\"https:\/\/druckereisaas.ch\/wp-content\/uploads\/2024\/10\/Air-free.png\" alt=\"\" class=\"uag-image-30030\" width=\"200\" height=\"200\" title=\"\" loading=\"lazy\" role=\"img\"\/><\/a><\/figure><\/div>\n<\/div>\n\n\n\n<div class=\"wp-block-uagb-container landing-product uagb-block-98fa77e3\">\n<h3 class=\"wp-block-heading\"><a href=\"https:\/\/druckereisaas.ch\/fr\/no-glue-sticker\/\" data-type=\"page\" data-id=\"29649\">No Glue Sticker<\/a><\/h3>\n\n\n\n<p>Perfekt f\u00fcr Fenster und Schaufensterwerbung.<\/p>\n\n\n\n<div class=\"wp-block-uagb-image uagb-block-cb87ae71 wp-block-uagb-image--layout-default wp-block-uagb-image--effect-static wp-block-uagb-image--align-none\"><figure class=\"wp-block-uagb-image__figure\"><a class=\"\" href=\"https:\/\/druckereisaas.ch\/fr\/no-glue-sticker\/\" target=\"\" rel=\"noopener\"><img decoding=\"async\" srcset=\"https:\/\/druckereisaas.ch\/wp-content\/uploads\/2024\/10\/No-Glue.png ,https:\/\/druckereisaas.ch\/wp-content\/uploads\/2024\/10\/No-Glue.png 780w, https:\/\/druckereisaas.ch\/wp-content\/uploads\/2024\/10\/No-Glue.png 360w\" sizes=\"auto, (max-width: 480px) 150px\" src=\"https:\/\/druckereisaas.ch\/wp-content\/uploads\/2024\/10\/No-Glue.png\" alt=\"\" class=\"uag-image-30079\" width=\"200\" height=\"200\" title=\"\" loading=\"lazy\" role=\"img\"\/><\/a><\/figure><\/div>\n<\/div>\n\n\n\n<div class=\"wp-block-uagb-container landing-product uagb-block-6ff6dac4\">\n<h3 class=\"wp-block-heading\"><a href=\"https:\/\/druckereisaas.ch\/fr\/milchglas\/\" data-type=\"page\" data-id=\"29652\">Milchglasfolie<\/a><\/h3>\n\n\n\n<p>F\u00fcr eine edle Gestaltung von Schaufenstern und mehr!<\/p>\n\n\n\n<div class=\"wp-block-uagb-image uagb-block-ca03dc50 wp-block-uagb-image--layout-default wp-block-uagb-image--effect-static wp-block-uagb-image--align-none\"><figure class=\"wp-block-uagb-image__figure\"><a class=\"\" href=\"https:\/\/druckereisaas.ch\/fr\/milchglas\/\" target=\"\" rel=\"noopener\"><img decoding=\"async\" srcset=\"https:\/\/druckereisaas.ch\/wp-content\/uploads\/2024\/10\/Frosted-Glass.png ,https:\/\/druckereisaas.ch\/wp-content\/uploads\/2024\/10\/Frosted-Glass.png 780w, https:\/\/druckereisaas.ch\/wp-content\/uploads\/2024\/10\/Frosted-Glass.png 360w\" sizes=\"auto, (max-width: 480px) 150px\" src=\"https:\/\/druckereisaas.ch\/wp-content\/uploads\/2024\/10\/Frosted-Glass.png\" alt=\"\" class=\"uag-image-30181\" width=\"200\" height=\"200\" title=\"\" loading=\"lazy\" role=\"img\"\/><\/a><\/figure><\/div>\n<\/div>\n<\/div><\/div>\n\n\n\n<div class=\"wp-block-uagb-container uagb-block-b56ac62f alignfull uagb-is-root-container\"><div class=\"uagb-container-inner-blocks-wrap\">\n<div class=\"wp-block-uagb-container landing-product uagb-block-71bba2f1\">\n<h3 class=\"wp-block-heading\"><a href=\"https:\/\/druckereisaas.ch\/fr\/langzeit-floor-sticker\/\" data-type=\"page\" data-id=\"29657\">Floor Langzeit<\/a><\/h3>\n\n\n\n<p>Der Rutschfeste \u2013 h\u00e4lt lange und sicher!<\/p>\n\n\n\n<div class=\"wp-block-uagb-image uagb-block-a1c8935f wp-block-uagb-image--layout-default wp-block-uagb-image--effect-static wp-block-uagb-image--align-none\"><figure class=\"wp-block-uagb-image__figure\"><a class=\"\" href=\"https:\/\/druckereisaas.ch\/fr\/langzeit-floor-sticker\/\" target=\"\" rel=\"noopener\"><img decoding=\"async\" srcset=\"https:\/\/druckereisaas.ch\/wp-content\/uploads\/2024\/10\/Floor-Sticker-200x200-1.png ,https:\/\/druckereisaas.ch\/wp-content\/uploads\/2024\/10\/Floor-Sticker-200x200-1.png 780w, https:\/\/druckereisaas.ch\/wp-content\/uploads\/2024\/10\/Floor-Sticker-200x200-1.png 360w\" sizes=\"auto, (max-width: 480px) 150px\" src=\"https:\/\/druckereisaas.ch\/wp-content\/uploads\/2024\/10\/Floor-Sticker-200x200-1.png\" alt=\"\" class=\"uag-image-30032\" width=\"200\" height=\"200\" title=\"\" loading=\"lazy\" role=\"img\"\/><\/a><\/figure><\/div>\n<\/div>\n\n\n\n<div class=\"wp-block-uagb-container landing-product uagb-block-1c63a422\">\n<h3 class=\"wp-block-heading\"><a href=\"https:\/\/druckereisaas.ch\/fr\/kurzzeit-floor-sticker\/\" data-type=\"page\" data-id=\"29660\">Floor Kurzzeit<\/a><\/h3>\n\n\n\n<p>Tempor\u00e4re Boden-Deko \u2013 schnell ver\u00e4nderbar und effektiv.<\/p>\n\n\n\n<div class=\"wp-block-uagb-image uagb-block-53e0d434 wp-block-uagb-image--layout-default wp-block-uagb-image--effect-static wp-block-uagb-image--align-none\"><figure class=\"wp-block-uagb-image__figure\"><a class=\"\" href=\"https:\/\/druckereisaas.ch\/fr\/kurzzeit-floor-sticker\/\" target=\"\" rel=\"noopener\"><img decoding=\"async\" srcset=\"https:\/\/druckereisaas.ch\/wp-content\/uploads\/2024\/10\/Floor-Sticker-Kurzzeit-1.png ,https:\/\/druckereisaas.ch\/wp-content\/uploads\/2024\/10\/Floor-Sticker-Kurzzeit-1.png 780w, https:\/\/druckereisaas.ch\/wp-content\/uploads\/2024\/10\/Floor-Sticker-Kurzzeit-1.png 360w\" sizes=\"auto, (max-width: 480px) 150px\" src=\"https:\/\/druckereisaas.ch\/wp-content\/uploads\/2024\/10\/Floor-Sticker-Kurzzeit-1.png\" alt=\"\" class=\"uag-image-30080\" width=\"200\" height=\"200\" title=\"\" loading=\"lazy\" role=\"img\"\/><\/a><\/figure><\/div>\n<\/div>\n\n\n\n<div class=\"wp-block-uagb-container landing-product uagb-block-b6cd00ef\">\n<h3 class=\"wp-block-heading\"><a href=\"https:\/\/druckereisaas.ch\/fr\/categorie-produit\/floor-sticker\/fixprodukte\/\" data-type=\"product_cat\" data-id=\"47\">Fixprodukte<\/a><\/h3>\n\n\n\n<p>Von Richtungsanzeigen bis zu Warnhinweisen.<\/p>\n\n\n\n<div class=\"wp-block-uagb-image uagb-block-0389aed8 wp-block-uagb-image--layout-default wp-block-uagb-image--effect-static wp-block-uagb-image--align-none\"><figure class=\"wp-block-uagb-image__figure\"><a class=\"\" href=\"https:\/\/druckereisaas.ch\/fr\/categorie-produit\/floor-sticker\/fixprodukte\/\" target=\"\" rel=\"noopener\"><img decoding=\"async\" srcset=\"https:\/\/druckereisaas.ch\/wp-content\/uploads\/2024\/10\/Floor-Sticker-Fixprodukte.png ,https:\/\/druckereisaas.ch\/wp-content\/uploads\/2024\/10\/Floor-Sticker-Fixprodukte.png 780w, https:\/\/druckereisaas.ch\/wp-content\/uploads\/2024\/10\/Floor-Sticker-Fixprodukte.png 360w\" sizes=\"auto, (max-width: 480px) 150px\" src=\"https:\/\/druckereisaas.ch\/wp-content\/uploads\/2024\/10\/Floor-Sticker-Fixprodukte.png\" alt=\"\" class=\"uag-image-30073\" width=\"200\" height=\"200\" title=\"\" loading=\"lazy\" role=\"img\"\/><\/a><\/figure><\/div>\n<\/div>\n\n\n\n<div class=\"wp-block-uagb-container landing-product uagb-block-f98fa0a2\">\n<h3 class=\"wp-block-heading\"><a href=\"\/fr\/produit\/schriftenaufkleber\/\" data-type=\"product\" data-id=\"30060\">Text Sticker<\/a><\/h3>\n\n\n\n<p>Dein Wunschtext \u2013 genau nach Mass!<\/p>\n\n\n\n<div class=\"wp-block-uagb-image uagb-block-af5ace2d wp-block-uagb-image--layout-default wp-block-uagb-image--effect-static wp-block-uagb-image--align-none\"><figure class=\"wp-block-uagb-image__figure\"><a class=\"\" href=\"\/fr\/produit\/schriftenaufkleber\/\" target=\"\" rel=\"noopener\"><img decoding=\"async\" srcset=\"https:\/\/druckereisaas.ch\/wp-content\/uploads\/2024\/10\/Text-StickerLogo.png ,https:\/\/druckereisaas.ch\/wp-content\/uploads\/2024\/10\/Text-StickerLogo.png 780w, https:\/\/druckereisaas.ch\/wp-content\/uploads\/2024\/10\/Text-StickerLogo.png 360w\" sizes=\"auto, (max-width: 480px) 150px\" src=\"https:\/\/druckereisaas.ch\/wp-content\/uploads\/2024\/10\/Text-StickerLogo.png\" alt=\"\" class=\"uag-image-30068\" width=\"200\" height=\"200\" title=\"\" loading=\"lazy\" role=\"img\"\/><\/a><\/figure><\/div>\n<\/div>\n\n\n\n<div class=\"wp-block-uagb-container landing-product uagb-block-2306fa11\">\n<h3 class=\"wp-block-heading\"><a href=\"https:\/\/druckereisaas.ch\/fr\/textil-sticker\/\" data-type=\"link\" data-id=\"https:\/\/druckereisaas.ch\/textil-sticker\/\">B\u00fcgel Sticker<\/a><\/h3>\n\n\n\n<p>Gestalte deine Textilien ganz einzigartig und pers\u00f6nlich.<\/p>\n\n\n\n<div class=\"wp-block-uagb-image uagb-block-a3d0a992 wp-block-uagb-image--layout-default wp-block-uagb-image--effect-static wp-block-uagb-image--align-none\"><figure class=\"wp-block-uagb-image__figure\"><a class=\"\" href=\"https:\/\/druckereisaas.ch\/fr\/textil-sticker\/\" target=\"\" rel=\"noopener\"><img decoding=\"async\" srcset=\"https:\/\/druckereisaas.ch\/wp-content\/uploads\/2024\/12\/Buegelsticker-Tshirt.png ,https:\/\/druckereisaas.ch\/wp-content\/uploads\/2024\/12\/Buegelsticker-Tshirt.png 780w, https:\/\/druckereisaas.ch\/wp-content\/uploads\/2024\/12\/Buegelsticker-Tshirt.png 360w\" sizes=\"auto, (max-width: 480px) 150px\" src=\"https:\/\/druckereisaas.ch\/wp-content\/uploads\/2024\/12\/Buegelsticker-Tshirt.png\" alt=\"\" class=\"uag-image-30657\" width=\"200\" height=\"200\" title=\"\" loading=\"lazy\" role=\"img\"\/><\/a><\/figure><\/div>\n<\/div>\n<\/div><\/div>\n\n\n\n<hr class=\"wp-block-separator has-text-color has-base-2-color has-alpha-channel-opacity has-base-2-background-color has-background\"\/>\n\n\n\n<div class=\"wp-block-uagb-container switch_cols_mobile uagb-block-cba85968 alignfull uagb-is-root-container\"><div class=\"uagb-container-inner-blocks-wrap\">\n<div class=\"wp-block-uagb-container uagb-block-65e8a8da\">\n<figure class=\"wp-block-video\"><video height=\"720\" style=\"aspect-ratio: 1280 \/ 720;\" width=\"1280\" autoplay loop muted preload=\"auto\" src=\"https:\/\/druckereisaas.ch\/wp-content\/uploads\/2024\/11\/ablauf-sticker.mp4\" playsinline><\/video><\/figure>\n<\/div>\n\n\n\n<div class=\"wp-block-uagb-container uagb-block-a00bb62d\">\n<div class=\"wp-block-uagb-advanced-heading uagb-block-10fe2c4e\"><h2 class=\"uagb-heading-text\">So funktioniert&#8217;s<\/h2><\/div>\n\n\n\n<p>In nur drei Schritten zu Deinem individuellem Produkt:<\/p>\n\n\n\n<ol class=\"wp-block-list\">\n<li><strong>Materialauswahl<br><\/strong>Das richtige Material ist entscheidend f\u00fcr ein perfektes Endprodukt. Wir bieten f\u00fcr jede Anwendung die passende L\u00f6sung an.<br><br><\/li>\n\n\n\n<li><strong>Konfiguration<\/strong><br>Anschliessend konfigurierst Du Deinen Sticker \u2013 w\u00e4hle Form, Gr\u00f6\u00dfe, Menge und Zuschnitt nach Deinen W\u00fcnschen aus.<br><br><\/li>\n\n\n\n<li><strong>Druckdatei hochladen oder online designen<\/strong><br>Du kannst nun entweder Deine Druckdatei hochladen oder Deinen Sticker direkt online gestalten<\/li>\n<\/ol>\n<\/div>\n<\/div><\/div>\n\n\n\n<div class=\"wp-block-uagb-container uagb-block-25608494 alignfull uagb-is-root-container\"><div class=\"uagb-container-inner-blocks-wrap\">\n<div class=\"wp-block-uagb-container uagb-block-681e73b4\">\n<div class=\"wp-block-uagb-advanced-heading uagb-block-81774975\"><h2 class=\"uagb-heading-text\">Datencheck &#8211; F\u00fcr den perfekten Druck<\/h2><\/div>\n\n\n\n<p>Um sicherzustellen, dass Dein Druckprojekt reibungslos und in bester Qualit\u00e4t umgesetzt wird, bieten wir Dir zwei verschiedene Datenchecks an. Bitte beachte, dass bei beiden Varianten keine \u00c4nderungen am Design vorgenommen werden. Falls Du Unterst\u00fctzung beim Design ben\u00f6tigst, frag uns gerne nach einer Offerte, um eine volle Kosten\u00fcbersicht zu erhalten.<\/p>\n\n\n\n<p><strong>Basis-Datencheck<br><\/strong>Unsere Grafiker \u00fcberpr\u00fcfen Dein Design auf die Druckbarkeit, damit das Endprodukt perfekt wird. Sollte es Probleme geben, wie z.B. Bilder mit zu geringer Aufl\u00f6sung oder ein ungeeignetes Format, setzen wir uns direkt mit Dir in Verbindung, um das weitere Vorgehen zu besprechen.<\/p>\n\n\n<div class=\"gb-container gb-container-06c920af\">\n\n<p><strong>Erweiterter Datencheck<\/strong><br>F\u00fcr nur Fr. 25.- erh\u00e4ltst Du ein Gut zum Druck im Massstab 1:1. Damit kannst Du nicht nur die Aufl\u00f6sung, sondern auch alle Texte und Details in Originalgr\u00f6\u00dfe \u00fcberpr\u00fcfen, bevor der Druck beginnt.<\/p>\n\n<\/div><\/div>\n\n\n\n<div class=\"wp-block-uagb-container uagb-block-fa84e14b\">\n<div class=\"wp-block-uagb-image uagb-block-0ad2e61a wp-block-uagb-image--layout-default wp-block-uagb-image--effect-static wp-block-uagb-image--align-none\"><figure class=\"wp-block-uagb-image__figure\"><img decoding=\"async\" srcset=\"https:\/\/druckereisaas.ch\/wp-content\/uploads\/2024\/12\/sticker-website-1024x1024.jpg ,https:\/\/druckereisaas.ch\/wp-content\/uploads\/2024\/12\/sticker-website.jpg 780w, https:\/\/druckereisaas.ch\/wp-content\/uploads\/2024\/12\/sticker-website.jpg 360w\" sizes=\"auto, (max-width: 480px) 150px\" src=\"https:\/\/druckereisaas.ch\/wp-content\/uploads\/2024\/12\/sticker-website-1024x1024.jpg\" alt=\"\" class=\"uag-image-30507\" width=\"600\" height=\"494\" title=\"sticker website\" loading=\"lazy\" role=\"img\"\/><\/figure><\/div>\n<\/div>\n<\/div><\/div>","protected":false},"excerpt":{"rendered":"<p>Basic Sticker Die Klassiker \u2013 perfekt f\u00fcr jede Gelegenheit! Eigene Form Der pers\u00f6nliche Cut \u2013 einzigartig f\u00fcr Dich! Monster-Grip Der Kraftvolle \u2013 haftet in jeder Situation. Papier Umweltfreundlich &amp; ideal f\u00fcr Flaschen! Hologramm Der Strahlende \u2013 immer im Rampenlicht! In- &amp; Outdoor Gross &amp; massgeschneidert \u2013 f\u00fcr drinnen und draussen! Lochfolie Die Lochfolie \u2013 f\u00fcr &#8230; <a title=\"Sticker\" class=\"read-more\" href=\"https:\/\/druckereisaas.ch\/fr\/sticker\/\" aria-label=\"En savoir plus sur Sticker\">Lire la suite<\/a><\/p>","protected":false},"author":8,"featured_media":0,"parent":0,"menu_order":0,"comment_status":"closed","ping_status":"closed","template":"","meta":{"_acf_changed":false,"_uag_custom_page_level_css":"","footnotes":""},"class_list":["post-30313","page","type-page","status-publish"],"acf":[],"uagb_featured_image_src":{"full":false,"thumbnail":false,"medium":false,"medium_large":false,"large":false,"1536x1536":false,"2048x2048":false,"trp-custom-language-flag":false,"woocommerce_thumbnail":false,"woocommerce_single":false,"woocommerce_gallery_thumbnail":false},"uagb_author_info":{"display_name":"ad-min-mys","author_link":"https:\/\/druckereisaas.ch\/fr\/author\/ad-min-mys\/"},"uagb_comment_info":0,"uagb_excerpt":"Basic Sticker Die Klassiker \u2013 perfekt f\u00fcr jede Gelegenheit! Eigene Form Der pers\u00f6nliche Cut \u2013 einzigartig f\u00fcr Dich! Monster-Grip Der Kraftvolle \u2013 haftet in jeder Situation. Papier Umweltfreundlich &amp; ideal f\u00fcr Flaschen! Hologramm Der Strahlende \u2013 immer im Rampenlicht! In- &amp; Outdoor Gross &amp; massgeschneidert \u2013 f\u00fcr drinnen und draussen! Lochfolie Die Lochfolie \u2013 f\u00fcr\u2026","_links":{"self":[{"href":"https:\/\/druckereisaas.ch\/fr\/wp-json\/wp\/v2\/pages\/30313","targetHints":{"allow":["GET"]}}],"collection":[{"href":"https:\/\/druckereisaas.ch\/fr\/wp-json\/wp\/v2\/pages"}],"about":[{"href":"https:\/\/druckereisaas.ch\/fr\/wp-json\/wp\/v2\/types\/page"}],"author":[{"embeddable":true,"href":"https:\/\/druckereisaas.ch\/fr\/wp-json\/wp\/v2\/users\/8"}],"replies":[{"embeddable":true,"href":"https:\/\/druckereisaas.ch\/fr\/wp-json\/wp\/v2\/comments?post=30313"}],"version-history":[{"count":26,"href":"https:\/\/druckereisaas.ch\/fr\/wp-json\/wp\/v2\/pages\/30313\/revisions"}],"predecessor-version":[{"id":31038,"href":"https:\/\/druckereisaas.ch\/fr\/wp-json\/wp\/v2\/pages\/30313\/revisions\/31038"}],"wp:attachment":[{"href":"https:\/\/druckereisaas.ch\/fr\/wp-json\/wp\/v2\/media?parent=30313"}],"curies":[{"name":"wp","href":"https:\/\/api.w.org\/{rel}","templated":true}]}}