

{"id":30363,"date":"2024-12-16T18:49:54","date_gmt":"2024-12-16T17:49:54","guid":{"rendered":"https:\/\/druckereisaas.ch\/?page_id=30363"},"modified":"2025-01-23T09:36:42","modified_gmt":"2025-01-23T08:36:42","slug":"blachen","status":"publish","type":"page","link":"https:\/\/druckereisaas.ch\/fr\/blachen\/","title":{"rendered":"Unsere Blachen"},"content":{"rendered":"<div style=\"height:80px\" aria-hidden=\"true\" class=\"wp-block-spacer\"><\/div>\n\n\n\n<div class=\"wp-block-uagb-container uagb-block-020f549d alignfull uagb-is-root-container\"><div class=\"uagb-container-inner-blocks-wrap\">\n<div class=\"wp-block-uagb-container landing-product uagb-block-fff9a225\">\n<h3 class=\"wp-block-heading\"><a href=\"https:\/\/druckereisaas.ch\/fr\/frontlite-blachen\/\" data-type=\"page\" data-id=\"29665\">Frontlite<\/a><\/h3>\n\n\n\n<p>Blache f\u00fcr kurzfristige Werbung<\/p>\n\n\n\n<div class=\"wp-block-uagb-image aligncenter uagb-block-0b2fb648 wp-block-uagb-image--layout-default wp-block-uagb-image--effect-static wp-block-uagb-image--align-center\"><figure class=\"wp-block-uagb-image__figure\"><a class=\"\" href=\"https:\/\/druckereisaas.ch\/fr\/frontlite-blachen\/\" target=\"\" rel=\"noopener\"><img decoding=\"async\" srcset=\"https:\/\/druckereisaas.ch\/wp-content\/uploads\/2024\/10\/Frontlite-Banner-200x-200.png ,https:\/\/druckereisaas.ch\/wp-content\/uploads\/2024\/10\/Frontlite-Banner-200x-200.png 780w, https:\/\/druckereisaas.ch\/wp-content\/uploads\/2024\/10\/Frontlite-Banner-200x-200.png 360w\" sizes=\"auto, (max-width: 480px) 150px\" src=\"https:\/\/druckereisaas.ch\/wp-content\/uploads\/2024\/10\/Frontlite-Banner-200x-200.png\" alt=\"\" class=\"uag-image-30035\" width=\"200\" height=\"200\" title=\"\" loading=\"lazy\" role=\"img\"\/><\/a><\/figure><\/div>\n<\/div>\n\n\n\n<div class=\"wp-block-uagb-container landing-product uagb-block-9d828557\">\n<h3 class=\"wp-block-heading\"><a href=\"https:\/\/druckereisaas.ch\/fr\/blockout-blache\/\" data-type=\"page\" data-id=\"29670\">Blockout<\/a><\/h3>\n\n\n\n<p>Blache robust &amp; vielseitig.<\/p>\n\n\n\n<div class=\"wp-block-uagb-image aligncenter uagb-block-3449b767 wp-block-uagb-image--layout-default wp-block-uagb-image--effect-static wp-block-uagb-image--align-center\"><figure class=\"wp-block-uagb-image__figure\"><a class=\"\" href=\"https:\/\/druckereisaas.ch\/fr\/blockout-blache\/\" target=\"\" rel=\"noopener\"><img decoding=\"async\" srcset=\"https:\/\/druckereisaas.ch\/wp-content\/uploads\/2024\/10\/Blockout-Banner-200x200-1.png ,https:\/\/druckereisaas.ch\/wp-content\/uploads\/2024\/10\/Blockout-Banner-200x200-1.png 780w, https:\/\/druckereisaas.ch\/wp-content\/uploads\/2024\/10\/Blockout-Banner-200x200-1.png 360w\" sizes=\"auto, (max-width: 480px) 150px\" src=\"https:\/\/druckereisaas.ch\/wp-content\/uploads\/2024\/10\/Blockout-Banner-200x200-1.png\" alt=\"\" class=\"uag-image-30034\" width=\"200\" height=\"200\" title=\"\" loading=\"lazy\" role=\"img\"\/><\/a><\/figure><\/div>\n<\/div>\n\n\n\n<div class=\"wp-block-uagb-container landing-product uagb-block-aaf9e6f4\">\n<h3 class=\"wp-block-heading\"><a href=\"https:\/\/druckereisaas.ch\/fr\/mesh-blache\/\" data-type=\"page\" data-id=\"29673\">Mesh<\/a><\/h3>\n\n\n\n<p>Blache mit Winddurchlass.<\/p>\n\n\n\n<div class=\"wp-block-uagb-image aligncenter uagb-block-60b0be16 wp-block-uagb-image--layout-default wp-block-uagb-image--effect-static wp-block-uagb-image--align-center\"><figure class=\"wp-block-uagb-image__figure\"><a class=\"\" href=\"https:\/\/druckereisaas.ch\/fr\/mesh-blache\/\" target=\"\" rel=\"noopener\"><img decoding=\"async\" srcset=\"https:\/\/druckereisaas.ch\/wp-content\/uploads\/2024\/10\/Mesh-Banner-200x200-1.png ,https:\/\/druckereisaas.ch\/wp-content\/uploads\/2024\/10\/Mesh-Banner-200x200-1.png 780w, https:\/\/druckereisaas.ch\/wp-content\/uploads\/2024\/10\/Mesh-Banner-200x200-1.png 360w\" sizes=\"auto, (max-width: 480px) 150px\" src=\"https:\/\/druckereisaas.ch\/wp-content\/uploads\/2024\/10\/Mesh-Banner-200x200-1.png\" alt=\"\" class=\"uag-image-30041\" width=\"200\" height=\"200\" title=\"\" loading=\"lazy\" role=\"img\"\/><\/a><\/figure><\/div>\n<\/div>\n<\/div><\/div>\n\n\n\n<hr class=\"wp-block-separator has-text-color has-base-2-color has-alpha-channel-opacity has-base-2-background-color has-background\"\/>\n\n\n\n<div class=\"wp-block-uagb-container switch_cols_mobile uagb-block-cba85968 alignfull uagb-is-root-container\"><div class=\"uagb-container-inner-blocks-wrap\">\n<div class=\"wp-block-uagb-container uagb-block-65e8a8da\">\n<figure class=\"wp-block-video\"><video height=\"720\" style=\"aspect-ratio: 1280 \/ 720;\" width=\"1280\" autoplay loop muted preload=\"auto\" src=\"https:\/\/druckereisaas.ch\/wp-content\/uploads\/2024\/11\/ablauf-sticker.mp4\" playsinline><\/video><\/figure>\n<\/div>\n\n\n\n<div class=\"wp-block-uagb-container uagb-block-a00bb62d\">\n<div class=\"wp-block-uagb-advanced-heading uagb-block-10fe2c4e\"><h2 class=\"uagb-heading-text\">So funktioniert&#8217;s<\/h2><\/div>\n\n\n\n<p>In nur drei Schritten zu Deinem individuellem Produkt:<\/p>\n\n\n\n<ol class=\"wp-block-list\">\n<li><strong>Materialauswahl<br><\/strong>Das richtige Material ist entscheidend f\u00fcr ein perfektes Endprodukt. Wir bieten f\u00fcr jede Anwendung die passende L\u00f6sung an.<br><br><\/li>\n\n\n\n<li><strong>Konfiguration<\/strong><br>Anschlie\u00dfend konfigurierst Du Deinen Sticker \u2013 w\u00e4hle Form, Gr\u00f6\u00dfe, Menge und Zuschnitt nach Deinen W\u00fcnschen aus.<br><br><\/li>\n\n\n\n<li><strong>Druckdatei hochladen oder online designen<\/strong><br>Du kannst nun entweder Deine Druckdatei hochladen oder Deinen Sticker direkt online gestalten<\/li>\n<\/ol>\n<\/div>\n<\/div><\/div>\n\n\n\n<div class=\"wp-block-uagb-container uagb-block-25608494 alignfull uagb-is-root-container\"><div class=\"uagb-container-inner-blocks-wrap\">\n<div class=\"wp-block-uagb-container uagb-block-681e73b4\">\n<div class=\"wp-block-uagb-advanced-heading uagb-block-81774975\"><h2 class=\"uagb-heading-text\">Datencheck &#8211; F\u00fcr den perfekten Druck<\/h2><\/div>\n\n\n\n<p>Um sicherzustellen, dass Dein Druckprojekt reibungslos und in bester Qualit\u00e4t umgesetzt wird, bieten wir Dir zwei verschiedene Datenchecks an. Bitte beachte, dass bei beiden Varianten keine \u00c4nderungen am Design vorgenommen werden. Falls Du Unterst\u00fctzung beim Design ben\u00f6tigst, frag uns gerne nach einer Offerte, um eine volle Kosten\u00fcbersicht zu erhalten.<\/p>\n\n\n\n<p><strong>Basis-Datencheck<br><\/strong>Unsere Grafiker \u00fcberpr\u00fcfen Dein Design auf die Druckbarkeit, damit das Endprodukt perfekt wird. Sollte es Probleme geben, wie z.B. Bilder mit zu geringer Aufl\u00f6sung oder ein ungeeignetes Format, setzen wir uns direkt mit Dir in Verbindung, um das weitere Vorgehen zu besprechen.<\/p>\n\n\n<div class=\"gb-container gb-container-06c920af\">\n\n<p><strong>Erweiterter Datencheck<\/strong><br>F\u00fcr nur Fr. 25.- erh\u00e4ltst Du ein Gut zum Druck im Ma\u00dfstab 1:1. Damit kannst Du nicht nur die Aufl\u00f6sung, sondern auch alle Texte und Details in Originalgr\u00f6\u00dfe \u00fcberpr\u00fcfen, bevor der Druck beginnt.<\/p>\n\n<\/div><\/div>\n\n\n\n<div class=\"wp-block-uagb-container uagb-block-fa84e14b\">\n<div class=\"wp-block-uagb-image uagb-block-0ad2e61a wp-block-uagb-image--layout-default wp-block-uagb-image--effect-static wp-block-uagb-image--align-none\"><figure class=\"wp-block-uagb-image__figure\"><img decoding=\"async\" srcset=\"https:\/\/druckereisaas.ch\/wp-content\/uploads\/2024\/12\/Datencheck-6-4.png ,https:\/\/druckereisaas.ch\/wp-content\/uploads\/2024\/12\/Datencheck-6-4.png 780w, https:\/\/druckereisaas.ch\/wp-content\/uploads\/2024\/12\/Datencheck-6-4.png 360w\" sizes=\"auto, (max-width: 480px) 150px\" src=\"https:\/\/druckereisaas.ch\/wp-content\/uploads\/2024\/12\/Datencheck-6-4.png\" alt=\"\" class=\"uag-image-30719\" width=\"600\" height=\"494\" title=\"Datencheck-6-4\" loading=\"lazy\" role=\"img\"\/><\/figure><\/div>\n<\/div>\n<\/div><\/div>","protected":false},"excerpt":{"rendered":"<p>Frontlite Blache f\u00fcr kurzfristige Werbung Blockout Blache robust &amp; vielseitig. Mesh Blache mit Winddurchlass. So funktioniert&#8217;s In nur drei Schritten zu Deinem individuellem Produkt: Datencheck &#8211; F\u00fcr den perfekten Druck Um sicherzustellen, dass Dein Druckprojekt reibungslos und in bester Qualit\u00e4t umgesetzt wird, bieten wir Dir zwei verschiedene Datenchecks an. Bitte beachte, dass bei beiden Varianten &#8230; <a title=\"Unsere Blachen\" class=\"read-more\" href=\"https:\/\/druckereisaas.ch\/fr\/blachen\/\" aria-label=\"En savoir plus sur Unsere Blachen\">Lire la suite<\/a><\/p>","protected":false},"author":8,"featured_media":0,"parent":0,"menu_order":0,"comment_status":"closed","ping_status":"closed","template":"","meta":{"_acf_changed":false,"_uag_custom_page_level_css":"","footnotes":""},"class_list":["post-30363","page","type-page","status-publish"],"acf":[],"uagb_featured_image_src":{"full":false,"thumbnail":false,"medium":false,"medium_large":false,"large":false,"1536x1536":false,"2048x2048":false,"trp-custom-language-flag":false,"woocommerce_thumbnail":false,"woocommerce_single":false,"woocommerce_gallery_thumbnail":false},"uagb_author_info":{"display_name":"ad-min-mys","author_link":"https:\/\/druckereisaas.ch\/fr\/author\/ad-min-mys\/"},"uagb_comment_info":0,"uagb_excerpt":"Frontlite Blache f\u00fcr kurzfristige Werbung Blockout Blache robust &amp; vielseitig. Mesh Blache mit Winddurchlass. So funktioniert&#8217;s In nur drei Schritten zu Deinem individuellem Produkt: Datencheck &#8211; F\u00fcr den perfekten Druck Um sicherzustellen, dass Dein Druckprojekt reibungslos und in bester Qualit\u00e4t umgesetzt wird, bieten wir Dir zwei verschiedene Datenchecks an. Bitte beachte, dass bei beiden Varianten\u2026","_links":{"self":[{"href":"https:\/\/druckereisaas.ch\/fr\/wp-json\/wp\/v2\/pages\/30363","targetHints":{"allow":["GET"]}}],"collection":[{"href":"https:\/\/druckereisaas.ch\/fr\/wp-json\/wp\/v2\/pages"}],"about":[{"href":"https:\/\/druckereisaas.ch\/fr\/wp-json\/wp\/v2\/types\/page"}],"author":[{"embeddable":true,"href":"https:\/\/druckereisaas.ch\/fr\/wp-json\/wp\/v2\/users\/8"}],"replies":[{"embeddable":true,"href":"https:\/\/druckereisaas.ch\/fr\/wp-json\/wp\/v2\/comments?post=30363"}],"version-history":[{"count":9,"href":"https:\/\/druckereisaas.ch\/fr\/wp-json\/wp\/v2\/pages\/30363\/revisions"}],"predecessor-version":[{"id":31039,"href":"https:\/\/druckereisaas.ch\/fr\/wp-json\/wp\/v2\/pages\/30363\/revisions\/31039"}],"wp:attachment":[{"href":"https:\/\/druckereisaas.ch\/fr\/wp-json\/wp\/v2\/media?parent=30363"}],"curies":[{"name":"wp","href":"https:\/\/api.w.org\/{rel}","templated":true}]}}