

{"id":30772,"date":"2024-12-27T09:51:56","date_gmt":"2024-12-27T08:51:56","guid":{"rendered":"https:\/\/druckereisaas.ch\/?page_id=30772"},"modified":"2025-04-26T14:20:59","modified_gmt":"2025-04-26T12:20:59","slug":"buegelsticker-anleitung","status":"publish","type":"page","link":"https:\/\/druckereisaas.ch\/fr\/buegelsticker-anleitung\/","title":{"rendered":"B\u00fcgelsticker Anleitung"},"content":{"rendered":"<h5 class=\"wp-block-heading\">B\u00fcgelsticker einfach anbringen! <\/h5>\n\n\n\n<p><strong>Ben\u00f6tigte Materialien:&nbsp;<\/strong><br>B\u00fcgelsticker&nbsp;<br>B\u00fcgeleisen (auf 130 \u00b0C eingestellt, ohne Dampf)&nbsp;<br>Backpapier&nbsp;<\/p>\n\n\n\n<hr class=\"wp-block-separator has-text-color has-base-2-color has-alpha-channel-opacity has-base-2-background-color has-background\"\/>\n\n\n<div class=\"gb-container gb-container-da6247b0\">\n<div class=\"gb-container gb-container-e46159f2\">\n\n<div class=\"wp-block-columns is-layout-flex wp-container-core-columns-is-layout-9d6595d7 wp-block-columns-is-layout-flex\">\n<div class=\"wp-block-column is-layout-flow wp-block-column-is-layout-flow\">\n<div class=\"wp-block-uagb-advanced-heading uagb-block-81774975\"><h2 class=\"uagb-heading-text\"><strong>1. Positionieren des Stickers<\/strong><a href=\"https:\/\/druckereisaas.ch\/fr\/sticker-gestalten\/\" data-type=\"page\" data-id=\"29473\">\u00a0<\/a><\/h2><\/div>\n\n\n\n<p>Lege den B\u00fcgelsticker auf die gew\u00fcnschte Stelle des Textils. Achte darauf, dass der Stoff flach und faltenfrei ist.&nbsp; Die gl\u00e4nzende Seite oben.<\/p>\n<\/div>\n\n\n\n<div class=\"wp-block-column is-layout-flow wp-block-column-is-layout-flow\">\n<figure class=\"wp-block-image size-large is-resized\"><img loading=\"lazy\" decoding=\"async\" width=\"1024\" height=\"1024\" src=\"https:\/\/druckereisaas.ch\/wp-content\/uploads\/2024\/12\/1-buegelsticker-1024x1024.jpg\" alt=\"\" class=\"wp-image-30485\" style=\"width:249px;height:auto\" srcset=\"https:\/\/druckereisaas.ch\/wp-content\/uploads\/2024\/12\/1-buegelsticker-1024x1024.jpg 1024w, https:\/\/druckereisaas.ch\/wp-content\/uploads\/2024\/12\/1-buegelsticker-300x300.jpg 300w, https:\/\/druckereisaas.ch\/wp-content\/uploads\/2024\/12\/1-buegelsticker-150x150.jpg 150w, https:\/\/druckereisaas.ch\/wp-content\/uploads\/2024\/12\/1-buegelsticker-768x768.jpg 768w, https:\/\/druckereisaas.ch\/wp-content\/uploads\/2024\/12\/1-buegelsticker-1536x1536.jpg 1536w, https:\/\/druckereisaas.ch\/wp-content\/uploads\/2024\/12\/1-buegelsticker-2048x2048.jpg 2048w, https:\/\/druckereisaas.ch\/wp-content\/uploads\/2024\/12\/1-buegelsticker-12x12.jpg 12w, https:\/\/druckereisaas.ch\/wp-content\/uploads\/2024\/12\/1-buegelsticker-600x600.jpg 600w, https:\/\/druckereisaas.ch\/wp-content\/uploads\/2024\/12\/1-buegelsticker-100x100.jpg 100w\" sizes=\"auto, (max-width: 1024px) 100vw, 1024px\" \/><\/figure>\n<\/div>\n<\/div>\n\n<\/div>\n<\/div>\n\n<div class=\"gb-container gb-container-f342bf5d\">\n<div class=\"gb-container gb-container-3d204064\">\n\n<div class=\"wp-block-columns is-layout-flex wp-container-core-columns-is-layout-9d6595d7 wp-block-columns-is-layout-flex\">\n<div class=\"wp-block-column is-layout-flow wp-block-column-is-layout-flow\">\n<div class=\"wp-block-uagb-advanced-heading uagb-block-e79d8830\"><h2 class=\"uagb-heading-text\"><a href=\"https:\/\/druckereisaas.ch\/fr\/sticker-gestalten\/\" data-type=\"page\" data-id=\"29473\"><\/a><strong>2. Erstes B\u00fcgeln<\/strong><a href=\"https:\/\/druckereisaas.ch\/fr\/eigene-form-sticker\/\" data-type=\"page\" data-id=\"29604\">\u00a0<\/a><br><\/h2><\/div>\n\n\n\n<p>Platziere das heisse B\u00fcgeleisen f\u00fcr 10 Sekunden auf den Sticker. \u00dcbe dabei leichten Druck aus.&nbsp;<\/p>\n<\/div>\n\n\n\n<div class=\"wp-block-column is-layout-flow wp-block-column-is-layout-flow\">\n<figure class=\"wp-block-image size-large is-resized\"><img loading=\"lazy\" decoding=\"async\" width=\"1024\" height=\"1024\" src=\"https:\/\/druckereisaas.ch\/wp-content\/uploads\/2024\/12\/2-buegeln-1024x1024.jpg\" alt=\"\" class=\"wp-image-30486\" style=\"width:249px;height:auto\" srcset=\"https:\/\/druckereisaas.ch\/wp-content\/uploads\/2024\/12\/2-buegeln-1024x1024.jpg 1024w, https:\/\/druckereisaas.ch\/wp-content\/uploads\/2024\/12\/2-buegeln-300x300.jpg 300w, https:\/\/druckereisaas.ch\/wp-content\/uploads\/2024\/12\/2-buegeln-150x150.jpg 150w, https:\/\/druckereisaas.ch\/wp-content\/uploads\/2024\/12\/2-buegeln-768x768.jpg 768w, https:\/\/druckereisaas.ch\/wp-content\/uploads\/2024\/12\/2-buegeln-1536x1536.jpg 1536w, https:\/\/druckereisaas.ch\/wp-content\/uploads\/2024\/12\/2-buegeln-2048x2048.jpg 2048w, https:\/\/druckereisaas.ch\/wp-content\/uploads\/2024\/12\/2-buegeln-12x12.jpg 12w, https:\/\/druckereisaas.ch\/wp-content\/uploads\/2024\/12\/2-buegeln-600x600.jpg 600w, https:\/\/druckereisaas.ch\/wp-content\/uploads\/2024\/12\/2-buegeln-100x100.jpg 100w\" sizes=\"auto, (max-width: 1024px) 100vw, 1024px\" \/><\/figure>\n<\/div>\n<\/div>\n\n<\/div>\n<\/div>\n\n<div class=\"gb-container gb-container-86f472c7\">\n<div class=\"gb-container gb-container-9ca1ec18\">\n\n<div class=\"wp-block-columns is-layout-flex wp-container-core-columns-is-layout-9d6595d7 wp-block-columns-is-layout-flex\">\n<div class=\"wp-block-column is-layout-flow wp-block-column-is-layout-flow\">\n<div class=\"wp-block-uagb-advanced-heading uagb-block-41822793\"><h2 class=\"uagb-heading-text\"><a href=\"https:\/\/druckereisaas.ch\/fr\/sticker-gestalten\/\" data-type=\"page\" data-id=\"29473\"><\/a><strong>3. Folie entfernen<\/strong>\u00a0<br><\/h2><\/div>\n\n\n\n<p>Warte kurz, bis der Sticker abgek\u00fchlt ist. Ziehe dann die transparente Folie vorsichtig ab. Wenn sich der Sticker l\u00f6st, wiederhole Schritt 2.&nbsp;<\/p>\n<\/div>\n\n\n\n<div class=\"wp-block-column is-layout-flow wp-block-column-is-layout-flow\">\n<figure class=\"wp-block-image size-large is-resized\"><img loading=\"lazy\" decoding=\"async\" width=\"1024\" height=\"1024\" src=\"https:\/\/druckereisaas.ch\/wp-content\/uploads\/2024\/12\/folie-entfernen-1024x1024.jpg\" alt=\"\" class=\"wp-image-30487\" style=\"width:249px;height:auto\" srcset=\"https:\/\/druckereisaas.ch\/wp-content\/uploads\/2024\/12\/folie-entfernen-1024x1024.jpg 1024w, https:\/\/druckereisaas.ch\/wp-content\/uploads\/2024\/12\/folie-entfernen-300x300.jpg 300w, https:\/\/druckereisaas.ch\/wp-content\/uploads\/2024\/12\/folie-entfernen-150x150.jpg 150w, https:\/\/druckereisaas.ch\/wp-content\/uploads\/2024\/12\/folie-entfernen-768x768.jpg 768w, https:\/\/druckereisaas.ch\/wp-content\/uploads\/2024\/12\/folie-entfernen-1536x1536.jpg 1536w, https:\/\/druckereisaas.ch\/wp-content\/uploads\/2024\/12\/folie-entfernen-2048x2048.jpg 2048w, https:\/\/druckereisaas.ch\/wp-content\/uploads\/2024\/12\/folie-entfernen-12x12.jpg 12w, https:\/\/druckereisaas.ch\/wp-content\/uploads\/2024\/12\/folie-entfernen-600x600.jpg 600w, https:\/\/druckereisaas.ch\/wp-content\/uploads\/2024\/12\/folie-entfernen-100x100.jpg 100w\" sizes=\"auto, (max-width: 1024px) 100vw, 1024px\" \/><\/figure>\n<\/div>\n<\/div>\n\n<\/div>\n<\/div>\n\n<div class=\"gb-container gb-container-c1585f34\">\n<div class=\"gb-container gb-container-24f3a15c\">\n\n<div class=\"wp-block-columns is-layout-flex wp-container-core-columns-is-layout-9d6595d7 wp-block-columns-is-layout-flex\">\n<div class=\"wp-block-column is-layout-flow wp-block-column-is-layout-flow\">\n<div class=\"wp-block-uagb-advanced-heading uagb-block-b7a34b31\"><h2 class=\"uagb-heading-text\"><a href=\"https:\/\/druckereisaas.ch\/fr\/sticker-gestalten\/\" data-type=\"page\" data-id=\"29473\"><\/a><strong>4. Zweites B\u00fcgeln mit Backpapier:<\/strong>\u00a0<\/h2><\/div>\n\n\n\n<p>Lege Backpapier \u00fcber den Sticker, um ihn und das Textil zu sch\u00fctzen, und b\u00fcgle f\u00fcr 5 Sekunden gleichm\u00e4ssig mit Druck dar\u00fcber.&nbsp;<\/p>\n<\/div>\n\n\n\n<div class=\"wp-block-column is-layout-flow wp-block-column-is-layout-flow\">\n<figure class=\"wp-block-image size-large is-resized\"><img loading=\"lazy\" decoding=\"async\" width=\"1024\" height=\"1024\" src=\"https:\/\/druckereisaas.ch\/wp-content\/uploads\/2024\/12\/bpapier-1024x1024.jpg\" alt=\"\" class=\"wp-image-30492\" style=\"width:249px;height:auto\" srcset=\"https:\/\/druckereisaas.ch\/wp-content\/uploads\/2024\/12\/bpapier-1024x1024.jpg 1024w, https:\/\/druckereisaas.ch\/wp-content\/uploads\/2024\/12\/bpapier-300x300.jpg 300w, https:\/\/druckereisaas.ch\/wp-content\/uploads\/2024\/12\/bpapier-150x150.jpg 150w, https:\/\/druckereisaas.ch\/wp-content\/uploads\/2024\/12\/bpapier-768x768.jpg 768w, https:\/\/druckereisaas.ch\/wp-content\/uploads\/2024\/12\/bpapier-1536x1536.jpg 1536w, https:\/\/druckereisaas.ch\/wp-content\/uploads\/2024\/12\/bpapier-2048x2048.jpg 2048w, https:\/\/druckereisaas.ch\/wp-content\/uploads\/2024\/12\/bpapier-12x12.jpg 12w, https:\/\/druckereisaas.ch\/wp-content\/uploads\/2024\/12\/bpapier-600x600.jpg 600w, https:\/\/druckereisaas.ch\/wp-content\/uploads\/2024\/12\/bpapier-100x100.jpg 100w\" sizes=\"auto, (max-width: 1024px) 100vw, 1024px\" \/><\/figure>\n<\/div>\n<\/div>\n\n<\/div>\n<\/div>\n\n\n<hr class=\"wp-block-separator has-alpha-channel-opacity\"\/>\n\n\n<div class=\"gb-container gb-container-7db506e9\">\n<div class=\"gb-container gb-container-a543824e\">\n\n<div class=\"wp-block-columns is-layout-flex wp-container-core-columns-is-layout-9d6595d7 wp-block-columns-is-layout-flex\">\n<div class=\"wp-block-column is-layout-flow wp-block-column-is-layout-flow\">\n<div class=\"wp-block-uagb-advanced-heading uagb-block-c94bb9a4\"><h2 class=\"uagb-heading-text\">Hinweise<\/h2><\/div>\n\n\n\n<p>Lasse den Sticker vollst\u00e4ndig abk\u00fchlen, bevor du das Textil benutzt.&nbsp;<br>Der Sticker h\u00e4lt am besten auf Baumwollstoffen und \u00e4hnlichen Materialien.&nbsp;<br>F\u00fcr empfindliche Stoffe probiere den Vorgang erst an einer unauff\u00e4lligen Stelle aus.&nbsp;<br>Fertig \u2013 dein B\u00fcgelsticker ist nun sicher angebracht!&nbsp;<\/p>\n\n\n\n<p><\/p>\n\n\n\n<p><\/p>\n\n\n\n<a class=\"gb-button gb-button-17b1b475 gb-button-text\" href=\"https:\/\/druckereisaas.ch\/fr\/textil-sticker\/\">Jetzt B\u00fcgelsticker bestellen!<\/a>\n<\/div>\n\n\n\n<div class=\"wp-block-column is-layout-flow wp-block-column-is-layout-flow\">\n<figure class=\"wp-block-image size-large\"><img loading=\"lazy\" decoding=\"async\" width=\"1024\" height=\"579\" src=\"https:\/\/druckereisaas.ch\/wp-content\/uploads\/2025\/01\/Design-ohne-Titel-1-1-1024x579.png\" alt=\"\" class=\"wp-image-31080\" srcset=\"https:\/\/druckereisaas.ch\/wp-content\/uploads\/2025\/01\/Design-ohne-Titel-1-1-1024x579.png 1024w, https:\/\/druckereisaas.ch\/wp-content\/uploads\/2025\/01\/Design-ohne-Titel-1-1-300x170.png 300w, https:\/\/druckereisaas.ch\/wp-content\/uploads\/2025\/01\/Design-ohne-Titel-1-1-768x434.png 768w, https:\/\/druckereisaas.ch\/wp-content\/uploads\/2025\/01\/Design-ohne-Titel-1-1-18x10.png 18w, https:\/\/druckereisaas.ch\/wp-content\/uploads\/2025\/01\/Design-ohne-Titel-1-1-600x339.png 600w, https:\/\/druckereisaas.ch\/wp-content\/uploads\/2025\/01\/Design-ohne-Titel-1-1.png 1472w\" sizes=\"auto, (max-width: 1024px) 100vw, 1024px\" \/><\/figure>\n<\/div>\n<\/div>\n\n<\/div>\n<\/div>\n\n\n<p><\/p>","protected":false},"excerpt":{"rendered":"<p>B\u00fcgelsticker einfach anbringen! Ben\u00f6tigte Materialien:&nbsp;B\u00fcgelsticker&nbsp;B\u00fcgeleisen (auf 130 \u00b0C eingestellt, ohne Dampf)&nbsp;Backpapier&nbsp; 1. Positionieren des Stickers\u00a0 Lege den B\u00fcgelsticker auf die gew\u00fcnschte Stelle des Textils. Achte darauf, dass der Stoff flach und faltenfrei ist.&nbsp; Die gl\u00e4nzende Seite oben. 2. Erstes B\u00fcgeln\u00a0 Platziere das heisse B\u00fcgeleisen f\u00fcr 10 Sekunden auf den Sticker. \u00dcbe dabei leichten Druck aus.&nbsp; &#8230; <a title=\"B\u00fcgelsticker Anleitung\" class=\"read-more\" href=\"https:\/\/druckereisaas.ch\/fr\/buegelsticker-anleitung\/\" aria-label=\"En savoir plus sur B\u00fcgelsticker Anleitung\">Lire la suite<\/a><\/p>","protected":false},"author":8,"featured_media":0,"parent":0,"menu_order":0,"comment_status":"closed","ping_status":"closed","template":"","meta":{"_acf_changed":false,"_uag_custom_page_level_css":"","footnotes":""},"class_list":["post-30772","page","type-page","status-publish"],"acf":[],"uagb_featured_image_src":{"full":false,"thumbnail":false,"medium":false,"medium_large":false,"large":false,"1536x1536":false,"2048x2048":false,"trp-custom-language-flag":false,"woocommerce_thumbnail":false,"woocommerce_single":false,"woocommerce_gallery_thumbnail":false},"uagb_author_info":{"display_name":"ad-min-mys","author_link":"https:\/\/druckereisaas.ch\/fr\/author\/ad-min-mys\/"},"uagb_comment_info":0,"uagb_excerpt":"B\u00fcgelsticker einfach anbringen! Ben\u00f6tigte Materialien:&nbsp;B\u00fcgelsticker&nbsp;B\u00fcgeleisen (auf 130 \u00b0C eingestellt, ohne Dampf)&nbsp;Backpapier&nbsp; 1. Positionieren des Stickers\u00a0 Lege den B\u00fcgelsticker auf die gew\u00fcnschte Stelle des Textils. Achte darauf, dass der Stoff flach und faltenfrei ist.&nbsp; Die gl\u00e4nzende Seite oben. 2. Erstes B\u00fcgeln\u00a0 Platziere das heisse B\u00fcgeleisen f\u00fcr 10 Sekunden auf den Sticker. \u00dcbe dabei leichten Druck aus.&nbsp;\u2026","_links":{"self":[{"href":"https:\/\/druckereisaas.ch\/fr\/wp-json\/wp\/v2\/pages\/30772","targetHints":{"allow":["GET"]}}],"collection":[{"href":"https:\/\/druckereisaas.ch\/fr\/wp-json\/wp\/v2\/pages"}],"about":[{"href":"https:\/\/druckereisaas.ch\/fr\/wp-json\/wp\/v2\/types\/page"}],"author":[{"embeddable":true,"href":"https:\/\/druckereisaas.ch\/fr\/wp-json\/wp\/v2\/users\/8"}],"replies":[{"embeddable":true,"href":"https:\/\/druckereisaas.ch\/fr\/wp-json\/wp\/v2\/comments?post=30772"}],"version-history":[{"count":19,"href":"https:\/\/druckereisaas.ch\/fr\/wp-json\/wp\/v2\/pages\/30772\/revisions"}],"predecessor-version":[{"id":31089,"href":"https:\/\/druckereisaas.ch\/fr\/wp-json\/wp\/v2\/pages\/30772\/revisions\/31089"}],"wp:attachment":[{"href":"https:\/\/druckereisaas.ch\/fr\/wp-json\/wp\/v2\/media?parent=30772"}],"curies":[{"name":"wp","href":"https:\/\/api.w.org\/{rel}","templated":true}]}}