

{"id":31143,"date":"2025-02-13T11:19:24","date_gmt":"2025-02-13T10:19:24","guid":{"rendered":"https:\/\/druckereisaas.ch\/?page_id=31143"},"modified":"2025-02-14T09:32:52","modified_gmt":"2025-02-14T08:32:52","slug":"messen","status":"publish","type":"page","link":"https:\/\/druckereisaas.ch\/fr\/messen\/","title":{"rendered":"Messen"},"content":{"rendered":"<div class=\"wp-block-group is-nowrap is-layout-flex wp-container-core-group-is-layout-ad2f72ca wp-block-group-is-layout-flex\">\n<p class=\"note-text has-medium-font-size\">Entdecke unsere vielf\u00e4ltige Auswahl an Messematerial \u2013 perfekt f\u00fcr beeindruckende Messeauftritte, Promotions, Firmenevents oder mobile Werbung. <\/p>\n<\/div>\n\n\n\n<div class=\"wp-block-uagb-container uagb-block-020f549d alignfull uagb-is-root-container\"><div class=\"uagb-container-inner-blocks-wrap\">\n<div class=\"wp-block-uagb-container landing-product uagb-block-fff9a225\">\n<h3 class=\"wp-block-heading\">Messestand<\/h3>\n\n\n\n<p>Hochwertige Messew\u00e4nde<br>&amp; St\u00e4nde.<\/p>\n\n\n\n<div class=\"wp-block-uagb-image uagb-block-0b2fb648 wp-block-uagb-image--layout-default wp-block-uagb-image--effect-static wp-block-uagb-image--align-none\"><figure class=\"wp-block-uagb-image__figure\"><img decoding=\"async\" srcset=\"https:\/\/druckereisaas.ch\/wp-content\/uploads\/2025\/02\/exhibiton-stand-1024x579.jpg ,https:\/\/druckereisaas.ch\/wp-content\/uploads\/2025\/02\/exhibiton-stand.jpg 780w, https:\/\/druckereisaas.ch\/wp-content\/uploads\/2025\/02\/exhibiton-stand.jpg 360w\" sizes=\"auto, (max-width: 480px) 150px\" src=\"https:\/\/druckereisaas.ch\/wp-content\/uploads\/2025\/02\/exhibiton-stand-1024x579.jpg\" alt=\"\" class=\"uag-image-31151\" width=\"200\" height=\"200\" title=\"Messestand\" loading=\"lazy\" role=\"img\"\/><\/figure><\/div>\n<\/div>\n\n\n\n<div class=\"wp-block-uagb-container landing-product uagb-block-9d828557\">\n<h3 class=\"wp-block-heading\">Rollup \/ Lightbox<\/h3>\n\n\n\n<p>Perfekt f\u00fcr einen starken und professionellen Auftritt!<\/p>\n\n\n\n<div class=\"wp-block-uagb-image uagb-block-3449b767 wp-block-uagb-image--layout-default wp-block-uagb-image--effect-static wp-block-uagb-image--align-none\"><figure class=\"wp-block-uagb-image__figure\"><img decoding=\"async\" srcset=\"https:\/\/druckereisaas.ch\/wp-content\/uploads\/2024\/12\/Light-Box-und-Rollup.png ,https:\/\/druckereisaas.ch\/wp-content\/uploads\/2024\/12\/Light-Box-und-Rollup.png 780w, https:\/\/druckereisaas.ch\/wp-content\/uploads\/2024\/12\/Light-Box-und-Rollup.png 360w\" sizes=\"auto, (max-width: 480px) 150px\" src=\"https:\/\/druckereisaas.ch\/wp-content\/uploads\/2024\/12\/Light-Box-und-Rollup.png\" alt=\"\" class=\"uag-image-30676\" width=\"200\" height=\"200\" title=\"Rollup und Lightbox\" loading=\"lazy\" role=\"img\"\/><\/figure><\/div>\n<\/div>\n\n\n\n<div class=\"wp-block-uagb-container landing-product uagb-block-aaf9e6f4\">\n<h3 class=\"wp-block-heading\">Lighttheken<\/h3>\n\n\n\n<p>Empfangsbereich mit Stil!<br><\/p>\n\n\n\n<div class=\"wp-block-uagb-image uagb-block-60b0be16 wp-block-uagb-image--layout-default wp-block-uagb-image--effect-static wp-block-uagb-image--align-none\"><figure class=\"wp-block-uagb-image__figure\"><img decoding=\"async\" srcset=\"https:\/\/druckereisaas.ch\/wp-content\/uploads\/2025\/02\/messestand-empfangstheke-einfach-1024x579.jpg ,https:\/\/druckereisaas.ch\/wp-content\/uploads\/2025\/02\/messestand-empfangstheke-einfach.jpg 780w, https:\/\/druckereisaas.ch\/wp-content\/uploads\/2025\/02\/messestand-empfangstheke-einfach.jpg 360w\" sizes=\"auto, (max-width: 480px) 150px\" src=\"https:\/\/druckereisaas.ch\/wp-content\/uploads\/2025\/02\/messestand-empfangstheke-einfach-1024x579.jpg\" alt=\"\" class=\"uag-image-31146\" width=\"200\" height=\"200\" title=\"Lighttheke\" loading=\"lazy\" role=\"img\"\/><\/figure><\/div>\n<\/div>\n\n\n\n<div class=\"wp-block-uagb-container landing-product uagb-block-0e0ef038\">\n<h3 class=\"wp-block-heading\">Blachen<\/h3>\n\n\n<div class=\"gb-container gb-container-d0912c29\">\n\n<p>Robuste Werbebanner f\u00fcr<br>maximale Sichtbarkeit.<\/p>\n\n<\/div>\n\n\n<div class=\"wp-block-uagb-image uagb-block-370f8d19 wp-block-uagb-image--layout-default wp-block-uagb-image--effect-static wp-block-uagb-image--align-none\"><figure class=\"wp-block-uagb-image__figure\"><img decoding=\"async\" srcset=\"https:\/\/druckereisaas.ch\/wp-content\/uploads\/2024\/12\/Werbe-Blache.jpg ,https:\/\/druckereisaas.ch\/wp-content\/uploads\/2024\/12\/Werbe-Blache.jpg 780w, https:\/\/druckereisaas.ch\/wp-content\/uploads\/2024\/12\/Werbe-Blache.jpg 360w\" sizes=\"auto, (max-width: 480px) 150px\" src=\"https:\/\/druckereisaas.ch\/wp-content\/uploads\/2024\/12\/Werbe-Blache.jpg\" alt=\"\" class=\"uag-image-30677\" width=\"200\" height=\"200\" title=\"Werbe-Blache\" loading=\"lazy\" role=\"img\"\/><\/figure><\/div>\n<\/div>\n<\/div><\/div>\n\n\n\n<hr class=\"wp-block-separator has-text-color has-base-2-color has-alpha-channel-opacity has-base-2-background-color has-background\"\/>\n\n\n\n<div class=\"wp-block-uagb-container uagb-block-25608494 alignfull uagb-is-root-container\"><div class=\"uagb-container-inner-blocks-wrap\">\n<div class=\"wp-block-uagb-container uagb-block-681e73b4\">\n<div class=\"wp-block-uagb-advanced-heading uagb-block-81774975\"><h2 class=\"uagb-heading-text\"><strong>Professionelles Messematerial f\u00fcr deinen erfolgreichen Messeauftritt!<\/strong><\/h2><\/div>\n\n\n\n<p>Du planst eine Messe, Ausstellung oder ein Event? Mit unserem hochwertigen Messematerial sorgst Du f\u00fcr maximale Aufmerksamkeit und einen professionellen Auftritt. Ob <strong>Kauf oder Miete<\/strong> \u2013 wir bieten flexible L\u00f6sungen f\u00fcr Deine individuellen Bed\u00fcrfnisse. <strong>Kaufen oder Mieten \u2013 Du hast die Wahl!<\/strong><\/p>\n\n\n\n<p>Unsere Messest\u00e4nde und Werbematerialien kannst Du entweder kaufen oder mieten. Entscheide flexibel je nach Bedarf und nutze unsere Produkte f\u00fcr einmalige Events oder langfristige Marketingstrategien \u2013 nat\u00fcrlich individuell bedruckt mit Deinem Design.<br><strong>Jetzt unverbindlich anfragen: <\/strong><a href=\"mailto:info@druckereisaas.ch\">info@druckereisaas.ch<\/a><\/p>\n\n\n\n<p><strong>Unsere Produkte f\u00fcr deinen Messestand<\/strong><br><strong><br>Lightboxen \u2013 Brillante Beleuchtung f\u00fcr deine Werbung<br><\/strong>Unsere Lightboxen mit moderner LED-Technologie sorgen f\u00fcr eine optimale Pr\u00e4sentation Deiner Marke. Sie sind ideal f\u00fcr Messen, Verkaufsfl\u00e4chen oder Events und ziehen garantiert Blicke auf sich.<br><strong>Messew\u00e4nde \u2013 Individuelle Gestaltung f\u00fcr Deinen Stand <br><\/strong>Bedruckbare Messew\u00e4nde sind ein echter Hingucker. Sie sind leicht aufzustellen, transportabel und individuell gestaltbar \u2013 perfekt f\u00fcr Deinen erfolgreichen Messeauftritt.<br><strong>Lighttheken \u2013 Empfangsbereich mit Stil<br><\/strong>Unsere beleuchteten Theken setzen Dein Branding perfekt in Szene. Sie eignen sich ideal f\u00fcr den Empfang von Kunden, als Infostand oder als Pr\u00e4sentationsfl\u00e4che auf Veranstaltungen.<br><strong>Rollupbanner und Lightboxen \u2013 Flexibel und wirkungsvoll<br><\/strong>Unsere Rollupbanner sind einfach zu transportieren, schnell aufzustellen und bieten eine grosse Druckfl\u00e4che f\u00fcr deine Werbebotschaft \u2013 ideal f\u00fcr Messen, Seminare und Verkaufsfl\u00e4chen.<br><strong>Blachen \u2013 Robuste Werbebanner f\u00fcr maximale Sichtbarkeit<br><\/strong>Unsere hochwertigen Blachen sind witterungsbest\u00e4ndig, langlebig und garantieren eine hohe Werbewirkung &#8211; ideal f\u00fcr Outdoor-Events und Baustellenwerbung.<br><br>DruckereiSaas.ch &#8211; Dein Schweizer Partner f\u00fcr Messest\u00e4nde!<\/p>\n<\/div>\n\n\n\n<div class=\"wp-block-uagb-container uagb-block-fa84e14b\">\n<div class=\"wp-block-uagb-image uagb-block-0ad2e61a wp-block-uagb-image--layout-default wp-block-uagb-image--effect-static wp-block-uagb-image--align-none\"><figure class=\"wp-block-uagb-image__figure\"><img decoding=\"async\" srcset=\"https:\/\/druckereisaas.ch\/wp-content\/uploads\/2025\/02\/exhibiton-stand-1-1024x579.jpg ,https:\/\/druckereisaas.ch\/wp-content\/uploads\/2025\/02\/exhibiton-stand-1.jpg 780w, https:\/\/druckereisaas.ch\/wp-content\/uploads\/2025\/02\/exhibiton-stand-1.jpg 360w\" sizes=\"auto, (max-width: 480px) 150px\" src=\"https:\/\/druckereisaas.ch\/wp-content\/uploads\/2025\/02\/exhibiton-stand-1-1024x579.jpg\" alt=\"\" class=\"uag-image-31153\" width=\"600\" height=\"494\" title=\"exhibiton stand (1)\" loading=\"lazy\" role=\"img\"\/><\/figure><\/div>\n<\/div>\n<\/div><\/div>","protected":false},"excerpt":{"rendered":"<p>Entdecke unsere vielf\u00e4ltige Auswahl an Messematerial \u2013 perfekt f\u00fcr beeindruckende Messeauftritte, Promotions, Firmenevents oder mobile Werbung. Messestand Hochwertige Messew\u00e4nde&amp; St\u00e4nde. Rollup \/ Lightbox Perfekt f\u00fcr einen starken und professionellen Auftritt! Lighttheken Empfangsbereich mit Stil! Blachen Robuste Werbebanner f\u00fcrmaximale Sichtbarkeit. Professionelles Messematerial f\u00fcr deinen erfolgreichen Messeauftritt! Du planst eine Messe, Ausstellung oder ein Event? Mit unserem &#8230; <a title=\"Messen\" class=\"read-more\" href=\"https:\/\/druckereisaas.ch\/fr\/messen\/\" aria-label=\"En savoir plus sur Messen\">Lire la suite<\/a><\/p>","protected":false},"author":8,"featured_media":0,"parent":0,"menu_order":0,"comment_status":"closed","ping_status":"closed","template":"","meta":{"_acf_changed":false,"_uag_custom_page_level_css":"","footnotes":""},"class_list":["post-31143","page","type-page","status-publish"],"acf":[],"uagb_featured_image_src":{"full":false,"thumbnail":false,"medium":false,"medium_large":false,"large":false,"1536x1536":false,"2048x2048":false,"trp-custom-language-flag":false,"woocommerce_thumbnail":false,"woocommerce_single":false,"woocommerce_gallery_thumbnail":false},"uagb_author_info":{"display_name":"ad-min-mys","author_link":"https:\/\/druckereisaas.ch\/fr\/author\/ad-min-mys\/"},"uagb_comment_info":0,"uagb_excerpt":"Entdecke unsere vielf\u00e4ltige Auswahl an Messematerial \u2013 perfekt f\u00fcr beeindruckende Messeauftritte, Promotions, Firmenevents oder mobile Werbung. Messestand Hochwertige Messew\u00e4nde&amp; St\u00e4nde. Rollup \/ Lightbox Perfekt f\u00fcr einen starken und professionellen Auftritt! Lighttheken Empfangsbereich mit Stil! Blachen Robuste Werbebanner f\u00fcrmaximale Sichtbarkeit. Professionelles Messematerial f\u00fcr deinen erfolgreichen Messeauftritt! Du planst eine Messe, Ausstellung oder ein Event? Mit unserem\u2026","_links":{"self":[{"href":"https:\/\/druckereisaas.ch\/fr\/wp-json\/wp\/v2\/pages\/31143","targetHints":{"allow":["GET"]}}],"collection":[{"href":"https:\/\/druckereisaas.ch\/fr\/wp-json\/wp\/v2\/pages"}],"about":[{"href":"https:\/\/druckereisaas.ch\/fr\/wp-json\/wp\/v2\/types\/page"}],"author":[{"embeddable":true,"href":"https:\/\/druckereisaas.ch\/fr\/wp-json\/wp\/v2\/users\/8"}],"replies":[{"embeddable":true,"href":"https:\/\/druckereisaas.ch\/fr\/wp-json\/wp\/v2\/comments?post=31143"}],"version-history":[{"count":9,"href":"https:\/\/druckereisaas.ch\/fr\/wp-json\/wp\/v2\/pages\/31143\/revisions"}],"predecessor-version":[{"id":31235,"href":"https:\/\/druckereisaas.ch\/fr\/wp-json\/wp\/v2\/pages\/31143\/revisions\/31235"}],"wp:attachment":[{"href":"https:\/\/druckereisaas.ch\/fr\/wp-json\/wp\/v2\/media?parent=31143"}],"curies":[{"name":"wp","href":"https:\/\/api.w.org\/{rel}","templated":true}]}}