

{"id":36,"date":"2017-02-16T09:13:19","date_gmt":"2017-02-16T08:13:19","guid":{"rendered":"http:\/\/mxajfmgl.preview.infomaniak.website\/?page_id=36"},"modified":"2026-04-07T09:47:49","modified_gmt":"2026-04-07T07:47:49","slug":"home","status":"publish","type":"page","link":"https:\/\/druckereisaas.ch\/fr\/","title":{"rendered":"Home"},"content":{"rendered":"<div class=\"wp-block-uagb-container uagb-block-09f77580 alignfull uagb-is-root-container\"><div class=\"uagb-container-inner-blocks-wrap\">\n<div class=\"wp-block-uagb-container uagb-block-76597c71\">\n<div class=\"wp-block-uagb-advanced-heading uagb-block-81d0c3db banner-title\"><h1 class=\"uagb-heading-text\">DEIN<br><span>Druckpartner<\/span><br>in Saas-Fee<\/h1><p class=\"uagb-desc-text\">Pers\u00f6nlich, Verl\u00e4sslich, Hochwertig.<\/p><\/div>\n\n\n\n<div class=\"wp-block-uagb-buttons uagb-buttons__outer-wrap uagb-btn__default-btn uagb-btn-tablet__default-btn uagb-btn-mobile__default-btn uagb-block-e90ccaca\"><div class=\"uagb-buttons__wrap uagb-buttons-layout-wrap\">\n<div class=\"wp-block-uagb-buttons-child uagb-buttons__outer-wrap uagb-block-561546dd wp-block-button\"><div class=\"uagb-button__wrapper\"><a class=\"uagb-buttons-repeater wp-block-button__link\" aria-label=\"\" href=\"#alle-produkte\" rel=\"follow noopener\" target=\"_self\" role=\"button\"><div class=\"uagb-button__link\">Produkte ansehen<\/div><\/a><\/div><\/div>\n<\/div><\/div>\n<\/div>\n<\/div><\/div>\n\n\n\n<div id=\"alle-produkte\" class=\"wp-block-uagb-container uagb-block-53346f26 alignfull uagb-is-root-container\"><div class=\"uagb-container-inner-blocks-wrap\">\n<div class=\"wp-block-uagb-advanced-heading uagb-block-09e39b0a\"><h2 class=\"uagb-heading-text\">Das bieten wir Dir<\/h2><\/div>\n\n\n\n<div class=\"wp-block-uagb-advanced-heading uagb-block-ab5ddfd6 desktop-50\"><p class=\"uagb-heading-text\">Mit mehrj\u00e4hriger Erfahrung in diversen Printbereichen stehen wir f\u00fcr Qualit\u00e4t, Zuverl\u00e4ssigkeit und echten pers\u00f6nlichen Service.<br><\/p><\/div>\n\n\n\n    <style>\n        .grid-container-categories {\n            display: grid;\n            gap: 20px;\n            grid-template-columns: repeat(1, 1fr);\n            padding: 20px 0;\n        }\n        \n        @media (min-width: 768px) {\n            .grid-container-categories {\n                grid-template-columns: repeat(2, 1fr);\n            }\n        }\n        \n        @media (min-width: 1024px) {\n            .grid-container-categories {\n                grid-template-columns: repeat(3, 1fr);\n            }\n        }\n        \n        .grid-item-categories {\n            height: 300px;\n            background-size: cover;\n            background-position: center;\n            border-radius: 5px;\n            position: relative;\n            -webkit-box-shadow: 0px 0px 15px 3px rgba(0,0,0,0.08); \n            box-shadow: 0px 0px 15px 3px rgba(0,0,0,0.08);\n            transition: 0.3s all;\n        }\n        \n        .grid-overlay {\n            position: absolute;\n            top: 0;\n            left: 0;\n            right: 0;\n            bottom: 0;\n            background: rgba(0,0,0,0.2);\n            border-radius: 5px;\n            transition: 0.3s all;\n        }\n        \n        .grid-content {\n            position: absolute;\n            bottom: 0;\n            left: 0;\n            right: 0;\n            padding: 20px;\n            background: none;\n            color: white;\n            transition: 0.3s all;\n        }\n        \n        .grid-title {\n            margin: 0;\n            font-size: 1.2em;\n        }\n        \n        .grid-link {\n            position: absolute;\n            top: 0;\n            left: 0;\n            right: 0;\n            bottom: 0;\n            color: white;\n            text-decoration: none;\n            z-index: 10;\n        }\n        \n        .grid-link:hover {\n            text-decoration: none;\n        }\n        \n        .grid-item-categories:hover .grid-overlay {\n            background: rgba(0,0,0,0.1);\n        }\n        \n        .grid-item-categories:hover .grid-content {\n            color: #0088cc;\n        }\n    <\/style>\n    \n    <div class=\"grid-container-categories\">\n            <div class=\"grid-item-categories\" style=\"background-image: url(https:\/\/druckereisaas.ch\/wp-content\/uploads\/2024\/12\/visiten-print.jpg);\">\n                <div class=\"grid-overlay\"><\/div>\n                <div class=\"grid-content\">\n                    <h3 class=\"grid-title\">Drucksachen<\/h3>\n                <\/div>\n                <a href=\"https:\/\/druckereisaas.ch\/fr\/papier-druckprodukte\/\" class=\"grid-link\" aria-label=\"Drucksachen\"><\/a>\n            <\/div>\n            <div class=\"grid-item-categories\" style=\"background-image: url(https:\/\/druckereisaas.ch\/wp-content\/uploads\/2024\/12\/Basic-Sticker-1.png);\">\n                <div class=\"grid-overlay\"><\/div>\n                <div class=\"grid-content\">\n                    <h3 class=\"grid-title\">Sticker<\/h3>\n                <\/div>\n                <a href=\"https:\/\/druckereisaas.ch\/fr\/sticker\/\" class=\"grid-link\" aria-label=\"Sticker\"><\/a>\n            <\/div>\n            <div class=\"grid-item-categories\" style=\"background-image: url(https:\/\/druckereisaas.ch\/wp-content\/uploads\/2024\/12\/Light-Box-und-Rollup.png);\">\n                <div class=\"grid-overlay\"><\/div>\n                <div class=\"grid-content\">\n                    <h3 class=\"grid-title\">Rollup \/ Lightbox<\/h3>\n                <\/div>\n                <a href=\"https:\/\/myrollup.ch\/\" class=\"grid-link\" aria-label=\"Rollup \/ Lightbox\" rel=\"noopener\"><\/a>\n            <\/div>\n            <div class=\"grid-item-categories\" style=\"background-image: url(https:\/\/druckereisaas.ch\/wp-content\/uploads\/2024\/12\/Hoddie-3Mockup.png);\">\n                <div class=\"grid-overlay\"><\/div>\n                <div class=\"grid-content\">\n                    <h3 class=\"grid-title\">Textildruck<\/h3>\n                <\/div>\n                <a href=\"https:\/\/druckereisaas.ch\/fr\/textildruck\/\" class=\"grid-link\" aria-label=\"Textildruck\"><\/a>\n            <\/div>\n            <div class=\"grid-item-categories\" style=\"background-image: url(https:\/\/druckereisaas.ch\/wp-content\/uploads\/2024\/12\/Werbe-Blache.jpg);\">\n                <div class=\"grid-overlay\"><\/div>\n                <div class=\"grid-content\">\n                    <h3 class=\"grid-title\">Blachen<\/h3>\n                <\/div>\n                <a href=\"https:\/\/druckereisaas.ch\/fr\/blachen\/\" class=\"grid-link\" aria-label=\"Blachen\"><\/a>\n            <\/div>\n            <div class=\"grid-item-categories\" style=\"background-image: url(https:\/\/druckereisaas.ch\/wp-content\/uploads\/2024\/12\/Labels2.png);\">\n                <div class=\"grid-overlay\"><\/div>\n                <div class=\"grid-content\">\n                    <h3 class=\"grid-title\">Label<\/h3>\n                <\/div>\n                <a href=\"https:\/\/mylabels.ch\/\" class=\"grid-link\" aria-label=\"Label\" rel=\"noopener\"><\/a>\n            <\/div><\/div>\n<\/div><\/div>\n\n\n\n<div class=\"wp-block-uagb-container uagb-block-0a82d1c4 alignwide uagb-is-root-container\">\n<div class=\"wp-block-uagb-container uagb-block-12948c59\">\n<div class=\"wp-block-uagb-container uagb-block-a99d396f\">\n<div class=\"wp-block-uagb-advanced-heading uagb-block-b6662721\"><h3 class=\"uagb-heading-text\"><a href=\"https:\/\/druckereisaas.ch\/fr\/aktion-elektro-beschriftung\/\">ELEKTRO Folierung<\/a><\/h3><p class=\"uagb-desc-text\">Dein Elektro. Dein Style. <br>Unsere Beschriftung.<\/p><\/div>\n\n\n\n<figure class=\"gb-block-image gb-block-image-f6c35528\"><a href=\"https:\/\/druckereisaas.ch\/fr\/aktion-elektro-beschriftung\/\"><img loading=\"lazy\" decoding=\"async\" width=\"600\" height=\"400\" class=\"gb-image gb-image-f6c35528\" src=\"https:\/\/druckereisaas.ch\/wp-content\/uploads\/2026\/03\/website-elektro-beschriftung.jpg\" alt=\"\" title=\"website elektro beschriftung\" srcset=\"https:\/\/druckereisaas.ch\/wp-content\/uploads\/2026\/03\/website-elektro-beschriftung.jpg 600w, https:\/\/druckereisaas.ch\/wp-content\/uploads\/2026\/03\/website-elektro-beschriftung-300x200.jpg 300w, https:\/\/druckereisaas.ch\/wp-content\/uploads\/2026\/03\/website-elektro-beschriftung-18x12.jpg 18w\" sizes=\"auto, (max-width: 600px) 100vw, 600px\" \/><\/a><\/figure>\n<\/div>\n\n\n\n<div class=\"wp-block-uagb-container uagb-block-34a469b4\">\n<div class=\"wp-block-uagb-advanced-heading uagb-block-aa87a817\"><h3 class=\"uagb-heading-text\"><a href=\"https:\/\/druckereisaas.ch\/fr\/produit\/mustermappe\/\">Gratis Mustermappe<\/a><\/h3><p class=\"uagb-desc-text\">Kostenlose Mustermappen bestellen und Materialien direkt vergleichen.<\/p><\/div>\n\n\n<div class=\"gb-container gb-container-0da80f30\">\n\n<figure class=\"gb-block-image gb-block-image-10583d80\"><a href=\"https:\/\/druckereisaas.ch\/fr\/produit\/mustermappe\/\"><img loading=\"lazy\" decoding=\"async\" width=\"1250\" height=\"833\" class=\"gb-image gb-image-10583d80\" src=\"https:\/\/druckereisaas.ch\/wp-content\/uploads\/2026\/01\/mustermappe-1.png\" alt=\"\" title=\"mustermappe\" srcset=\"https:\/\/druckereisaas.ch\/wp-content\/uploads\/2026\/01\/mustermappe-1.png 1250w, https:\/\/druckereisaas.ch\/wp-content\/uploads\/2026\/01\/mustermappe-1-300x200.png 300w, https:\/\/druckereisaas.ch\/wp-content\/uploads\/2026\/01\/mustermappe-1-1024x682.png 1024w, https:\/\/druckereisaas.ch\/wp-content\/uploads\/2026\/01\/mustermappe-1-768x512.png 768w, https:\/\/druckereisaas.ch\/wp-content\/uploads\/2026\/01\/mustermappe-1-18x12.png 18w, https:\/\/druckereisaas.ch\/wp-content\/uploads\/2026\/01\/mustermappe-1-600x400.png 600w\" sizes=\"auto, (max-width: 1250px) 100vw, 1250px\" \/><\/a><\/figure>\n\n<\/div><\/div>\n\n\n\n<div class=\"wp-block-uagb-container uagb-block-226ea875\">\n<div class=\"wp-block-uagb-advanced-heading uagb-block-d2985993\"><h3 class=\"uagb-heading-text\"><a href=\"https:\/\/druckereisaas.ch\/fr\/sommer-aktion-2026\/\">Sommer Aktion<\/a><\/h3><p class=\"uagb-desc-text\"><strong>T-Shirts &amp; Trucker Caps inkl. Druck jetzt zu attraktiven Aktionspreisen sichern.<\/strong><\/p><\/div>\n\n\n\n<figure class=\"gb-block-image gb-block-image-7d1de776\"><a href=\"https:\/\/druckereisaas.ch\/fr\/sommer-aktion-2026\/\"><img loading=\"lazy\" decoding=\"async\" width=\"1250\" height=\"833\" class=\"gb-image gb-image-7d1de776\" src=\"https:\/\/druckereisaas.ch\/wp-content\/uploads\/2026\/04\/cap-und-shirt.png\" alt=\"\" title=\"cap und shirt\" srcset=\"https:\/\/druckereisaas.ch\/wp-content\/uploads\/2026\/04\/cap-und-shirt.png 1250w, https:\/\/druckereisaas.ch\/wp-content\/uploads\/2026\/04\/cap-und-shirt-300x200.png 300w, https:\/\/druckereisaas.ch\/wp-content\/uploads\/2026\/04\/cap-und-shirt-1024x682.png 1024w, https:\/\/druckereisaas.ch\/wp-content\/uploads\/2026\/04\/cap-und-shirt-768x512.png 768w, https:\/\/druckereisaas.ch\/wp-content\/uploads\/2026\/04\/cap-und-shirt-18x12.png 18w, https:\/\/druckereisaas.ch\/wp-content\/uploads\/2026\/04\/cap-und-shirt-600x400.png 600w\" sizes=\"auto, (max-width: 1250px) 100vw, 1250px\" \/><\/a><\/figure>\n<\/div>\n<\/div>\n<\/div>\n\n\n\n<div class=\"wp-block-uagb-container uagb-block-25608494 alignfull uagb-is-root-container\"><div class=\"uagb-container-inner-blocks-wrap\">\n<div class=\"wp-block-uagb-container uagb-block-681e73b4\">\n<div class=\"wp-block-uagb-advanced-heading uagb-block-81774975\"><h2 class=\"uagb-heading-text\"><strong>DruckereiSaas \u2013 Dein verl\u00e4sslicher Druckpartner!<\/strong><\/h2><\/div>\n\n\n\n<p>Du bist auf der Suche nach hochwertigen <strong>Drucksachen<\/strong> und individuellen <strong>Druckl\u00f6sungen<\/strong>? Bei der <strong>DruckereiSaa<\/strong>s in Saas-Fee bekommst du genau das, was du brauchst: <strong>erstklassige Druckprodukte<\/strong> in <strong>Schweizer Top-Qualit\u00e4t<\/strong> \u2013 zuverl\u00e4ssig, professionell und zu fairen Preisen.<\/p>\n\n\n\n<h3 class=\"wp-block-heading\"><strong>Unsere Druckl\u00f6sungen im \u00dcberblick<\/strong><\/h3>\n\n\n\n<ul class=\"wp-block-list\">\n<li><strong>Gesch\u00e4ftsdrucksachen<\/strong>: Visitenkarten, Briefpapier, Brosch\u00fcren und Flyer \u2013 f\u00fcr einen professionellen Auftritt.<\/li>\n\n\n\n<li><strong>Private Drucksachen<\/strong>: Individuelle Flyer, Einladungen, Grusskarten und vieles mehr.<\/li>\n\n\n\n<li><strong>Sticker &amp; Labels<\/strong>: Aufkleber und Etiketten in jeder Form und Gr\u00f6\u00dfe.<\/li>\n\n\n\n<li><strong>Banner &amp; Rollups<\/strong>: Wetterfeste Werbebanner und Rollups f\u00fcr Events und Messen.<\/li>\n\n\n\n<li><strong>Blachen<\/strong>: Robuste Planen f\u00fcr Werbung im Innen- und Aussenbereich.<\/li>\n\n\n\n<li><strong>Textildruck &amp; Stickerei<\/strong>: Personalisierte Textilien wie T-Shirts, Hoodies und Caps \u2013 bedruckt oder bestickt.<\/li>\n<\/ul>\n\n\n\n<p><\/p>\n\n\n\n<p><\/p>\n\n\n\n<p><\/p>\n\n\n\n<p><\/p>\n\n\n<div class=\"gb-container gb-container-06c920af\"><\/div><\/div>\n\n\n\n<div class=\"wp-block-uagb-container uagb-block-fa84e14b\">\n<div class=\"wp-block-uagb-image uagb-block-0ad2e61a wp-block-uagb-image--layout-default wp-block-uagb-image--effect-static wp-block-uagb-image--align-none\"><figure class=\"wp-block-uagb-image__figure\"><img decoding=\"async\" srcset=\"https:\/\/druckereisaas.ch\/wp-content\/uploads\/2024\/12\/druck-startseite-1024x1024.jpg ,https:\/\/druckereisaas.ch\/wp-content\/uploads\/2024\/12\/druck-startseite.jpg 780w, https:\/\/druckereisaas.ch\/wp-content\/uploads\/2024\/12\/druck-startseite.jpg 360w\" sizes=\"auto, (max-width: 480px) 150px\" src=\"https:\/\/druckereisaas.ch\/wp-content\/uploads\/2024\/12\/druck-startseite-1024x1024.jpg\" alt=\"\" class=\"uag-image-30442\" width=\"600\" height=\"494\" title=\"druck startseite\" loading=\"lazy\" role=\"img\"\/><\/figure><\/div>\n<\/div>\n<\/div><\/div>\n\n\n\n<div class=\"wp-block-uagb-container uagb-block-aade95b5 alignfull uagb-is-root-container\"><div class=\"uagb-container-inner-blocks-wrap\">\n<div class=\"wp-block-columns is-layout-flex wp-container-core-columns-is-layout-9d6595d7 wp-block-columns-is-layout-flex\">\n<div class=\"wp-block-column is-layout-flow wp-block-column-is-layout-flow\" style=\"flex-basis:100%\">\n<div class=\"wp-block-uagb-container uagb-block-c18f8cd6\">\n<div class=\"wp-block-columns is-layout-flex wp-container-core-columns-is-layout-9d6595d7 wp-block-columns-is-layout-flex\">\n<div class=\"wp-block-column is-layout-flow wp-block-column-is-layout-flow\" style=\"flex-basis:60%\">\n<div class=\"wp-block-uagb-advanced-heading uagb-block-455b7c22\"><h2 class=\"uagb-heading-text\">F\u00fcr Newsletter anmelden<\/h2><\/div>\n<\/div>\n\n\n\n<div class=\"wp-block-column is-layout-flow wp-block-column-is-layout-flow\" style=\"flex-basis:40%\"><script>(function() {\n\twindow.mc4wp = window.mc4wp || {\n\t\tlisteners: [],\n\t\tforms: {\n\t\t\ton: function(evt, cb) {\n\t\t\t\twindow.mc4wp.listeners.push(\n\t\t\t\t\t{\n\t\t\t\t\t\tevent   : evt,\n\t\t\t\t\t\tcallback: cb\n\t\t\t\t\t}\n\t\t\t\t);\n\t\t\t}\n\t\t}\n\t}\n})();\n<\/script><!-- Mailchimp for WordPress v4.12.3 - https:\/\/wordpress.org\/plugins\/mailchimp-for-wp\/ --><form id=\"mc4wp-form-1\" class=\"mc4wp-form mc4wp-form-30575\" method=\"post\" data-id=\"30575\" data-name=\"Home Register\" action=\"\" ><div class=\"mc4wp-form-fields\"><p class=\"\">\r\n\t<label for=\"email\">\r\n\t\t<input type=\"email\" id=\"email\" name=\"EMAIL\" placeholder=\"E-Mailadresse\" required>\r\n<\/label>\r\n\t<input type=\"submit\" value=\"Anmelden\">\r\n<\/p>\r\n<style>\r\n  #mc4wp-form-1 #email {\r\n    width: 70%;\r\n    background: white;\r\n    border-radius: 5px;\r\n    -webkit-box-shadow: 0px 0px 15px 3px rgba(0, 0, 0, 0.08);\r\n    box-shadow: 0px 0px 15px 3px rgba(0, 0, 0, 0.08);\r\n  }\r\n<\/style><\/div><label style=\"display: none !important;\">Laissez ce champ vide si vous \u00eates humain\u00a0: <input type=\"text\" name=\"_mc4wp_honeypot\" value=\"\" tabindex=\"-1\" autocomplete=\"off\" \/><\/label><input type=\"hidden\" name=\"_mc4wp_timestamp\" value=\"1778070729\" \/><input type=\"hidden\" name=\"_mc4wp_form_id\" value=\"30575\" \/><input type=\"hidden\" name=\"_mc4wp_form_element_id\" value=\"mc4wp-form-1\" \/><div class=\"mc4wp-response\"><\/div><input type=\"hidden\" name=\"trp-form-language\" value=\"fr\"\/><\/form><!-- \/ Mailchimp for WordPress Plugin --><\/div>\n<\/div>\n<\/div>\n<\/div>\n<\/div>\n<\/div><\/div>\n\n\n\n<div class=\"wp-block-uagb-container uagb-block-07008790 alignwide uagb-is-root-container\">\n<div class=\"wp-block-uagb-container uagb-block-f1a3e1c4\">\n<div class=\"wp-block-uagb-container uagb-block-9dfb4444\">\n<div class=\"wp-block-uagb-advanced-heading uagb-block-42eacdfd\"><h3 class=\"uagb-heading-text\">100% Saas Made<\/h3><\/div>\n\n\n\n<figure class=\"gb-block-image gb-block-image-4923cb84\"><img loading=\"lazy\" decoding=\"async\" width=\"833\" height=\"469\" class=\"gb-image gb-image-4923cb84\" src=\"https:\/\/druckereisaas.ch\/wp-content\/uploads\/2024\/12\/stadel-low-1.jpg\" alt=\"\" title=\"stadel low\" srcset=\"https:\/\/druckereisaas.ch\/wp-content\/uploads\/2024\/12\/stadel-low-1.jpg 833w, https:\/\/druckereisaas.ch\/wp-content\/uploads\/2024\/12\/stadel-low-1-300x169.jpg 300w, https:\/\/druckereisaas.ch\/wp-content\/uploads\/2024\/12\/stadel-low-1-768x432.jpg 768w, https:\/\/druckereisaas.ch\/wp-content\/uploads\/2024\/12\/stadel-low-1-600x338.jpg 600w\" sizes=\"auto, (max-width: 833px) 100vw, 833px\" \/><\/figure>\n<\/div>\n\n\n\n<div class=\"wp-block-uagb-container uagb-block-a572bc5e\">\n<div class=\"wp-block-uagb-advanced-heading uagb-block-f89a8fed\"><h3 class=\"uagb-heading-text\">Kostenlose Lieferung<\/h3><\/div>\n\n\n<div class=\"gb-container gb-container-ee3e4035\">\n\n<figure class=\"gb-block-image gb-block-image-c5aee8aa\"><img loading=\"lazy\" decoding=\"async\" width=\"398\" height=\"260\" class=\"gb-image gb-image-c5aee8aa\" src=\"https:\/\/druckereisaas.ch\/wp-content\/uploads\/2024\/12\/Verpackung-2.png\" alt=\"\" title=\"Verpackung\" srcset=\"https:\/\/druckereisaas.ch\/wp-content\/uploads\/2024\/12\/Verpackung-2.png 398w, https:\/\/druckereisaas.ch\/wp-content\/uploads\/2024\/12\/Verpackung-2-300x196.png 300w\" sizes=\"auto, (max-width: 398px) 100vw, 398px\" \/><\/figure>\n\n<\/div><\/div>\n\n\n\n<div class=\"wp-block-uagb-container uagb-block-ace96d42\">\n<div class=\"wp-block-uagb-advanced-heading uagb-block-3c9a324a\"><h3 class=\"uagb-heading-text\">Gratis Datencheck<\/h3><\/div>\n\n\n\n<figure class=\"gb-block-image gb-block-image-8e49c616\"><img loading=\"lazy\" decoding=\"async\" width=\"400\" height=\"225\" class=\"gb-image gb-image-8e49c616\" src=\"https:\/\/druckereisaas.ch\/wp-content\/uploads\/2023\/03\/Datencheck.jpg\" alt=\"\" title=\"Datencheck\" srcset=\"https:\/\/druckereisaas.ch\/wp-content\/uploads\/2023\/03\/Datencheck.jpg 400w, https:\/\/druckereisaas.ch\/wp-content\/uploads\/2023\/03\/Datencheck-300x169.jpg 300w\" sizes=\"auto, (max-width: 400px) 100vw, 400px\" \/><\/figure>\n<\/div>\n<\/div>\n<\/div>\n\n\n\n<p><\/p>","protected":false},"excerpt":{"rendered":"<p>DEINDruckpartnerin Saas-Fee Pers\u00f6nlich, Verl\u00e4sslich, Hochwertig. Das bieten wir Dir Mit mehrj\u00e4hriger Erfahrung in diversen Printbereichen stehen wir f\u00fcr Qualit\u00e4t, Zuverl\u00e4ssigkeit und echten pers\u00f6nlichen Service. ELEKTRO Folierung Dein Elektro. Dein Style. Unsere Beschriftung. Gratis Mustermappe Kostenlose Mustermappen bestellen und Materialien direkt vergleichen. Sommer Aktion T-Shirts &amp; Trucker Caps inkl. Druck jetzt zu attraktiven Aktionspreisen sichern. DruckereiSaas &#8230; <a title=\"Home\" class=\"read-more\" href=\"https:\/\/druckereisaas.ch\/fr\/\" aria-label=\"En savoir plus sur Home\">Lire la suite<\/a><\/p>","protected":false},"author":8,"featured_media":0,"parent":0,"menu_order":0,"comment_status":"closed","ping_status":"closed","template":"","meta":{"_acf_changed":false,"_uag_custom_page_level_css":"","footnotes":""},"class_list":["post-36","page","type-page","status-publish"],"acf":[],"uagb_featured_image_src":{"full":false,"thumbnail":false,"medium":false,"medium_large":false,"large":false,"1536x1536":false,"2048x2048":false,"trp-custom-language-flag":false,"woocommerce_thumbnail":false,"woocommerce_single":false,"woocommerce_gallery_thumbnail":false},"uagb_author_info":{"display_name":"ad-min-mys","author_link":"https:\/\/druckereisaas.ch\/fr\/author\/ad-min-mys\/"},"uagb_comment_info":0,"uagb_excerpt":"DEINDruckpartnerin Saas-Fee Pers\u00f6nlich, Verl\u00e4sslich, Hochwertig. Das bieten wir Dir Mit mehrj\u00e4hriger Erfahrung in diversen Printbereichen stehen wir f\u00fcr Qualit\u00e4t, Zuverl\u00e4ssigkeit und echten pers\u00f6nlichen Service. ELEKTRO Folierung Dein Elektro. Dein Style. Unsere Beschriftung. Gratis Mustermappe Kostenlose Mustermappen bestellen und Materialien direkt vergleichen. Sommer Aktion T-Shirts &amp; Trucker Caps inkl. Druck jetzt zu attraktiven Aktionspreisen sichern. DruckereiSaas\u2026","_links":{"self":[{"href":"https:\/\/druckereisaas.ch\/fr\/wp-json\/wp\/v2\/pages\/36","targetHints":{"allow":["GET"]}}],"collection":[{"href":"https:\/\/druckereisaas.ch\/fr\/wp-json\/wp\/v2\/pages"}],"about":[{"href":"https:\/\/druckereisaas.ch\/fr\/wp-json\/wp\/v2\/types\/page"}],"author":[{"embeddable":true,"href":"https:\/\/druckereisaas.ch\/fr\/wp-json\/wp\/v2\/users\/8"}],"replies":[{"embeddable":true,"href":"https:\/\/druckereisaas.ch\/fr\/wp-json\/wp\/v2\/comments?post=36"}],"version-history":[{"count":139,"href":"https:\/\/druckereisaas.ch\/fr\/wp-json\/wp\/v2\/pages\/36\/revisions"}],"predecessor-version":[{"id":32368,"href":"https:\/\/druckereisaas.ch\/fr\/wp-json\/wp\/v2\/pages\/36\/revisions\/32368"}],"wp:attachment":[{"href":"https:\/\/druckereisaas.ch\/fr\/wp-json\/wp\/v2\/media?parent=36"}],"curies":[{"name":"wp","href":"https:\/\/api.w.org\/{rel}","templated":true}]}}