

{"id":29275,"date":"2024-06-06T15:33:39","date_gmt":"2024-06-06T13:33:39","guid":{"rendered":"https:\/\/druckereisaas.ch\/?page_id=29275"},"modified":"2025-04-26T14:24:11","modified_gmt":"2025-04-26T12:24:11","slug":"gut-zum-druck","status":"publish","type":"page","link":"https:\/\/druckereisaas.ch\/it\/gut-zum-druck\/","title":{"rendered":"Gut zum Druck"},"content":{"rendered":"<div class=\"wp-block-columns is-layout-flex wp-container-core-columns-is-layout-9d6595d7 wp-block-columns-is-layout-flex\">\n<div class=\"wp-block-column is-layout-flow wp-block-column-is-layout-flow\">\n<h2 class=\"wp-block-heading\">Erweiterter Datencheck<\/h2>\n\n\n\n<p>Garantiert eine gute Sache!<\/p>\n\n\n\n<p>Du bist Dir nicht sicher ob Deine Datei den Vorgaben entspricht und \/ oder m\u00f6chtest auf Nummer sicher gehen? Bei unserem erweiterten Datencheck \u00fcberpr\u00fcfen wir Dein Design um ein perfektes Ergebnis zu garantieren. Wir checken:<\/p>\n\n\n\n<ul class=\"wp-block-list\">\n<li>Druckqualit\u00e4t<\/li>\n\n\n\n<li>Unsch\u00e4rfe<\/li>\n\n\n\n<li>Schnittpunkte<\/li>\n\n\n\n<li>Positionierung der Elemente<\/li>\n<\/ul>\n\n\n\n<p>Sollten sich Elemente nicht f\u00fcr den Druck eignen informiert und unterst\u00fctzt Dich unser Support-Team bei der Korrektur.<\/p>\n\n\n\n<p>Auch bekommst Du vorab ein \u201eGut zum Druck\u201c per E-Mail oder ein Muster (nur Sticker) per Post zugesendet, sobald wir Dein okay erhalten haben geht Deine Bestellung in die Produktion.<\/p>\n\n\n\n<div class=\"wp-block-uagb-buttons uagb-buttons__outer-wrap uagb-btn__default-btn uagb-btn-tablet__default-btn uagb-btn-mobile__default-btn uagb-block-a3da65a7\"><div class=\"uagb-buttons__wrap uagb-buttons-layout-wrap\">\n<div class=\"wp-block-uagb-buttons-child uagb-buttons__outer-wrap uagb-block-48c53297 wp-block-button\"><div class=\"uagb-button__wrapper\"><a class=\"uagb-buttons-repeater wp-block-button__link\" aria-label=\"\" href=\"#\" rel=\"follow noopener\" target=\"_self\" role=\"button\"><div class=\"uagb-button__link\">Mit Gut zum Druck (Fr. 25.-)<\/div><\/a><\/div><\/div>\n\n\n\n<div class=\"wp-block-uagb-buttons-child uagb-buttons__outer-wrap uagb-block-76c2627b wp-block-button\"><div class=\"uagb-button__wrapper\"><a class=\"uagb-buttons-repeater wp-block-button__link\" aria-label=\"\" href=\"#\" rel=\"follow noopener\" target=\"_self\" role=\"button\"><div class=\"uagb-button__link\">Mit Muster (Fr. 40.-)<\/div><\/a><\/div><\/div>\n<\/div><\/div>\n<\/div>\n\n\n\n<div class=\"wp-block-column is-layout-flow wp-block-column-is-layout-flow\">\n<div style=\"height:100px\" aria-hidden=\"true\" class=\"wp-block-spacer\"><\/div>\n\n\n<div class=\"wp-block-image\">\n<figure class=\"aligncenter size-full is-resized\"><img loading=\"lazy\" decoding=\"async\" width=\"300\" height=\"300\" src=\"https:\/\/druckereisaas.ch\/wp-content\/uploads\/2024\/06\/Icon_Datacheck.jpg\" alt=\"\" class=\"wp-image-29276\" style=\"width:297px;height:auto\" srcset=\"https:\/\/druckereisaas.ch\/wp-content\/uploads\/2024\/06\/Icon_Datacheck.jpg 300w, https:\/\/druckereisaas.ch\/wp-content\/uploads\/2024\/06\/Icon_Datacheck-150x150.jpg 150w, https:\/\/druckereisaas.ch\/wp-content\/uploads\/2024\/06\/Icon_Datacheck-12x12.jpg 12w, https:\/\/druckereisaas.ch\/wp-content\/uploads\/2024\/06\/Icon_Datacheck-100x100.jpg 100w\" sizes=\"auto, (max-width: 300px) 100vw, 300px\" \/><\/figure>\n<\/div><\/div>\n<\/div>","protected":false},"excerpt":{"rendered":"<p>Erweiterter Datencheck Garantiert eine gute Sache! Du bist Dir nicht sicher ob Deine Datei den Vorgaben entspricht und \/ oder m\u00f6chtest auf Nummer sicher gehen? Bei unserem erweiterten Datencheck \u00fcberpr\u00fcfen wir Dein Design um ein perfektes Ergebnis zu garantieren. Wir checken: Sollten sich Elemente nicht f\u00fcr den Druck eignen informiert und unterst\u00fctzt Dich unser Support-Team &#8230; <a title=\"Gut zum Druck\" class=\"read-more\" href=\"https:\/\/druckereisaas.ch\/it\/gut-zum-druck\/\" aria-label=\"Per saperne di pi\u00f9 su Gut zum Druck\">Leggi tutto<\/a><\/p>","protected":false},"author":8,"featured_media":0,"parent":0,"menu_order":0,"comment_status":"closed","ping_status":"closed","template":"","meta":{"_acf_changed":false,"_uag_custom_page_level_css":"","footnotes":""},"class_list":["post-29275","page","type-page","status-publish"],"acf":[],"uagb_featured_image_src":{"full":false,"thumbnail":false,"medium":false,"medium_large":false,"large":false,"1536x1536":false,"2048x2048":false,"trp-custom-language-flag":false,"woocommerce_thumbnail":false,"woocommerce_single":false,"woocommerce_gallery_thumbnail":false},"uagb_author_info":{"display_name":"ad-min-mys","author_link":"https:\/\/druckereisaas.ch\/it\/author\/ad-min-mys\/"},"uagb_comment_info":0,"uagb_excerpt":"Erweiterter Datencheck Garantiert eine gute Sache! Du bist Dir nicht sicher ob Deine Datei den Vorgaben entspricht und \/ oder m\u00f6chtest auf Nummer sicher gehen? Bei unserem erweiterten Datencheck \u00fcberpr\u00fcfen wir Dein Design um ein perfektes Ergebnis zu garantieren. Wir checken: Sollten sich Elemente nicht f\u00fcr den Druck eignen informiert und unterst\u00fctzt Dich unser Support-Team&hellip;","_links":{"self":[{"href":"https:\/\/druckereisaas.ch\/it\/wp-json\/wp\/v2\/pages\/29275","targetHints":{"allow":["GET"]}}],"collection":[{"href":"https:\/\/druckereisaas.ch\/it\/wp-json\/wp\/v2\/pages"}],"about":[{"href":"https:\/\/druckereisaas.ch\/it\/wp-json\/wp\/v2\/types\/page"}],"author":[{"embeddable":true,"href":"https:\/\/druckereisaas.ch\/it\/wp-json\/wp\/v2\/users\/8"}],"replies":[{"embeddable":true,"href":"https:\/\/druckereisaas.ch\/it\/wp-json\/wp\/v2\/comments?post=29275"}],"version-history":[{"count":8,"href":"https:\/\/druckereisaas.ch\/it\/wp-json\/wp\/v2\/pages\/29275\/revisions"}],"predecessor-version":[{"id":30874,"href":"https:\/\/druckereisaas.ch\/it\/wp-json\/wp\/v2\/pages\/29275\/revisions\/30874"}],"wp:attachment":[{"href":"https:\/\/druckereisaas.ch\/it\/wp-json\/wp\/v2\/media?parent=29275"}],"curies":[{"name":"wp","href":"https:\/\/api.w.org\/{rel}","templated":true}]}}