

{"id":30366,"date":"2024-12-16T18:50:16","date_gmt":"2024-12-16T17:50:16","guid":{"rendered":"https:\/\/druckereisaas.ch\/?page_id=30366"},"modified":"2026-01-27T09:13:50","modified_gmt":"2026-01-27T08:13:50","slug":"papier-druckprodukte","status":"publish","type":"page","link":"https:\/\/druckereisaas.ch\/it\/papier-druckprodukte\/","title":{"rendered":"Drucksachen"},"content":{"rendered":"<div style=\"height:80px\" aria-hidden=\"true\" class=\"wp-block-spacer\"><\/div>\n\n\n\n<div class=\"wp-block-group is-nowrap is-layout-flex wp-container-core-group-is-layout-ad2f72ca wp-block-group-is-layout-flex\">\n<p class=\"note-text has-medium-font-size\">Entdecke unsere umfangreiche Auswahl an hochwertigen Drucksachen \u2013 ideal f\u00fcr private Anl\u00e4sse, professionelle Auftritte, Vereine oder Firmenpr\u00e4sentationen. <\/p>\n<\/div>\n\n\n\n<div class=\"wp-block-uagb-container uagb-block-020f549d alignfull uagb-is-root-container\"><div class=\"uagb-container-inner-blocks-wrap\">\n<div class=\"wp-block-uagb-container landing-product uagb-block-fff9a225\">\n<h3 class=\"wp-block-heading\"><a href=\"https:\/\/druckereisaas.ch\/it\/categoria-prodotto\/flyer\/?orderby=price\">Flyer<\/a><\/h3>\n\n\n\n<p>Perfekt f\u00fcr Events, Aktionen und Werbung.<\/p>\n\n\n\n<div class=\"wp-block-uagb-image uagb-block-0b2fb648 wp-block-uagb-image--layout-default wp-block-uagb-image--effect-static wp-block-uagb-image--align-none\"><figure class=\"wp-block-uagb-image__figure\"><a class=\"\" href=\"https:\/\/druckereisaas.ch\/it\/categoria-prodotto\/flyer\/?orderby=price\" target=\"\" rel=\"noopener\"><img decoding=\"async\" srcset=\"https:\/\/druckereisaas.ch\/wp-content\/uploads\/2026\/01\/Startseite-Flyer-1024x1024.png ,https:\/\/druckereisaas.ch\/wp-content\/uploads\/2026\/01\/Startseite-Flyer.png 780w, https:\/\/druckereisaas.ch\/wp-content\/uploads\/2026\/01\/Startseite-Flyer.png 360w\" sizes=\"auto, (max-width: 480px) 150px\" src=\"https:\/\/druckereisaas.ch\/wp-content\/uploads\/2026\/01\/Startseite-Flyer-1024x1024.png\" alt=\"\" class=\"uag-image-32186\" width=\"200\" height=\"200\" title=\"Startseite Flyer\" loading=\"lazy\" role=\"img\"\/><\/a><\/figure><\/div>\n<\/div>\n\n\n\n<div class=\"wp-block-uagb-container landing-product uagb-block-9d828557\">\n<h3 class=\"wp-block-heading\"><a href=\"https:\/\/druckereisaas.ch\/it\/categoria-prodotto\/flyer-gefalzt-4-seitig\/?orderby=price\">Falzflyer 4-Seitig<\/a><\/h3>\n\n\n\n<p>Platzsparende Brosch\u00fcren f\u00fcr klare Informationen. <\/p>\n\n\n\n<div class=\"wp-block-uagb-image uagb-block-3449b767 wp-block-uagb-image--layout-default wp-block-uagb-image--effect-static wp-block-uagb-image--align-none\"><figure class=\"wp-block-uagb-image__figure\"><a class=\"\" href=\"https:\/\/druckereisaas.ch\/it\/categoria-prodotto\/flyer-gefalzt-4-seitig\/?orderby=price\" target=\"\" rel=\"noopener\"><img decoding=\"async\" srcset=\"https:\/\/druckereisaas.ch\/wp-content\/uploads\/2026\/01\/Startseite-Falzflyer-4-seitig-1024x1024.png ,https:\/\/druckereisaas.ch\/wp-content\/uploads\/2026\/01\/Startseite-Falzflyer-4-seitig.png 780w, https:\/\/druckereisaas.ch\/wp-content\/uploads\/2026\/01\/Startseite-Falzflyer-4-seitig.png 360w\" sizes=\"auto, (max-width: 480px) 150px\" src=\"https:\/\/druckereisaas.ch\/wp-content\/uploads\/2026\/01\/Startseite-Falzflyer-4-seitig-1024x1024.png\" alt=\"\" class=\"uag-image-32185\" width=\"200\" height=\"200\" title=\"Startseite Falzflyer 4-seitig\" loading=\"lazy\" role=\"img\"\/><\/a><\/figure><\/div>\n<\/div>\n\n\n\n<div class=\"wp-block-uagb-container landing-product uagb-block-aaf9e6f4\">\n<h3 class=\"wp-block-heading\">Zickzackfalz 6seitig<\/h3>\n\n\n\n<p>Mehrere Seiten kompakt gefaltet, ideal f\u00fcr strukturierte Informationen.<\/p>\n\n\n\n<div class=\"wp-block-uagb-image uagb-block-60b0be16 wp-block-uagb-image--layout-default wp-block-uagb-image--effect-static wp-block-uagb-image--align-none\"><figure class=\"wp-block-uagb-image__figure\"><img decoding=\"async\" srcset=\"https:\/\/druckereisaas.ch\/wp-content\/uploads\/2026\/01\/zickzack-web-6seiten-1024x1024.png ,https:\/\/druckereisaas.ch\/wp-content\/uploads\/2026\/01\/zickzack-web-6seiten.png 780w, https:\/\/druckereisaas.ch\/wp-content\/uploads\/2026\/01\/zickzack-web-6seiten.png 360w\" sizes=\"auto, (max-width: 480px) 150px\" src=\"https:\/\/druckereisaas.ch\/wp-content\/uploads\/2026\/01\/zickzack-web-6seiten-1024x1024.png\" alt=\"\" class=\"uag-image-32199\" width=\"200\" height=\"200\" title=\"zickzack web 6seiten\" loading=\"lazy\" role=\"img\"\/><\/figure><\/div>\n<\/div>\n\n\n\n<div class=\"wp-block-uagb-container landing-product uagb-block-0e0ef038\">\n<h3 class=\"wp-block-heading\">Wickelfalz 6seitig<\/h3>\n\n\n<div class=\"gb-container gb-container-d0912c29\">\n\n<p>Der <strong>6-seitige Wickelfalz<\/strong> ist kompakt und \u00fcbersichtlich.<br><\/p>\n\n<\/div>\n\n\n<div class=\"wp-block-uagb-image uagb-block-370f8d19 wp-block-uagb-image--layout-default wp-block-uagb-image--effect-static wp-block-uagb-image--align-none\"><figure class=\"wp-block-uagb-image__figure\"><img decoding=\"async\" srcset=\"https:\/\/druckereisaas.ch\/wp-content\/uploads\/2026\/01\/Seitig-6-Wickel-1024x1024.png ,https:\/\/druckereisaas.ch\/wp-content\/uploads\/2026\/01\/Seitig-6-Wickel.png 780w, https:\/\/druckereisaas.ch\/wp-content\/uploads\/2026\/01\/Seitig-6-Wickel.png 360w\" sizes=\"auto, (max-width: 480px) 150px\" src=\"https:\/\/druckereisaas.ch\/wp-content\/uploads\/2026\/01\/Seitig-6-Wickel-1024x1024.png\" alt=\"\" class=\"uag-image-32198\" width=\"200\" height=\"200\" title=\"Seitig 6 Wickel\" loading=\"lazy\" role=\"img\"\/><\/figure><\/div>\n<\/div>\n<\/div><\/div>\n\n\n\n<div class=\"wp-block-uagb-container uagb-block-14d54dff alignfull uagb-is-root-container\"><div class=\"uagb-container-inner-blocks-wrap\">\n<div class=\"wp-block-uagb-container landing-product uagb-block-8ecf4ff7\">\n<h3 class=\"wp-block-heading\"><a href=\"https:\/\/druckereisaas.ch\/it\/categoria-prodotto\/visitenkarten\/?orderby=price\">Visitenkarten<\/a><\/h3>\n\n\n\n<p>Dein professioneller Auftritt im kompakten Format.<\/p>\n\n\n\n<div class=\"wp-block-uagb-image uagb-block-818bf3d6 wp-block-uagb-image--layout-default wp-block-uagb-image--effect-static wp-block-uagb-image--align-none\"><figure class=\"wp-block-uagb-image__figure\"><a class=\"\" href=\"https:\/\/druckereisaas.ch\/it\/categoria-prodotto\/visitenkarten\/?orderby=price\" target=\"\" rel=\"noopener\"><img decoding=\"async\" srcset=\"https:\/\/druckereisaas.ch\/wp-content\/uploads\/2026\/01\/Startseite-Visitenkarten-1024x1024.png ,https:\/\/druckereisaas.ch\/wp-content\/uploads\/2026\/01\/Startseite-Visitenkarten.png 780w, https:\/\/druckereisaas.ch\/wp-content\/uploads\/2026\/01\/Startseite-Visitenkarten.png 360w\" sizes=\"auto, (max-width: 480px) 150px\" src=\"https:\/\/druckereisaas.ch\/wp-content\/uploads\/2026\/01\/Startseite-Visitenkarten-1024x1024.png\" alt=\"\" class=\"uag-image-32187\" width=\"200\" height=\"200\" title=\"Startseite Visitenkarten\" loading=\"lazy\" role=\"img\"\/><\/a><\/figure><\/div>\n<\/div>\n\n\n\n<div class=\"wp-block-uagb-container landing-product uagb-block-49339055\">\n<h3 class=\"wp-block-heading\"><a href=\"https:\/\/druckereisaas.ch\/it\/categoria-prodotto\/briefpapier\/?orderby=price\">Briefpapier<\/a><\/h3>\n\n\n\n<p>F\u00fcr ein einheitliches und professionelles Firmenimage.<\/p>\n\n\n\n<div class=\"wp-block-uagb-image uagb-block-e71ad0e8 wp-block-uagb-image--layout-default wp-block-uagb-image--effect-static wp-block-uagb-image--align-none\"><figure class=\"wp-block-uagb-image__figure\"><a class=\"\" href=\"https:\/\/druckereisaas.ch\/it\/categoria-prodotto\/briefpapier\/?orderby=price\" target=\"\" rel=\"noopener\"><img decoding=\"async\" srcset=\"https:\/\/druckereisaas.ch\/wp-content\/uploads\/2026\/01\/startseite-briefpapier-1024x1024.png ,https:\/\/druckereisaas.ch\/wp-content\/uploads\/2026\/01\/startseite-briefpapier.png 780w, https:\/\/druckereisaas.ch\/wp-content\/uploads\/2026\/01\/startseite-briefpapier.png 360w\" sizes=\"auto, (max-width: 480px) 150px\" src=\"https:\/\/druckereisaas.ch\/wp-content\/uploads\/2026\/01\/startseite-briefpapier-1024x1024.png\" alt=\"\" class=\"uag-image-32188\" width=\"200\" height=\"200\" title=\"startseite briefpapier\" loading=\"lazy\" role=\"img\"\/><\/a><\/figure><\/div>\n<\/div>\n\n\n\n<div class=\"wp-block-uagb-container landing-product uagb-block-04e7ec46\">\n<h3 class=\"wp-block-heading\"><a href=\"https:\/\/druckereisaas.ch\/it\/categoria-prodotto\/couvert\/?orderby=price\">Couvert<\/a><\/h3>\n\n\n\n<p>Stilvoller Versand mit Wiedererkennungswert.<\/p>\n\n\n\n<div class=\"wp-block-uagb-image uagb-block-ea21edfb wp-block-uagb-image--layout-default wp-block-uagb-image--effect-static wp-block-uagb-image--align-none\"><figure class=\"wp-block-uagb-image__figure\"><a class=\"\" href=\"https:\/\/druckereisaas.ch\/it\/categoria-prodotto\/couvert\/?orderby=price\" target=\"\" rel=\"noopener\"><img decoding=\"async\" srcset=\"https:\/\/druckereisaas.ch\/wp-content\/uploads\/2026\/01\/startseite-couvert-1024x1024.png ,https:\/\/druckereisaas.ch\/wp-content\/uploads\/2026\/01\/startseite-couvert.png 780w, https:\/\/druckereisaas.ch\/wp-content\/uploads\/2026\/01\/startseite-couvert.png 360w\" sizes=\"auto, (max-width: 480px) 150px\" src=\"https:\/\/druckereisaas.ch\/wp-content\/uploads\/2026\/01\/startseite-couvert-1024x1024.png\" alt=\"\" class=\"uag-image-32189\" width=\"200\" height=\"200\" title=\"startseite couvert\" loading=\"lazy\" role=\"img\"\/><\/a><\/figure><\/div>\n<\/div>\n\n\n\n<div class=\"wp-block-uagb-container landing-product uagb-block-98fa77e3\">\n<h3 class=\"wp-block-heading\">Poster Wetterfest<\/h3>\n\n\n\n<p>Gedruckt auf robuster <strong>PET-Folie<\/strong> \u2013 langlebig, farbbrillant.<\/p>\n\n\n\n<div class=\"wp-block-uagb-image uagb-block-cb87ae71 wp-block-uagb-image--layout-default wp-block-uagb-image--effect-static wp-block-uagb-image--align-none\"><figure class=\"wp-block-uagb-image__figure\"><img decoding=\"async\" srcset=\"https:\/\/druckereisaas.ch\/wp-content\/uploads\/2026\/01\/poster-wetterfest-neu.png ,https:\/\/druckereisaas.ch\/wp-content\/uploads\/2026\/01\/poster-wetterfest-neu.png 780w, https:\/\/druckereisaas.ch\/wp-content\/uploads\/2026\/01\/poster-wetterfest-neu.png 360w\" sizes=\"auto, (max-width: 480px) 150px\" src=\"https:\/\/druckereisaas.ch\/wp-content\/uploads\/2026\/01\/poster-wetterfest-neu.png\" alt=\"\" class=\"uag-image-32203\" width=\"200\" height=\"200\" title=\"poster wetterfest neu\" loading=\"lazy\" role=\"img\"\/><\/figure><\/div>\n<\/div>\n<\/div><\/div>\n\n\n\n<div class=\"wp-block-uagb-container uagb-block-7e851fe8 alignfull uagb-is-root-container\"><div class=\"uagb-container-inner-blocks-wrap\">\n<div class=\"wp-block-uagb-container landing-product uagb-block-b7a7943e\">\n<h3 class=\"wp-block-heading\">Poster Papier<\/h3>\n\n\n\n<p>Hochwertiges <strong>Blueback-Papier 120 g\/m\u00b2<\/strong>.<\/p>\n\n\n\n<div class=\"wp-block-uagb-image uagb-block-f9c503aa wp-block-uagb-image--layout-default wp-block-uagb-image--effect-static wp-block-uagb-image--align-none\"><figure class=\"wp-block-uagb-image__figure\"><img decoding=\"async\" srcset=\"https:\/\/druckereisaas.ch\/wp-content\/uploads\/2026\/01\/Poster-papier.png ,https:\/\/druckereisaas.ch\/wp-content\/uploads\/2026\/01\/Poster-papier.png 780w, https:\/\/druckereisaas.ch\/wp-content\/uploads\/2026\/01\/Poster-papier.png 360w\" sizes=\"auto, (max-width: 480px) 150px\" src=\"https:\/\/druckereisaas.ch\/wp-content\/uploads\/2026\/01\/Poster-papier.png\" alt=\"\" class=\"uag-image-32204\" width=\"200\" height=\"200\" title=\"Poster papier\" loading=\"lazy\" role=\"img\"\/><\/figure><\/div>\n<\/div>\n\n\n\n<div class=\"wp-block-uagb-container landing-product uagb-block-a7767d34\">\n<h3 class=\"wp-block-heading\">Tischset<\/h3>\n\n\n\n<p>Praktisches Einweg-Tischset aus Papier.<\/p>\n\n\n\n<div class=\"wp-block-uagb-image uagb-block-f8aa998e wp-block-uagb-image--layout-default wp-block-uagb-image--effect-static wp-block-uagb-image--align-none\"><figure class=\"wp-block-uagb-image__figure\"><img decoding=\"async\" srcset=\"https:\/\/druckereisaas.ch\/wp-content\/uploads\/2026\/01\/tischset-startseite.png ,https:\/\/druckereisaas.ch\/wp-content\/uploads\/2026\/01\/tischset-startseite.png 780w, https:\/\/druckereisaas.ch\/wp-content\/uploads\/2026\/01\/tischset-startseite.png 360w\" sizes=\"auto, (max-width: 480px) 150px\" src=\"https:\/\/druckereisaas.ch\/wp-content\/uploads\/2026\/01\/tischset-startseite.png\" alt=\"\" class=\"uag-image-32205\" width=\"200\" height=\"200\" title=\"tischset startseite\" loading=\"lazy\" role=\"img\"\/><\/figure><\/div>\n<\/div>\n\n\n\n<div class=\"wp-block-uagb-container landing-product uagb-block-b4eb074f\">\n<h3 class=\"wp-block-heading\"><\/h3>\n\n\n\n<p><\/p>\n<\/div>\n\n\n\n<div class=\"wp-block-uagb-container landing-product uagb-block-0a5beac6\">\n<h3 class=\"wp-block-heading\"><\/h3>\n\n\n\n<p><\/p>\n<\/div>\n\n\n\n<div class=\"wp-block-uagb-container landing-product uagb-block-7eb047ab\">\n<h3 class=\"wp-block-heading\"><\/h3>\n\n\n\n<p><\/p>\n<\/div>\n<\/div><\/div>\n\n\n\n<hr class=\"wp-block-separator has-text-color has-base-2-color has-alpha-channel-opacity has-base-2-background-color has-background\"\/>\n\n\n\n<div class=\"wp-block-uagb-container uagb-block-25608494 alignfull uagb-is-root-container\"><div class=\"uagb-container-inner-blocks-wrap\">\n<div class=\"wp-block-uagb-container uagb-block-681e73b4\">\n<div class=\"wp-block-uagb-advanced-heading uagb-block-81774975\"><h2 class=\"uagb-heading-text\">Professionelle Druckl\u00f6sungen<\/h2><\/div>\n\n\n\n<p>Entdecken Sie hochwertige <strong>Drucksachen<\/strong>, die Ihre Botschaft perfekt vermitteln. Ob <strong>Flyer<\/strong>, <strong>Visitenkarten<\/strong>, <strong>Briefpapier<\/strong>, <strong>Couverts<\/strong>, <strong>Falzflyer, Post- und Grusskarten<\/strong> oder <strong>Tischsets<\/strong> \u2013 bei uns wird jede Druckidee professionell umgesetzt. Gedruckt mit Pr\u00e4zision und Sorgfalt in der Schweiz, direkt aus Saas-Fee.&nbsp;<\/p>\n\n\n\n<p>Wir bieten eine breite Palette an Druckprodukten:&nbsp;<\/p>\n\n\n<div class=\"gb-container gb-container-919a8f52\">\n\n<ul class=\"wp-block-list\">\n<li><strong>Flyer<\/strong>: Ideal f\u00fcr Events, Aktionen und Werbung.&nbsp;<\/li>\n\n\n\n<li><strong>Visitenkarten<\/strong>: Hochwertige Druckqualit\u00e4t f\u00fcr einen professionellen Auftritt.&nbsp;<\/li>\n\n\n\n<li><strong>Gesch\u00e4ftsdrucksachen<\/strong>: Briefpapier, Rechnungen und mehr f\u00fcr Ihr Unternehmen.&nbsp;<\/li>\n\n\n\n<li><strong>Falzflyer<\/strong>: Praktische Brosch\u00fcren f\u00fcr umfangreiche Informationen.&nbsp;<\/li>\n\n\n\n<li><strong>Tischsets<\/strong>: Einzigartige Designs f\u00fcr Gastronomie und Events.&nbsp;<\/li>\n\n\n\n<li><strong>Couverts<\/strong>: Professionelle Briefumschl\u00e4ge f\u00fcr jede Gelegenheit.&nbsp;<\/li>\n\n\n\n<li><strong>Postkarten<\/strong>: Individuelle Designs f\u00fcr Werbung oder pers\u00f6nliche Gr\u00fcsse.&nbsp;<\/li>\n\n\n\n<li><strong>Grusskarten<\/strong>: Perfekt f\u00fcr Feiertage, Einladungen und besondere Anl\u00e4sse.&nbsp;<\/li>\n<\/ul>\n\n<\/div>\n\n\n<p><strong>Warum bei uns drucken lassen?<\/strong><\/p>\n\n\n\n<ul class=\"wp-block-list\">\n<li><strong>Schweizer Qualit\u00e4t<\/strong>: Alle Drucksachen werden lokal in der Schweiz produziert.&nbsp;<\/li>\n\n\n\n<li><strong>Pers\u00f6nlicher Service<\/strong>: Individuelle Beratung und Umsetzung nach Ihren W\u00fcnschen.&nbsp;<\/li>\n\n\n\n<li> <strong>Modernste Technik<\/strong>: Wir setzen auf innovative Druckverfahren f\u00fcr perfekte Ergebnisse.&nbsp;<\/li>\n<\/ul>\n<\/div>\n\n\n\n<div class=\"wp-block-uagb-container uagb-block-fa84e14b\">\n<div class=\"wp-block-uagb-image uagb-block-0ad2e61a wp-block-uagb-image--layout-default wp-block-uagb-image--effect-static wp-block-uagb-image--align-none\"><figure class=\"wp-block-uagb-image__figure\"><img decoding=\"async\" srcset=\"https:\/\/druckereisaas.ch\/wp-content\/uploads\/2024\/12\/farben-1024x1024.jpg ,https:\/\/druckereisaas.ch\/wp-content\/uploads\/2024\/12\/farben.jpg 780w, https:\/\/druckereisaas.ch\/wp-content\/uploads\/2024\/12\/farben.jpg 360w\" sizes=\"auto, (max-width: 480px) 150px\" src=\"https:\/\/druckereisaas.ch\/wp-content\/uploads\/2024\/12\/farben-1024x1024.jpg\" alt=\"\" class=\"uag-image-30449\" width=\"600\" height=\"494\" title=\"farben\" loading=\"lazy\" role=\"img\"\/><\/figure><\/div>\n<\/div>\n<\/div><\/div>","protected":false},"excerpt":{"rendered":"<p><strong>Unsere Preislisten sind jetzt online \u2013 entdecke die Topseller!<br \/><\/strong>Ab sofort findest du unsere aktuellen Preislisten direkt auf unserer Website. St\u00f6bere durch unsere beliebtesten Produkte, sichere dir die neuesten Angebote und bleibe immer auf dem Laufenden. Unsere Topseller bieten dir beste Qualit\u00e4t zu attraktiven Preisen \u2013 schnell, transparent und jederzeit abrufbar.<\/p>","protected":false},"author":8,"featured_media":0,"parent":0,"menu_order":0,"comment_status":"closed","ping_status":"closed","template":"","meta":{"_acf_changed":false,"_uag_custom_page_level_css":"","footnotes":""},"class_list":["post-30366","page","type-page","status-publish"],"acf":[],"uagb_featured_image_src":{"full":false,"thumbnail":false,"medium":false,"medium_large":false,"large":false,"1536x1536":false,"2048x2048":false,"trp-custom-language-flag":false,"woocommerce_thumbnail":false,"woocommerce_single":false,"woocommerce_gallery_thumbnail":false},"uagb_author_info":{"display_name":"ad-min-mys","author_link":"https:\/\/druckereisaas.ch\/it\/author\/ad-min-mys\/"},"uagb_comment_info":0,"uagb_excerpt":"Unsere Preislisten sind jetzt online \u2013 entdecke die Topseller!Ab sofort findest du unsere aktuellen Preislisten direkt auf unserer Website. St\u00f6bere durch unsere beliebtesten Produkte, sichere dir die neuesten Angebote und bleibe immer auf dem Laufenden. Unsere Topseller bieten dir beste Qualit\u00e4t zu attraktiven Preisen \u2013 schnell, transparent und jederzeit abrufbar.","_links":{"self":[{"href":"https:\/\/druckereisaas.ch\/it\/wp-json\/wp\/v2\/pages\/30366","targetHints":{"allow":["GET"]}}],"collection":[{"href":"https:\/\/druckereisaas.ch\/it\/wp-json\/wp\/v2\/pages"}],"about":[{"href":"https:\/\/druckereisaas.ch\/it\/wp-json\/wp\/v2\/types\/page"}],"author":[{"embeddable":true,"href":"https:\/\/druckereisaas.ch\/it\/wp-json\/wp\/v2\/users\/8"}],"replies":[{"embeddable":true,"href":"https:\/\/druckereisaas.ch\/it\/wp-json\/wp\/v2\/comments?post=30366"}],"version-history":[{"count":41,"href":"https:\/\/druckereisaas.ch\/it\/wp-json\/wp\/v2\/pages\/30366\/revisions"}],"predecessor-version":[{"id":32214,"href":"https:\/\/druckereisaas.ch\/it\/wp-json\/wp\/v2\/pages\/30366\/revisions\/32214"}],"wp:attachment":[{"href":"https:\/\/druckereisaas.ch\/it\/wp-json\/wp\/v2\/media?parent=30366"}],"curies":[{"name":"wp","href":"https:\/\/api.w.org\/{rel}","templated":true}]}}