

{"id":30369,"date":"2024-12-16T18:51:29","date_gmt":"2024-12-16T17:51:29","guid":{"rendered":"https:\/\/druckereisaas.ch\/?page_id=30369"},"modified":"2025-01-22T08:20:59","modified_gmt":"2025-01-22T07:20:59","slug":"textildruck","status":"publish","type":"page","link":"https:\/\/druckereisaas.ch\/it\/textildruck\/","title":{"rendered":"Textildruck &amp; Stickerei"},"content":{"rendered":"<div style=\"height:60px\" aria-hidden=\"true\" class=\"wp-block-spacer\"><\/div>\n\n\n\n<div class=\"wp-block-group is-nowrap is-layout-flex wp-container-core-group-is-layout-ad2f72ca wp-block-group-is-layout-flex\">\n<figure class=\"wp-block-image size-full is-resized\"><img loading=\"lazy\" decoding=\"async\" width=\"500\" height=\"500\" src=\"https:\/\/druckereisaas.ch\/wp-content\/uploads\/2024\/12\/Ausrufezeichen.png\" alt=\"\" class=\"wp-image-30645\" style=\"width:206px;height:auto\" srcset=\"https:\/\/druckereisaas.ch\/wp-content\/uploads\/2024\/12\/Ausrufezeichen.png 500w, https:\/\/druckereisaas.ch\/wp-content\/uploads\/2024\/12\/Ausrufezeichen-300x300.png 300w, https:\/\/druckereisaas.ch\/wp-content\/uploads\/2024\/12\/Ausrufezeichen-150x150.png 150w, https:\/\/druckereisaas.ch\/wp-content\/uploads\/2024\/12\/Ausrufezeichen-100x100.png 100w\" sizes=\"auto, (max-width: 500px) 100vw, 500px\" \/><\/figure>\n\n\n\n<p class=\"note-text has-medium-font-size\">Entdecke unsere vielf\u00e4ltige Auswahl an Textilien zum Bedrucken \u2013 perfekt f\u00fcr private Anl\u00e4sse, stylische Outfits, Vereine, Firmenkleidung oder Give-Aways. Aktuell sind unsere Produkte auf Anfrage erh\u00e4ltlich, doch schon bald findest Du alle Artikel, Preise und Bestelldetails bequem online. <a href=\"https:\/\/druckereisaas.ch\/it\/extrawunsch\/\">Online Formular<\/a><\/p>\n<\/div>\n\n\n\n<div style=\"height:40px\" aria-hidden=\"true\" class=\"wp-block-spacer\"><\/div>\n\n\n\n<div class=\"wp-block-uagb-container uagb-block-020f549d alignfull uagb-is-root-container\"><div class=\"uagb-container-inner-blocks-wrap\">\n<div class=\"wp-block-uagb-container landing-product uagb-block-fff9a225\">\n<h3 class=\"wp-block-heading\">T-Shirt<\/h3>\n\n\n\n<p>Dein T-Shirt, dein Design \u2013 hochwertiger Textildruck!<\/p>\n\n\n\n<div class=\"wp-block-uagb-image uagb-block-0b2fb648 wp-block-uagb-image--layout-default wp-block-uagb-image--effect-static wp-block-uagb-image--align-none\"><figure class=\"wp-block-uagb-image__figure\"><img decoding=\"async\" srcset=\"https:\/\/druckereisaas.ch\/wp-content\/uploads\/2024\/12\/TShirt-Mockup.png ,https:\/\/druckereisaas.ch\/wp-content\/uploads\/2024\/12\/TShirt-Mockup.png 780w, https:\/\/druckereisaas.ch\/wp-content\/uploads\/2024\/12\/TShirt-Mockup.png 360w\" sizes=\"auto, (max-width: 480px) 150px\" src=\"https:\/\/druckereisaas.ch\/wp-content\/uploads\/2024\/12\/TShirt-Mockup.png\" alt=\"\" class=\"uag-image-30663\" width=\"200\" height=\"200\" title=\"TShirt-Mockup\" loading=\"lazy\" role=\"img\"\/><\/figure><\/div>\n<\/div>\n\n\n\n<div class=\"wp-block-uagb-container landing-product uagb-block-9d828557\">\n<h3 class=\"wp-block-heading\">Poloshirt<\/h3>\n\n\n\n<p>Entdecke Polo-Shirts \u2013 stilvoll und individuell! <\/p>\n\n\n\n<div class=\"wp-block-uagb-image uagb-block-3449b767 wp-block-uagb-image--layout-default wp-block-uagb-image--effect-static wp-block-uagb-image--align-none\"><figure class=\"wp-block-uagb-image__figure\"><img decoding=\"async\" srcset=\"https:\/\/druckereisaas.ch\/wp-content\/uploads\/2024\/12\/Polo-Mockup.png ,https:\/\/druckereisaas.ch\/wp-content\/uploads\/2024\/12\/Polo-Mockup.png 780w, https:\/\/druckereisaas.ch\/wp-content\/uploads\/2024\/12\/Polo-Mockup.png 360w\" sizes=\"auto, (max-width: 480px) 150px\" src=\"https:\/\/druckereisaas.ch\/wp-content\/uploads\/2024\/12\/Polo-Mockup.png\" alt=\"\" class=\"uag-image-30659\" width=\"200\" height=\"200\" title=\"Polo-Mockup\" loading=\"lazy\" role=\"img\"\/><\/figure><\/div>\n<\/div>\n\n\n\n<div class=\"wp-block-uagb-container landing-product uagb-block-aaf9e6f4\">\n<h3 class=\"wp-block-heading\">Hoodie<\/h3>\n\n\n\n<p>Unsere Hoodies sind individuell und vielseitig!<\/p>\n\n\n\n<div class=\"wp-block-uagb-image uagb-block-9ae2f2f4 wp-block-uagb-image--layout-default wp-block-uagb-image--effect-static wp-block-uagb-image--align-none\"><figure class=\"wp-block-uagb-image__figure\"><img decoding=\"async\" srcset=\"https:\/\/druckereisaas.ch\/wp-content\/uploads\/2024\/12\/Hoddie-3Mockup.png ,https:\/\/druckereisaas.ch\/wp-content\/uploads\/2024\/12\/Hoddie-3Mockup.png 780w, https:\/\/druckereisaas.ch\/wp-content\/uploads\/2024\/12\/Hoddie-3Mockup.png 360w\" sizes=\"auto, (max-width: 480px) 150px\" src=\"https:\/\/druckereisaas.ch\/wp-content\/uploads\/2024\/12\/Hoddie-3Mockup.png\" alt=\"\" class=\"uag-image-30684\" width=\"200\" height=\"200\" title=\"Hoddie-3Mockup\" loading=\"lazy\" role=\"img\"\/><\/figure><\/div>\n<\/div>\n\n\n\n<div class=\"wp-block-uagb-container landing-product uagb-block-465796c3\">\n<h3 class=\"wp-block-heading\"><\/h3>\n\n\n\n<p><\/p>\n<\/div>\n<\/div><\/div>\n\n\n\n<div class=\"wp-block-uagb-container uagb-block-14d54dff alignfull uagb-is-root-container\"><div class=\"uagb-container-inner-blocks-wrap\">\n<div class=\"wp-block-uagb-container landing-product uagb-block-8ecf4ff7\">\n<h3 class=\"wp-block-heading\">Cap<\/h3>\n\n\n\n<p>Unsere Caps \u2013 individuell und trendig!<\/p>\n\n\n\n<div class=\"wp-block-uagb-image uagb-block-818bf3d6 wp-block-uagb-image--layout-default wp-block-uagb-image--effect-static wp-block-uagb-image--align-none\"><figure class=\"wp-block-uagb-image__figure\"><img decoding=\"async\" srcset=\"https:\/\/druckereisaas.ch\/wp-content\/uploads\/2024\/12\/Cap-Mockup.png ,https:\/\/druckereisaas.ch\/wp-content\/uploads\/2024\/12\/Cap-Mockup.png 780w, https:\/\/druckereisaas.ch\/wp-content\/uploads\/2024\/12\/Cap-Mockup.png 360w\" sizes=\"auto, (max-width: 480px) 150px\" src=\"https:\/\/druckereisaas.ch\/wp-content\/uploads\/2024\/12\/Cap-Mockup.png\" alt=\"\" class=\"uag-image-30661\" width=\"200\" height=\"200\" title=\"Cap-Mockup\" loading=\"lazy\" role=\"img\"\/><\/figure><\/div>\n<\/div>\n\n\n\n<div class=\"wp-block-uagb-container landing-product uagb-block-49339055\">\n<h3 class=\"wp-block-heading\">M\u00fctze<\/h3>\n\n\n\n<p>Personalisiere Deine M\u00fctze \u2013 warm und personalisierbar!<\/p>\n\n\n\n<div class=\"wp-block-uagb-image uagb-block-e71ad0e8 wp-block-uagb-image--layout-default wp-block-uagb-image--effect-static wp-block-uagb-image--align-none\"><figure class=\"wp-block-uagb-image__figure\"><img decoding=\"async\" srcset=\"https:\/\/druckereisaas.ch\/wp-content\/uploads\/2024\/12\/Beanie-Mockup1.png ,https:\/\/druckereisaas.ch\/wp-content\/uploads\/2024\/12\/Beanie-Mockup1.png 780w, https:\/\/druckereisaas.ch\/wp-content\/uploads\/2024\/12\/Beanie-Mockup1.png 360w\" sizes=\"auto, (max-width: 480px) 150px\" src=\"https:\/\/druckereisaas.ch\/wp-content\/uploads\/2024\/12\/Beanie-Mockup1.png\" alt=\"\" class=\"uag-image-30672\" width=\"200\" height=\"200\" title=\"Beanie-Mockup1\" loading=\"lazy\" role=\"img\"\/><\/figure><\/div>\n<\/div>\n\n\n\n<div class=\"wp-block-uagb-container landing-product uagb-block-04e7ec46\">\n<h3 class=\"wp-block-heading\">Loopschal<\/h3>\n\n\n\n<p>Loopschals zum Bedrucken \u2013 stylisch und individuell!<\/p>\n\n\n\n<div class=\"wp-block-uagb-image uagb-block-ea21edfb wp-block-uagb-image--layout-default wp-block-uagb-image--effect-static wp-block-uagb-image--align-none\"><figure class=\"wp-block-uagb-image__figure\"><img decoding=\"async\" srcset=\"https:\/\/druckereisaas.ch\/wp-content\/uploads\/2024\/12\/Loop-Mockup.png ,https:\/\/druckereisaas.ch\/wp-content\/uploads\/2024\/12\/Loop-Mockup.png 780w, https:\/\/druckereisaas.ch\/wp-content\/uploads\/2024\/12\/Loop-Mockup.png 360w\" sizes=\"auto, (max-width: 480px) 150px\" src=\"https:\/\/druckereisaas.ch\/wp-content\/uploads\/2024\/12\/Loop-Mockup.png\" alt=\"\" class=\"uag-image-30664\" width=\"200\" height=\"200\" title=\"Loop-Mockup\" loading=\"lazy\" role=\"img\"\/><\/figure><\/div>\n<\/div>\n\n\n\n<div class=\"wp-block-uagb-container landing-product uagb-block-98fa77e3\">\n<h3 class=\"wp-block-heading\"><\/h3>\n\n\n\n<p><\/p>\n<\/div>\n<\/div><\/div>\n\n\n\n<hr class=\"wp-block-separator has-text-color has-base-2-color has-alpha-channel-opacity has-base-2-background-color has-background\"\/>\n\n\n\n<div class=\"wp-block-uagb-container uagb-block-25608494 alignfull uagb-is-root-container\"><div class=\"uagb-container-inner-blocks-wrap\">\n<div class=\"wp-block-uagb-container uagb-block-681e73b4\">\n<div class=\"wp-block-uagb-advanced-heading uagb-block-81774975\"><h2 class=\"uagb-heading-text\">Textilien bestellen, bedrucken und besticken \u2013 Qualit\u00e4t aus Saas Fee<\/h2><\/div>\n\n\n\n<p>Suchst Du nach individuellen Textilien, die genau Deinen Vorstellungen entsprechen? Bei uns kannst Du verschiedene Textilien ganz einfach bestellen und nach Wunsch bedrucken oder besticken lassen. Ob T-Shirts, Hoodies, Caps, Polo-Shirts oder Loopschals \u2013 wir bieten Dir eine grosse Auswahl an hochwertigen Produkten, die sich perfekt f\u00fcr private Anl\u00e4sse, Vereinskleidung, Firmenoutfits oder einzigartige Give-Aways eignen.<\/p>\n\n\n\n<p>Alle unsere Textilien werden mit gr\u00f6sster Sorgfalt direkt in Saas Fee bedruckt oder bestickt. Dadurch garantieren wir Dir nicht nur eine hohe Qualit\u00e4t, sondern auch eine schnelle und flexible Umsetzung Deiner W\u00fcnsche. Unsere Designs sind langlebig, pr\u00e4zise und verleihen jedem Kleidungsst\u00fcck eine pers\u00f6nliche Note.<\/p>\n\n\n\n<p>Bestelle jetzt personalisierte Textilien und profitiere von unserer Erfahrung und unserem Standortvorteil in Saas Fee!<\/p>\n<\/div>\n\n\n\n<div class=\"wp-block-uagb-container uagb-block-fa84e14b\">\n<div class=\"wp-block-uagb-image uagb-block-0ad2e61a wp-block-uagb-image--layout-default wp-block-uagb-image--effect-static wp-block-uagb-image--align-none\"><figure class=\"wp-block-uagb-image__figure\"><img decoding=\"async\" srcset=\"https:\/\/druckereisaas.ch\/wp-content\/uploads\/2024\/12\/web-2-kleider-1024x1024.jpg ,https:\/\/druckereisaas.ch\/wp-content\/uploads\/2024\/12\/web-2-kleider.jpg 780w, https:\/\/druckereisaas.ch\/wp-content\/uploads\/2024\/12\/web-2-kleider.jpg 360w\" sizes=\"auto, (max-width: 480px) 150px\" src=\"https:\/\/druckereisaas.ch\/wp-content\/uploads\/2024\/12\/web-2-kleider-1024x1024.jpg\" alt=\"\" class=\"uag-image-30516\" width=\"600\" height=\"494\" title=\"web 2 kleider\" loading=\"lazy\" role=\"img\"\/><\/figure><\/div>\n<\/div>\n<\/div><\/div>\n\n\n\n<div class=\"wp-block-uagb-container switch_cols_mobile uagb-layout-flex uagb-block-cba85968 alignfull uagb-is-root-container\"><div class=\"uagb-container-inner-blocks-wrap\">\n<div class=\"wp-block-uagb-container uagb-block-65e8a8da\">\n<div class=\"wp-block-uagb-image uagb-block-994d4c7d wp-block-uagb-image--layout-default wp-block-uagb-image--effect-static wp-block-uagb-image--align-none\"><figure class=\"wp-block-uagb-image__figure\"><img decoding=\"async\" srcset=\"https:\/\/druckereisaas.ch\/wp-content\/uploads\/2024\/12\/diverse-web-1024x1024.jpg ,https:\/\/druckereisaas.ch\/wp-content\/uploads\/2024\/12\/diverse-web.jpg 780w, https:\/\/druckereisaas.ch\/wp-content\/uploads\/2024\/12\/diverse-web.jpg 360w\" sizes=\"auto, (max-width: 480px) 150px\" src=\"https:\/\/druckereisaas.ch\/wp-content\/uploads\/2024\/12\/diverse-web-1024x1024.jpg\" alt=\"\" class=\"uag-image-30517\" width=\"600\" height=\"494\" title=\"diverse web\" loading=\"lazy\" role=\"img\"\/><\/figure><\/div>\n<\/div>\n\n\n\n<div class=\"wp-block-uagb-container uagb-block-a00bb62d\">\n<div class=\"wp-block-uagb-advanced-heading uagb-block-10fe2c4e\"><h2 class=\"uagb-heading-text\">Qualit\u00e4t, die \u00fcberzeugt<\/h2><\/div>\n\n\n\n<p>Wir setzen auf modernste Druck- und Sticktechniken, um langlebige und hochwertige Ergebnisse zu garantieren. Perfekt f\u00fcr Teams, Vereine oder Unternehmen, die Wert auf professionelle Optik legen.<br>Jetzt Textilien personalisieren und beeindrucken!<\/p>\n<\/div>\n<\/div><\/div>","protected":false},"excerpt":{"rendered":"<p>Entdecke unsere vielf\u00e4ltige Auswahl an Textilien zum Bedrucken \u2013 perfekt f\u00fcr private Anl\u00e4sse, stylische Outfits, Vereine, Firmenkleidung oder Give-Aways. Aktuell sind unsere Produkte auf Anfrage erh\u00e4ltlich, doch schon bald findest Du alle Artikel, Preise und Bestelldetails bequem online. Online Formular T-Shirt Dein T-Shirt, dein Design \u2013 hochwertiger Textildruck! Poloshirt Entdecke Polo-Shirts \u2013 stilvoll und individuell! &#8230; <a title=\"Textildruck &amp; Stickerei\" class=\"read-more\" href=\"https:\/\/druckereisaas.ch\/it\/textildruck\/\" aria-label=\"Per saperne di pi\u00f9 su Textildruck &amp; Stickerei\">Leggi tutto<\/a><\/p>","protected":false},"author":8,"featured_media":0,"parent":0,"menu_order":0,"comment_status":"closed","ping_status":"closed","template":"","meta":{"_acf_changed":false,"_uag_custom_page_level_css":"","footnotes":""},"class_list":["post-30369","page","type-page","status-publish"],"acf":[],"uagb_featured_image_src":{"full":false,"thumbnail":false,"medium":false,"medium_large":false,"large":false,"1536x1536":false,"2048x2048":false,"trp-custom-language-flag":false,"woocommerce_thumbnail":false,"woocommerce_single":false,"woocommerce_gallery_thumbnail":false},"uagb_author_info":{"display_name":"ad-min-mys","author_link":"https:\/\/druckereisaas.ch\/it\/author\/ad-min-mys\/"},"uagb_comment_info":0,"uagb_excerpt":"Entdecke unsere vielf\u00e4ltige Auswahl an Textilien zum Bedrucken \u2013 perfekt f\u00fcr private Anl\u00e4sse, stylische Outfits, Vereine, Firmenkleidung oder Give-Aways. Aktuell sind unsere Produkte auf Anfrage erh\u00e4ltlich, doch schon bald findest Du alle Artikel, Preise und Bestelldetails bequem online. Online Formular T-Shirt Dein T-Shirt, dein Design \u2013 hochwertiger Textildruck! Poloshirt Entdecke Polo-Shirts \u2013 stilvoll und individuell!&hellip;","_links":{"self":[{"href":"https:\/\/druckereisaas.ch\/it\/wp-json\/wp\/v2\/pages\/30369","targetHints":{"allow":["GET"]}}],"collection":[{"href":"https:\/\/druckereisaas.ch\/it\/wp-json\/wp\/v2\/pages"}],"about":[{"href":"https:\/\/druckereisaas.ch\/it\/wp-json\/wp\/v2\/types\/page"}],"author":[{"embeddable":true,"href":"https:\/\/druckereisaas.ch\/it\/wp-json\/wp\/v2\/users\/8"}],"replies":[{"embeddable":true,"href":"https:\/\/druckereisaas.ch\/it\/wp-json\/wp\/v2\/comments?post=30369"}],"version-history":[{"count":38,"href":"https:\/\/druckereisaas.ch\/it\/wp-json\/wp\/v2\/pages\/30369\/revisions"}],"predecessor-version":[{"id":31024,"href":"https:\/\/druckereisaas.ch\/it\/wp-json\/wp\/v2\/pages\/30369\/revisions\/31024"}],"wp:attachment":[{"href":"https:\/\/druckereisaas.ch\/it\/wp-json\/wp\/v2\/media?parent=30369"}],"curies":[{"name":"wp","href":"https:\/\/api.w.org\/{rel}","templated":true}]}}