

{"id":31138,"date":"2025-02-10T10:05:14","date_gmt":"2025-02-10T09:05:14","guid":{"rendered":"https:\/\/druckereisaas.ch\/?page_id=31138"},"modified":"2025-02-17T14:18:56","modified_gmt":"2025-02-17T13:18:56","slug":"wettbewerb-magicpass","status":"publish","type":"page","link":"https:\/\/druckereisaas.ch\/it\/wettbewerb-magicpass\/","title":{"rendered":"Wettbewerb Magicpass"},"content":{"rendered":"\n<p><strong>Gewinne einen Magic Pass f\u00fcr die Saison 2025\/26!<\/strong><\/p>\n\n\n\n<hr class=\"wp-block-separator has-text-color has-base-2-color has-alpha-channel-opacity has-base-2-background-color has-background\"\/>\n\n\n<div class=\"gb-container gb-container-7db506e9\">\n<div class=\"gb-container gb-container-a543824e\">\n\n<div class=\"wp-block-columns is-layout-flex wp-container-core-columns-is-layout-9d6595d7 wp-block-columns-is-layout-flex\">\n<div class=\"wp-block-column is-layout-flow wp-block-column-is-layout-flow\">\n<p>M\u00f6chtest Du eine ganze Saison lang freien Zugang zu mehr als 50 Skigebieten in der Schweiz und Frankreich? Dann ist das deine Chance! DruckereiSaas.ch verlost einen <strong>Magic Pass<\/strong> f\u00fcr den Sommer 2025 &amp; Wintersaison 2025\/26.<\/p>\n\n\n\n<h3 class=\"wp-block-heading\">So nimmst du teil:<\/h3>\n\n\n\n<p><strong>Formular ausf\u00fcllen:<\/strong> Trage deine E-Mail-Adresse in das Teilnahmeformular ein.<br><strong>Mit etwas Gl\u00fcck gewinnen!<\/strong><\/p>\n\n\n\n<p>Der Magic Pass bietet Dir uneingeschr\u00e4nkten Zugang zu zahlreichen Skigebieten, darunter Verbier, Crans-Montana, Saas-Fee und viele mehr! Egal ob du Skifahren, Snowboarden oder einfach die Berge geniessen willst \u2013 mit dem Magic Pass bist du bestens ausger\u00fcstet.<\/p>\n\n\n\n<p><strong>Teilnahmeschluss:<\/strong> 31. M\u00e4rz 2025<br>Der Gewinner wird per E-Mail benachrichtigt. Mit der Teilnahme erh\u00e4ltst Du automatisch unseren Newsletter, den Du jederzeit abbestellen kannst.<\/p>\n\n\n<div class=\"wpforms-container wpforms-container-full wpforms-block wpforms-block-48d99653-b37d-4399-9b44-63136efcaa46 wpforms-render-modern\" id=\"wpforms-31185\"><form id=\"wpforms-form-31185\" class=\"wpforms-validate wpforms-form wpforms-ajax-form\" data-formid=\"31185\" method=\"post\" enctype=\"multipart\/form-data\" action=\"\/it\/wp-json\/wp\/v2\/pages\/31138\" data-token=\"5db67d6b3a63f7cad0b65847e177124f\" data-token-time=\"1777737816\"><noscript class=\"wpforms-error-noscript\">Abilita JavaScript nel browser per completare questo modulo.<\/noscript><div id=\"wpforms-error-noscript\" style=\"display: none;\">Abilita JavaScript nel browser per completare questo modulo.<\/div><div class=\"wpforms-field-container\">\t\t<div id=\"wpforms-31185-field_1-container\"\n\t\t\tclass=\"wpforms-field wpforms-field-text\"\n\t\t\tdata-field-type=\"text\"\n\t\t\tdata-field-id=\"1\"\n\t\t\t>\n\t\t\t<label class=\"wpforms-field-label\" for=\"wpforms-31185-field_1\" >Email<\/label>\n\t\t\t<input type=\"text\" id=\"wpforms-31185-field_1\" class=\"wpforms-field-medium\" name=\"wpforms[fields][1]\" >\n\t\t<\/div>\n\t\t<div id=\"wpforms-31185-field_2-container\" class=\"wpforms-field wpforms-field-email\" data-field-id=\"2\"><label class=\"wpforms-field-label\" for=\"wpforms-31185-field_2\">Email <span class=\"wpforms-required-label\" aria-hidden=\"true\">*<\/span><\/label><input type=\"email\" id=\"wpforms-31185-field_2\" class=\"wpforms-field-medium wpforms-field-required\" name=\"wpforms[fields][2]\" spellcheck=\"false\" aria-errormessage=\"wpforms-31185-field_2-error\" required><\/div><script>\n\t\t\t\t( function() {\n\t\t\t\t\tconst style = document.createElement( 'style' );\n\t\t\t\t\tstyle.appendChild( document.createTextNode( '#wpforms-31185-field_1-container { position: absolute !important; overflow: hidden !important; display: inline !important; height: 1px !important; width: 1px !important; z-index: -1000 !important; padding: 0 !important; } #wpforms-31185-field_1-container input { visibility: hidden; } #wpforms-conversational-form-page #wpforms-31185-field_1-container label { counter-increment: none; }' ) );\n\t\t\t\t\tdocument.head.appendChild( style );\n\t\t\t\t\tdocument.currentScript?.remove();\n\t\t\t\t} )();\n\t\t\t<\/script><\/div><!-- .wpforms-field-container --><div class=\"wpforms-submit-container\" ><input type=\"hidden\" name=\"wpforms[id]\" value=\"31185\"><input type=\"hidden\" name=\"page_title\" value=\"\"><input type=\"hidden\" name=\"page_url\" value=\"https:\/\/druckereisaas.ch\/it\/wp-json\/wp\/v2\/pages\/31138\"><input type=\"hidden\" name=\"url_referer\" value=\"\"><button type=\"submit\" name=\"wpforms[submit]\" id=\"wpforms-submit-31185\" class=\"wpforms-submit\" data-alt-text=\"Sending...\" data-submit-text=\"Mitmachen\" aria-live=\"assertive\" value=\"wpforms-submit\">Mitmachen<\/button><img loading=\"lazy\" decoding=\"async\" src=\"https:\/\/druckereisaas.ch\/wp-content\/plugins\/wpforms\/assets\/images\/submit-spin.svg\" class=\"wpforms-submit-spinner\" style=\"display: none;\" width=\"26\" height=\"26\" alt=\"Caricamento\"><\/div><\/form><\/div>  <!-- .wpforms-container --><\/div>\n\n\n\n<div class=\"wp-block-column is-layout-flow wp-block-column-is-layout-flow\">\n<figure class=\"wp-block-image size-large\"><img loading=\"lazy\" decoding=\"async\" width=\"1024\" height=\"1024\" src=\"https:\/\/druckereisaas.ch\/wp-content\/uploads\/2025\/02\/Foto-magicpass-1024x1024.jpg\" alt=\"\" class=\"wp-image-31246\" srcset=\"https:\/\/druckereisaas.ch\/wp-content\/uploads\/2025\/02\/Foto-magicpass-1024x1024.jpg 1024w, https:\/\/druckereisaas.ch\/wp-content\/uploads\/2025\/02\/Foto-magicpass-300x300.jpg 300w, https:\/\/druckereisaas.ch\/wp-content\/uploads\/2025\/02\/Foto-magicpass-150x150.jpg 150w, https:\/\/druckereisaas.ch\/wp-content\/uploads\/2025\/02\/Foto-magicpass-768x768.jpg 768w, https:\/\/druckereisaas.ch\/wp-content\/uploads\/2025\/02\/Foto-magicpass-12x12.jpg 12w, https:\/\/druckereisaas.ch\/wp-content\/uploads\/2025\/02\/Foto-magicpass-600x600.jpg 600w, https:\/\/druckereisaas.ch\/wp-content\/uploads\/2025\/02\/Foto-magicpass-100x100.jpg 100w, https:\/\/druckereisaas.ch\/wp-content\/uploads\/2025\/02\/Foto-magicpass.jpg 1488w\" sizes=\"auto, (max-width: 1024px) 100vw, 1024px\" \/><\/figure>\n<\/div>\n<\/div>\n\n<\/div>\n<\/div>\n\n<div class=\"gb-container gb-container-f342bf5d\"><\/div>\n\n\n<hr class=\"wp-block-separator has-alpha-channel-opacity\"\/>\n\n\n\n<h3 class=\"wp-block-heading\">Teilnahmebedingungen<\/h3>\n\n\n\n<ol start=\"1\" class=\"wp-block-list\">\n<li><strong>Veranstalter<\/strong>: Der Wettbewerb wird von DruckereiSaas.ch organisiert und steht in keinem Zusammenhang mit der Firma Magic Pass oder deren Partnern.<\/li>\n\n\n\n<li><strong>Teilnahmeberechtigung<\/strong>: Teilnahmeberechtigt sind alle Personen ab 18 Jahren mit Wohnsitz in der Schweiz.<\/li>\n\n\n\n<li><strong>Teilnahmezeitraum<\/strong>: Der Wettbewerb l\u00e4uft bis zum 31. M\u00e4rz 2025. Sp\u00e4tere Einsendungen werden nicht ber\u00fccksichtigt.<\/li>\n\n\n\n<li><strong>Gewinnermittlung<\/strong>: Der Gewinner wird per Zufallsprinzip ermittelt und bis sp\u00e4testens 04.04.2025 per E-Mail benachrichtigt.<\/li>\n\n\n\n<li><strong>Preis<\/strong>: Der Gewinn umfasst einen Magic Pass f\u00fcr die Saison 2025\/26. Eine Barauszahlung oder \u00dcbertragung des Gewinns ist ausgeschlossen.<\/li>\n\n\n\n<li><strong>Datenverarbeitung<\/strong>: Mit der Teilnahme erkl\u00e4ren sich die Teilnehmer damit einverstanden, dass ihre angegebenen Daten f\u00fcr die Durchf\u00fchrung des Gewinnspiels sowie f\u00fcr den Newsletter-Versand verwendet werden. Der Newsletter kann jederzeit abbestellt werden.<\/li>\n\n\n\n<li><strong>Haftungsausschluss<\/strong>: DruckereiSaas.ch \u00fcbernimmt keine Haftung f\u00fcr technische Probleme, Verz\u00f6gerungen oder sonstige Schwierigkeiten, die die Teilnahme am Gewinnspiel beeinflussen k\u00f6nnten.<\/li>\n\n\n\n<li><strong>Rechtsweg<\/strong>: Der Rechtsweg ist ausgeschlossen.<\/li>\n<\/ol>\n\n\n\n<p>Mit der Teilnahme am Gewinnspiel akzeptieren die Teilnehmer diese Bedingungen.<\/p>\n\n\n<div class=\"gb-container gb-container-c1585f34\"><\/div>\n\n\n<hr class=\"wp-block-separator has-alpha-channel-opacity\"\/>\n\n\n\n<p><\/p>\n","protected":false},"excerpt":{"rendered":"<p>Gewinne einen Magic Pass f\u00fcr die Saison 2025\/26! M\u00f6chtest Du eine ganze Saison lang freien Zugang zu mehr als 50 Skigebieten in der Schweiz und Frankreich? Dann ist das deine Chance! DruckereiSaas.ch verlost einen Magic Pass f\u00fcr den Sommer 2025 &amp; Wintersaison 2025\/26. So nimmst du teil: Formular ausf\u00fcllen: Trage deine E-Mail-Adresse in das Teilnahmeformular &#8230; <a title=\"Wettbewerb Magicpass\" class=\"read-more\" href=\"https:\/\/druckereisaas.ch\/it\/wettbewerb-magicpass\/\" aria-label=\"Per saperne di pi\u00f9 su Wettbewerb Magicpass\">Leggi tutto<\/a><\/p>","protected":false},"author":8,"featured_media":0,"parent":0,"menu_order":0,"comment_status":"closed","ping_status":"closed","template":"","meta":{"_acf_changed":false,"_uag_custom_page_level_css":"","footnotes":""},"class_list":["post-31138","page","type-page","status-publish"],"acf":[],"uagb_featured_image_src":{"full":false,"thumbnail":false,"medium":false,"medium_large":false,"large":false,"1536x1536":false,"2048x2048":false,"trp-custom-language-flag":false,"woocommerce_thumbnail":false,"woocommerce_single":false,"woocommerce_gallery_thumbnail":false},"uagb_author_info":{"display_name":"ad-min-mys","author_link":"https:\/\/druckereisaas.ch\/it\/author\/ad-min-mys\/"},"uagb_comment_info":0,"uagb_excerpt":"Gewinne einen Magic Pass f\u00fcr die Saison 2025\/26! M\u00f6chtest Du eine ganze Saison lang freien Zugang zu mehr als 50 Skigebieten in der Schweiz und Frankreich? Dann ist das deine Chance! DruckereiSaas.ch verlost einen Magic Pass f\u00fcr den Sommer 2025 &amp; Wintersaison 2025\/26. So nimmst du teil: Formular ausf\u00fcllen: Trage deine E-Mail-Adresse in das Teilnahmeformular&hellip;","_links":{"self":[{"href":"https:\/\/druckereisaas.ch\/it\/wp-json\/wp\/v2\/pages\/31138","targetHints":{"allow":["GET"]}}],"collection":[{"href":"https:\/\/druckereisaas.ch\/it\/wp-json\/wp\/v2\/pages"}],"about":[{"href":"https:\/\/druckereisaas.ch\/it\/wp-json\/wp\/v2\/types\/page"}],"author":[{"embeddable":true,"href":"https:\/\/druckereisaas.ch\/it\/wp-json\/wp\/v2\/users\/8"}],"replies":[{"embeddable":true,"href":"https:\/\/druckereisaas.ch\/it\/wp-json\/wp\/v2\/comments?post=31138"}],"version-history":[{"count":12,"href":"https:\/\/druckereisaas.ch\/it\/wp-json\/wp\/v2\/pages\/31138\/revisions"}],"predecessor-version":[{"id":31247,"href":"https:\/\/druckereisaas.ch\/it\/wp-json\/wp\/v2\/pages\/31138\/revisions\/31247"}],"wp:attachment":[{"href":"https:\/\/druckereisaas.ch\/it\/wp-json\/wp\/v2\/media?parent=31138"}],"curies":[{"name":"wp","href":"https:\/\/api.w.org\/{rel}","templated":true}]}}