

{"id":29149,"date":"2024-06-04T18:39:49","date_gmt":"2024-06-04T16:39:49","guid":{"rendered":"https:\/\/druckereisaas.ch\/?post_type=product&#038;p=29149"},"modified":"2024-06-04T18:39:53","modified_gmt":"2024-06-04T16:39:53","slug":"schneidmatte-45-x-30cm","status":"publish","type":"product","link":"https:\/\/druckereisaas.ch\/it\/prodotto\/schneidmatte-45-x-30cm\/","title":{"rendered":"Schneidmatte 45 x 30cm"},"content":{"rendered":"<p>CutMat &#8211; die praktische Unterlage f\u00fcr alle, die schneiden. Garantiert einen spurlosen, pr\u00e4zisen Schnitt. Sch\u00fctzt die Tischoberfl\u00e4che und Klingensch\u00e4rfe. In 3 mm \u201eSandwich Structure\u201c soft type.<\/p>","protected":false},"excerpt":{"rendered":"<p>Die praktische Unterlage zum schneiden, ist zugleich Schreibunterlage!<\/p>","protected":false},"featured_media":29179,"template":"","meta":{"_acf_changed":false,"_uag_custom_page_level_css":""},"product_brand":[],"product_cat":[30],"product_tag":[],"class_list":{"0":"post-29149","1":"product","2":"type-product","3":"status-publish","4":"has-post-thumbnail","6":"product_cat-zubehoer","7":"sales-flash-overlay","8":"woocommerce-text-align-center","9":"woocommerce-image-align-center","10":"do-quantity-buttons","12":"first","13":"instock","14":"taxable","15":"shipping-taxable","16":"purchasable","17":"product-type-simple"},"acf":[],"uagb_featured_image_src":{"full":["https:\/\/druckereisaas.ch\/wp-content\/uploads\/2024\/06\/Matte.jpg",515,515,false],"thumbnail":["https:\/\/druckereisaas.ch\/wp-content\/uploads\/2024\/06\/Matte-150x150.jpg",150,150,true],"medium":["https:\/\/druckereisaas.ch\/wp-content\/uploads\/2024\/06\/Matte-300x300.jpg",300,300,true],"medium_large":["https:\/\/druckereisaas.ch\/wp-content\/uploads\/2024\/06\/Matte.jpg",515,515,false],"large":["https:\/\/druckereisaas.ch\/wp-content\/uploads\/2024\/06\/Matte.jpg",515,515,false],"1536x1536":["https:\/\/druckereisaas.ch\/wp-content\/uploads\/2024\/06\/Matte.jpg",515,515,false],"2048x2048":["https:\/\/druckereisaas.ch\/wp-content\/uploads\/2024\/06\/Matte.jpg",515,515,false],"trp-custom-language-flag":["https:\/\/druckereisaas.ch\/wp-content\/uploads\/2024\/06\/Matte.jpg",12,12,false],"woocommerce_thumbnail":["https:\/\/druckereisaas.ch\/wp-content\/uploads\/2024\/06\/Matte-300x300.jpg",300,300,true],"woocommerce_single":["https:\/\/druckereisaas.ch\/wp-content\/uploads\/2024\/06\/Matte.jpg",515,515,false],"woocommerce_gallery_thumbnail":["https:\/\/druckereisaas.ch\/wp-content\/uploads\/2024\/06\/Matte-100x100.jpg",100,100,true]},"uagb_author_info":{"display_name":"ad-min-mys","author_link":"https:\/\/druckereisaas.ch\/it\/author\/"},"uagb_comment_info":0,"uagb_excerpt":"Die praktische Unterlage zum schneiden, ist zugleich Schreibunterlage!","_links":{"self":[{"href":"https:\/\/druckereisaas.ch\/it\/wp-json\/wp\/v2\/product\/29149","targetHints":{"allow":["GET"]}}],"collection":[{"href":"https:\/\/druckereisaas.ch\/it\/wp-json\/wp\/v2\/product"}],"about":[{"href":"https:\/\/druckereisaas.ch\/it\/wp-json\/wp\/v2\/types\/product"}],"wp:featuredmedia":[{"embeddable":true,"href":"https:\/\/druckereisaas.ch\/it\/wp-json\/wp\/v2\/media\/29179"}],"wp:attachment":[{"href":"https:\/\/druckereisaas.ch\/it\/wp-json\/wp\/v2\/media?parent=29149"}],"wp:term":[{"taxonomy":"product_brand","embeddable":true,"href":"https:\/\/druckereisaas.ch\/it\/wp-json\/wp\/v2\/product_brand?post=29149"},{"taxonomy":"product_cat","embeddable":true,"href":"https:\/\/druckereisaas.ch\/it\/wp-json\/wp\/v2\/product_cat?post=29149"},{"taxonomy":"product_tag","embeddable":true,"href":"https:\/\/druckereisaas.ch\/it\/wp-json\/wp\/v2\/product_tag?post=29149"}],"curies":[{"name":"wp","href":"https:\/\/api.w.org\/{rel}","templated":true}]}}