

{"id":32035,"date":"2026-01-19T13:01:57","date_gmt":"2026-01-19T12:01:57","guid":{"rendered":"https:\/\/druckereisaas.ch\/?post_type=product&#038;p=32035"},"modified":"2026-01-19T13:08:14","modified_gmt":"2026-01-19T12:08:14","slug":"mustermappe","status":"publish","type":"product","link":"https:\/\/druckereisaas.ch\/it\/prodotto\/mustermappe\/","title":{"rendered":"Mustermappe (Gratis)"},"content":{"rendered":"<p><strong data-start=\"109\" data-end=\"161\">Mustermappe \u2013 Materialien &amp; Sticker im \u00dcberblick<\/strong><br data-start=\"161\" data-end=\"164\" \/>Unsere Mustermappe enth\u00e4lt eine sorgf\u00e4ltig zusammengestellte Auswahl an <strong data-start=\"236\" data-end=\"291\">verschiedenen Stickern, Materialien und Oberfl\u00e4chen<\/strong>. Sie bietet Ihnen einen realistischen Eindruck von <strong data-start=\"343\" data-end=\"392\">Haptik, Qualit\u00e4t und Veredelungsm\u00f6glichkeiten<\/strong> und unterst\u00fctzt Sie optimal bei der Auswahl f\u00fcr Ihr Projekt. Ideal zur Inspiration, Entscheidungsfindung und Kundenpr\u00e4sentation.<\/p>","protected":false},"excerpt":{"rendered":"<p>Mustermappe \u2013 Materialien &amp; Sticker im \u00dcberblickUnsere Mustermappe enth\u00e4lt eine sorgf\u00e4ltig zusammengestellte Auswahl an verschiedenen Stickern, Materialien und Oberfl\u00e4chen. Sie bietet Ihnen einen realistischen Eindruck von Haptik, Qualit\u00e4t und Veredelungsm\u00f6glichkeiten und unterst\u00fctzt Sie optimal bei der Auswahl f\u00fcr Ihr Projekt. Ideal zur Inspiration, Entscheidungsfindung und Kundenpr\u00e4sentation.<\/p>","protected":false},"featured_media":32037,"template":"","meta":{"_acf_changed":false,"_uag_custom_page_level_css":""},"product_brand":[],"product_cat":[64],"product_tag":[],"class_list":{"0":"post-32035","1":"product","2":"type-product","3":"status-publish","4":"has-post-thumbnail","6":"product_cat-muster","7":"sales-flash-overlay","8":"woocommerce-text-align-center","9":"woocommerce-image-align-center","10":"do-quantity-buttons","12":"first","13":"instock","14":"taxable","15":"shipping-taxable","16":"purchasable","17":"product-type-simple"},"acf":[],"uagb_featured_image_src":{"full":["https:\/\/druckereisaas.ch\/wp-content\/uploads\/2026\/01\/Mustermappe-scaled.jpg",2560,1920,false],"thumbnail":["https:\/\/druckereisaas.ch\/wp-content\/uploads\/2026\/01\/Mustermappe-150x150.jpg",150,150,true],"medium":["https:\/\/druckereisaas.ch\/wp-content\/uploads\/2026\/01\/Mustermappe-300x225.jpg",300,225,true],"medium_large":["https:\/\/druckereisaas.ch\/wp-content\/uploads\/2026\/01\/Mustermappe-768x576.jpg",768,576,true],"large":["https:\/\/druckereisaas.ch\/wp-content\/uploads\/2026\/01\/Mustermappe-1024x768.jpg",1024,768,true],"1536x1536":["https:\/\/druckereisaas.ch\/wp-content\/uploads\/2026\/01\/Mustermappe-1536x1152.jpg",1536,1152,true],"2048x2048":["https:\/\/druckereisaas.ch\/wp-content\/uploads\/2026\/01\/Mustermappe-2048x1536.jpg",2048,1536,true],"trp-custom-language-flag":["https:\/\/druckereisaas.ch\/wp-content\/uploads\/2026\/01\/Mustermappe-16x12.jpg",16,12,true],"woocommerce_thumbnail":["https:\/\/druckereisaas.ch\/wp-content\/uploads\/2026\/01\/Mustermappe-300x300.jpg",300,300,true],"woocommerce_single":["https:\/\/druckereisaas.ch\/wp-content\/uploads\/2026\/01\/Mustermappe-600x450.jpg",600,450,true],"woocommerce_gallery_thumbnail":["https:\/\/druckereisaas.ch\/wp-content\/uploads\/2026\/01\/Mustermappe-100x100.jpg",100,100,true]},"uagb_author_info":{"display_name":"ad-min-mys","author_link":"https:\/\/druckereisaas.ch\/it\/author\/"},"uagb_comment_info":0,"uagb_excerpt":"Mustermappe \u2013 Materialien &amp; Sticker im \u00dcberblickUnsere Mustermappe enth\u00e4lt eine sorgf\u00e4ltig zusammengestellte Auswahl an verschiedenen Stickern, Materialien und Oberfl\u00e4chen. Sie bietet Ihnen einen realistischen Eindruck von Haptik, Qualit\u00e4t und Veredelungsm\u00f6glichkeiten und unterst\u00fctzt Sie optimal bei der Auswahl f\u00fcr Ihr Projekt. Ideal zur Inspiration, Entscheidungsfindung und Kundenpr\u00e4sentation.","_links":{"self":[{"href":"https:\/\/druckereisaas.ch\/it\/wp-json\/wp\/v2\/product\/32035","targetHints":{"allow":["GET"]}}],"collection":[{"href":"https:\/\/druckereisaas.ch\/it\/wp-json\/wp\/v2\/product"}],"about":[{"href":"https:\/\/druckereisaas.ch\/it\/wp-json\/wp\/v2\/types\/product"}],"wp:featuredmedia":[{"embeddable":true,"href":"https:\/\/druckereisaas.ch\/it\/wp-json\/wp\/v2\/media\/32037"}],"wp:attachment":[{"href":"https:\/\/druckereisaas.ch\/it\/wp-json\/wp\/v2\/media?parent=32035"}],"wp:term":[{"taxonomy":"product_brand","embeddable":true,"href":"https:\/\/druckereisaas.ch\/it\/wp-json\/wp\/v2\/product_brand?post=32035"},{"taxonomy":"product_cat","embeddable":true,"href":"https:\/\/druckereisaas.ch\/it\/wp-json\/wp\/v2\/product_cat?post=32035"},{"taxonomy":"product_tag","embeddable":true,"href":"https:\/\/druckereisaas.ch\/it\/wp-json\/wp\/v2\/product_tag?post=32035"}],"curies":[{"name":"wp","href":"https:\/\/api.w.org\/{rel}","templated":true}]}}